{"id":209,"date":"2019-11-21T13:48:38","date_gmt":"2019-11-21T13:48:38","guid":{"rendered":"https:\/\/kuati.fi\/kayttoohjeet\/"},"modified":"2019-11-21T13:48:39","modified_gmt":"2019-11-21T13:48:39","slug":"kayttoohjeet","status":"publish","type":"page","link":"https:\/\/kuati.fi\/ns\/kayttoohjeet\/","title":{"rendered":"K\u00e4ytt\u00f6ohjeet"},"content":{"rendered":"<p>[vc_row][vc_column width=&#8221;1\/1&#8243;][vc_empty_space empty_h=&#8221;3&#8243;][\/vc_column][\/vc_row][vc_row row_height_percent=&#8221;0&#8243; overlay_alpha=&#8221;50&#8243; gutter_size=&#8221;3&#8243; column_width_percent=&#8221;100&#8243; shift_y=&#8221;0&#8243; z_index=&#8221;0&#8243; top_divider=&#8221;pyramids&#8221;][vc_column width=&#8221;1\/4&#8243;][\/vc_column][vc_column width=&#8221;3\/4&#8243;][vc_column_text]<\/p>\n<div class=\"wysiwyg_content\">\n<h2>Ku\u00e1ti.fi k\u00e4ytt\u00f6ohjeet:<\/h2>\n<h3><strong>Ku\u00e1ti.fi-sivusto on kolmiportainen:<\/strong><\/h3>\n<ul>\n<li><strong>Introsivu, jossa kymmenen saamenpukuista lasta seisoo laavun edustalla<\/strong>\n<ul>\n<li>Introsivu toimii kielivalikkona<\/li>\n<li>Jokainen lapsi esittelee itsens\u00e4 puhekuplassa oman alueensa saamen kielell\u00e4<\/li>\n<li>Lasta klikkaamalla p\u00e4\u00e4see sis\u00e4lle laavuun<\/li>\n<\/ul>\n<\/li>\n<li><strong>Etusivu, jossa mummo ja lapsi ovat laavun sis\u00e4ll\u00e4 tulistelemassa<\/strong>\n<ul>\n<li>Lapsen puhekuplaa painamalla p\u00e4\u00e4see ohjesivustolle<\/li>\n<li>Mummon puhekuplaa painamalla p\u00e4\u00e4see suomenkieliselle sivustolle.<\/li>\n<li>Kiisan kautta p\u00e4\u00e4see suljetulle keskustelualueelle<\/li>\n<li>Sisnapussien kautta voi palata valitun saamen kielen etusivulle.<\/li>\n<li>Suomenkielisill\u00e4 sivuilla suomenkieliselle etusivulle p\u00e4\u00e4see suopungin kautta<\/li>\n<li>Mik\u00e4li haluaa palata introsivulle, tapahtuu se suopunkia painamalla (vain saamenkielisill\u00e4 sivuilla)<\/li>\n<li>Kuksista l\u00f6ytyy p\u00e4\u00e4valikko, joka on jaettu kuuteen aihealueeseen. Kuksaa painamalla p\u00e4\u00e4see valitun aihealueen alasivulle eli tuohisivulle<\/li>\n<\/ul>\n<\/li>\n<li><strong>Alasivu eli tuohisivu<\/strong>\n<ul>\n<li>Tuohisivu n\u00e4ytt\u00e4\u00e4 valitun p\u00e4\u00e4valikon alakategoriat. Esimerkiksi taiteet-p\u00e4\u00e4valikko on jaettu nelj\u00e4\u00e4n alakategoriaan, jotka ovat musiikki, tarinointi, liike ja leikki sek\u00e4 draama ja media. N\u00e4m\u00e4 on edelleen jaettu alavalikoihin, esimerkiksi tarinointi on jaettu tarinoihin, runoihin ja sananlaskuihin<\/li>\n<li>Materiaalin sis\u00e4lt\u00f6 on kerrottu lyhyesti infolaatikon sis\u00e4ll\u00e4<\/li>\n<li>Avoinna olevan materiaalin kielen voi vaihtaa ylh\u00e4\u00e4lt\u00e4 oikealta<\/li>\n<li>Materiaalia voi etsi\u00e4 vuodenajan mukaan valitsemalla haluttu vuodenaika vuodenaikaympyr\u00e4st\u00e4<\/li>\n<li>Materiaalia voi etsi\u00e4 my\u00f6s sanahaulla<\/li>\n<\/ul>\n<\/li>\n<\/ul>\n<h3><strong>Ku\u00e1ti.fi-sivuston materiaali:<\/strong><\/h3>\n<ul>\n<li>Sivuston tekstimateriaali on p\u00e4\u00e4s\u00e4\u00e4nt\u00f6isesti kolmella saamenkielell\u00e4, mutta videoita ja \u00e4\u00e4nitteit\u00e4 ei ole v\u00e4ltt\u00e4m\u00e4tt\u00e4 saatavilla kaikilla kolmella kielell\u00e4. T\u00e4ll\u00f6in asia on mainittu materiaalin infolaatikossa.<\/li>\n<li>Jotkin materiaalit l\u00f6ytyv\u00e4t my\u00f6s suomen kielell\u00e4<\/li>\n<li>Ladattavaan tekstimateriaaliin on merkitty kielitunnus\n<ul>\n<li>Pohjoissaamenkielisen materiaalin tunnus on\u00a0<strong>ds<\/strong><\/li>\n<li>Inarinsaamenkielisen materiaalin tunnus<strong>\u00a0ak<\/strong><\/li>\n<li>Koltansaamekielisen materiaalin tunnus\u00a0<strong>ns<\/strong><\/li>\n<li>Suomenkielisen materiaalin tunnus on\u00a0<strong>su<\/strong><\/li>\n<li>Esimerkiksi inarinsaamenkielinen mediaopas on merkitty ladattavaksi nimell\u00e4 ak_mediaopas ja vastaavasti koltansaamenkielinen opas nimell\u00e4 ns_mediaopas.<\/li>\n<\/ul>\n<\/li>\n<\/ul>\n<\/div>\n<p>[\/vc_column_text][\/vc_column][\/vc_row][vc_row][vc_column width=&#8221;1\/1&#8243;][vc_empty_space empty_h=&#8221;3&#8243;][\/vc_column][\/vc_row]<\/p>\n","protected":false},"excerpt":{"rendered":"<p>Lorem ipsum dolor sit amet, ut ipsum sententiae his, fugit ponderum suscipiantur id sea, alia possit suscipiantur et vix. Sed epicuri singulis cotidieque cu. Usu cu partiendo iudicabit maiestatis. Sea graeci petentium ei. Solum apeirian quo in, copiosae posidonium constituam ea sea.<\/p>\n","protected":false},"author":2,"featured_media":45,"parent":0,"menu_order":0,"comment_status":"closed","ping_status":"closed","template":"","meta":{"footnotes":""},"class_list":["post-209","page","type-page","status-publish","has-post-thumbnail","hentry"],"yoast_head":"<!-- This site is optimized with the Yoast SEO plugin v27.0 - https:\/\/yoast.com\/product\/yoast-seo-wordpress\/ -->\n<title>K\u00e4ytt\u00f6ohjeet - Ku\u00e1ti.fi<\/title>\n<meta name=\"robots\" content=\"index, follow, max-snippet:-1, max-image-preview:large, max-video-preview:-1\" \/>\n<link rel=\"canonical\" href=\"https:\/\/kuati.fi\/ns\/kayttoohjeet\/\" \/>\n<meta property=\"og:locale\" content=\"en_US\" \/>\n<meta property=\"og:type\" content=\"article\" \/>\n<meta property=\"og:title\" content=\"K\u00e4ytt\u00f6ohjeet - Ku\u00e1ti.fi\" \/>\n<meta property=\"og:description\" content=\"Lorem ipsum dolor sit amet, ut ipsum sententiae his, fugit ponderum suscipiantur id sea, alia possit suscipiantur et vix. Sed epicuri singulis cotidieque cu. Usu cu partiendo iudicabit maiestatis. Sea graeci petentium ei. Solum apeirian quo in, copiosae posidonium constituam ea sea.\" \/>\n<meta property=\"og:url\" content=\"https:\/\/kuati.fi\/ns\/kayttoohjeet\/\" \/>\n<meta property=\"og:site_name\" content=\"Ku\u00e1ti.fi\" \/>\n<meta property=\"article:modified_time\" content=\"2019-11-21T13:48:39+00:00\" \/>\n<meta property=\"og:image\" content=\"https:\/\/kuati.fi\/wp-content\/uploads\/2019\/11\/oviaukko.png\" \/>\n\t<meta property=\"og:image:width\" content=\"459\" \/>\n\t<meta property=\"og:image:height\" content=\"530\" \/>\n\t<meta property=\"og:image:type\" content=\"image\/png\" \/>\n<meta name=\"twitter:card\" content=\"summary_large_image\" \/>\n<meta name=\"twitter:label1\" content=\"Est. reading time\" \/>\n\t<meta name=\"twitter:data1\" content=\"2 minutes\" \/>\n<script type=\"application\/ld+json\" class=\"yoast-schema-graph\">{\"@context\":\"https:\/\/schema.org\",\"@graph\":[{\"@type\":\"WebPage\",\"@id\":\"https:\/\/kuati.fi\/ns\/kayttoohjeet\/\",\"url\":\"https:\/\/kuati.fi\/ns\/kayttoohjeet\/\",\"name\":\"K\u00e4ytt\u00f6ohjeet - Ku\u00e1ti.fi\",\"isPartOf\":{\"@id\":\"https:\/\/kuati.fi\/ns\/#website\"},\"primaryImageOfPage\":{\"@id\":\"https:\/\/kuati.fi\/ns\/kayttoohjeet\/#primaryimage\"},\"image\":{\"@id\":\"https:\/\/kuati.fi\/ns\/kayttoohjeet\/#primaryimage\"},\"thumbnailUrl\":\"https:\/\/kuati.fi\/wp-content\/uploads\/2019\/11\/oviaukko.png\",\"datePublished\":\"2019-11-21T13:48:38+00:00\",\"dateModified\":\"2019-11-21T13:48:39+00:00\",\"breadcrumb\":{\"@id\":\"https:\/\/kuati.fi\/ns\/kayttoohjeet\/#breadcrumb\"},\"inLanguage\":\"ns\",\"potentialAction\":[{\"@type\":\"ReadAction\",\"target\":[\"https:\/\/kuati.fi\/ns\/kayttoohjeet\/\"]}]},{\"@type\":\"ImageObject\",\"inLanguage\":\"ns\",\"@id\":\"https:\/\/kuati.fi\/ns\/kayttoohjeet\/#primaryimage\",\"url\":\"https:\/\/kuati.fi\/wp-content\/uploads\/2019\/11\/oviaukko.png\",\"contentUrl\":\"https:\/\/kuati.fi\/wp-content\/uploads\/2019\/11\/oviaukko.png\",\"width\":459,\"height\":530},{\"@type\":\"BreadcrumbList\",\"@id\":\"https:\/\/kuati.fi\/ns\/kayttoohjeet\/#breadcrumb\",\"itemListElement\":[{\"@type\":\"ListItem\",\"position\":1,\"name\":\"Home\",\"item\":\"https:\/\/kuati.fi\/ns\/etusivu-2\/\"},{\"@type\":\"ListItem\",\"position\":2,\"name\":\"K\u00e4ytt\u00f6ohjeet\"}]},{\"@type\":\"WebSite\",\"@id\":\"https:\/\/kuati.fi\/ns\/#website\",\"url\":\"https:\/\/kuati.fi\/ns\/\",\"name\":\"Ku\u00e1ti.fi\",\"description\":\"Saamelaisk\u00e4r\u00e4j\u00e4t - Sarkaste hanke\",\"publisher\":{\"@id\":\"https:\/\/kuati.fi\/ns\/#organization\"},\"potentialAction\":[{\"@type\":\"SearchAction\",\"target\":{\"@type\":\"EntryPoint\",\"urlTemplate\":\"https:\/\/kuati.fi\/ns\/?s={search_term_string}\"},\"query-input\":{\"@type\":\"PropertyValueSpecification\",\"valueRequired\":true,\"valueName\":\"search_term_string\"}}],\"inLanguage\":\"ns\"},{\"@type\":\"Organization\",\"@id\":\"https:\/\/kuati.fi\/ns\/#organization\",\"name\":\"Ku\u00e1ti.fi\",\"url\":\"https:\/\/kuati.fi\/ns\/\",\"logo\":{\"@type\":\"ImageObject\",\"inLanguage\":\"ns\",\"@id\":\"https:\/\/kuati.fi\/ns\/#\/schema\/logo\/image\/\",\"url\":\"https:\/\/kuati.fi\/wp-content\/uploads\/2019\/11\/Kuati-logo-full.png\",\"contentUrl\":\"https:\/\/kuati.fi\/wp-content\/uploads\/2019\/11\/Kuati-logo-full.png\",\"width\":673,\"height\":410,\"caption\":\"Ku\u00e1ti.fi\"},\"image\":{\"@id\":\"https:\/\/kuati.fi\/ns\/#\/schema\/logo\/image\/\"}}]}<\/script>\n<!-- \/ Yoast SEO plugin. -->","yoast_head_json":{"title":"K\u00e4ytt\u00f6ohjeet - Ku\u00e1ti.fi","robots":{"index":"index","follow":"follow","max-snippet":"max-snippet:-1","max-image-preview":"max-image-preview:large","max-video-preview":"max-video-preview:-1"},"canonical":"https:\/\/kuati.fi\/ns\/kayttoohjeet\/","og_locale":"en_US","og_type":"article","og_title":"K\u00e4ytt\u00f6ohjeet - Ku\u00e1ti.fi","og_description":"Lorem ipsum dolor sit amet, ut ipsum sententiae his, fugit ponderum suscipiantur id sea, alia possit suscipiantur et vix. Sed epicuri singulis cotidieque cu. Usu cu partiendo iudicabit maiestatis. Sea graeci petentium ei. Solum apeirian quo in, copiosae posidonium constituam ea sea.","og_url":"https:\/\/kuati.fi\/ns\/kayttoohjeet\/","og_site_name":"Ku\u00e1ti.fi","article_modified_time":"2019-11-21T13:48:39+00:00","og_image":[{"width":459,"height":530,"url":"https:\/\/kuati.fi\/wp-content\/uploads\/2019\/11\/oviaukko.png","type":"image\/png"}],"twitter_card":"summary_large_image","twitter_misc":{"Est. reading time":"2 minutes"},"schema":{"@context":"https:\/\/schema.org","@graph":[{"@type":"WebPage","@id":"https:\/\/kuati.fi\/ns\/kayttoohjeet\/","url":"https:\/\/kuati.fi\/ns\/kayttoohjeet\/","name":"K\u00e4ytt\u00f6ohjeet - Ku\u00e1ti.fi","isPartOf":{"@id":"https:\/\/kuati.fi\/ns\/#website"},"primaryImageOfPage":{"@id":"https:\/\/kuati.fi\/ns\/kayttoohjeet\/#primaryimage"},"image":{"@id":"https:\/\/kuati.fi\/ns\/kayttoohjeet\/#primaryimage"},"thumbnailUrl":"https:\/\/kuati.fi\/wp-content\/uploads\/2019\/11\/oviaukko.png","datePublished":"2019-11-21T13:48:38+00:00","dateModified":"2019-11-21T13:48:39+00:00","breadcrumb":{"@id":"https:\/\/kuati.fi\/ns\/kayttoohjeet\/#breadcrumb"},"inLanguage":"ns","potentialAction":[{"@type":"ReadAction","target":["https:\/\/kuati.fi\/ns\/kayttoohjeet\/"]}]},{"@type":"ImageObject","inLanguage":"ns","@id":"https:\/\/kuati.fi\/ns\/kayttoohjeet\/#primaryimage","url":"https:\/\/kuati.fi\/wp-content\/uploads\/2019\/11\/oviaukko.png","contentUrl":"https:\/\/kuati.fi\/wp-content\/uploads\/2019\/11\/oviaukko.png","width":459,"height":530},{"@type":"BreadcrumbList","@id":"https:\/\/kuati.fi\/ns\/kayttoohjeet\/#breadcrumb","itemListElement":[{"@type":"ListItem","position":1,"name":"Home","item":"https:\/\/kuati.fi\/ns\/etusivu-2\/"},{"@type":"ListItem","position":2,"name":"K\u00e4ytt\u00f6ohjeet"}]},{"@type":"WebSite","@id":"https:\/\/kuati.fi\/ns\/#website","url":"https:\/\/kuati.fi\/ns\/","name":"Ku\u00e1ti.fi","description":"Saamelaisk\u00e4r\u00e4j\u00e4t - Sarkaste hanke","publisher":{"@id":"https:\/\/kuati.fi\/ns\/#organization"},"potentialAction":[{"@type":"SearchAction","target":{"@type":"EntryPoint","urlTemplate":"https:\/\/kuati.fi\/ns\/?s={search_term_string}"},"query-input":{"@type":"PropertyValueSpecification","valueRequired":true,"valueName":"search_term_string"}}],"inLanguage":"ns"},{"@type":"Organization","@id":"https:\/\/kuati.fi\/ns\/#organization","name":"Ku\u00e1ti.fi","url":"https:\/\/kuati.fi\/ns\/","logo":{"@type":"ImageObject","inLanguage":"ns","@id":"https:\/\/kuati.fi\/ns\/#\/schema\/logo\/image\/","url":"https:\/\/kuati.fi\/wp-content\/uploads\/2019\/11\/Kuati-logo-full.png","contentUrl":"https:\/\/kuati.fi\/wp-content\/uploads\/2019\/11\/Kuati-logo-full.png","width":673,"height":410,"caption":"Ku\u00e1ti.fi"},"image":{"@id":"https:\/\/kuati.fi\/ns\/#\/schema\/logo\/image\/"}}]}},"_links":{"self":[{"href":"https:\/\/kuati.fi\/ns\/wp-json\/wp\/v2\/pages\/209","targetHints":{"allow":["GET"]}}],"collection":[{"href":"https:\/\/kuati.fi\/ns\/wp-json\/wp\/v2\/pages"}],"about":[{"href":"https:\/\/kuati.fi\/ns\/wp-json\/wp\/v2\/types\/page"}],"author":[{"embeddable":true,"href":"https:\/\/kuati.fi\/ns\/wp-json\/wp\/v2\/users\/2"}],"replies":[{"embeddable":true,"href":"https:\/\/kuati.fi\/ns\/wp-json\/wp\/v2\/comments?post=209"}],"version-history":[{"count":0,"href":"https:\/\/kuati.fi\/ns\/wp-json\/wp\/v2\/pages\/209\/revisions"}],"wp:featuredmedia":[{"embeddable":true,"href":"https:\/\/kuati.fi\/ns\/wp-json\/wp\/v2\/media\/45"}],"wp:attachment":[{"href":"https:\/\/kuati.fi\/ns\/wp-json\/wp\/v2\/media?parent=209"}],"curies":[{"name":"wp","href":"https:\/\/api.w.org\/{rel}","templated":true}]}}