{"id":191,"date":"2019-11-21T13:10:14","date_gmt":"2019-11-21T13:10:14","guid":{"rendered":"https:\/\/kuati.fi\/sa%ca%b9mmlaz-ouddpeamm\/"},"modified":"2022-08-19T11:39:10","modified_gmt":"2022-08-19T08:39:10","slug":"sa%ca%b9mmlaz-ouddpeamm","status":"publish","type":"page","link":"https:\/\/kuati.fi\/ns\/sa%ca%b9mmlaz-ouddpeamm\/","title":{"rendered":"S\u00e4\u02b9mmla\u017e ouddpe\u00e2mm"},"content":{"rendered":"<p>[vc_row][vc_column width=&#8221;1\/1&#8243;][vc_empty_space empty_h=&#8221;3&#8243;][\/vc_column][\/vc_row][vc_row row_height_percent=&#8221;0&#8243; overlay_alpha=&#8221;50&#8243; gutter_size=&#8221;3&#8243; column_width_percent=&#8221;100&#8243; shift_y=&#8221;0&#8243; z_index=&#8221;0&#8243; top_divider=&#8221;pyramids&#8221;][vc_column width=&#8221;1\/4&#8243;][\/vc_column][vc_column width=&#8221;3\/4&#8243;][vc_custom_heading]<\/p>\n<h2><strong>Info:<\/strong><\/h2>\n<p>[\/vc_custom_heading][vc_column_text]S\u00e4\u00e4\u02b9m\u01e9i\u00f5llsaz ouddpe\u00e2mmju\u00e2\u01e5\u01e5t\u00f5\u00f5zzin \u00e2\u00e2\u02b9nnet koumm L\u00e4\u00e4\u02b9dj\u00e2nnmest ma\u02b9innstum s\u00e4\u00e4\u02b9m\u01e9i\u00f5l: aanr\u00f5\u0161\u01e9i\u00f5l, nu\u00f5rtts\u00e4\u00e4m\u01e9i\u00f5l da t\u00e2\u02b9vvs\u00e4\u00e4\u02b9m\u01e9i\u00f5l. Pei\u02b9vvpaai\u01e9in ta\u02b9rjjeet s\u00e4\u00e4\u02b9m\u01e9i\u00f5lls\u00e2\u0161 ouddpe\u00e2mm jie\u02b9nn\u01e9i\u00f5ll\u00e2n s\u00e4\u00e4\u02b9m\u01e9i\u00f5l s\u00e4\u02b9rnnai p\u00e4\u00e4rnaid. \u01e8i\u00f5llpie\u02b9zzin \u01e5\u00f5s vaarvu\u00e2la\u017e \u01e9i\u00f5l da kulttuur m\u00e4ttjumuuzz je\u00e4\u02b9lltet \u01e9i\u00f5ll-laau\u01e5 nalla. T\u00e4\u00e4vt\u00f5ss\u00e2n lij, \u0161t\u00f5 di jie\u02b9nn\u01e9i\u00f5llsa\u017e- da \u01e9i\u00f5llpie\u02b9zzp\u00e4\u00e4\u02b9rn\u00e2in \u0161a\u02b9dde pu\u00f5ttivu\u00f5\u0111\u00e2st s\u00e4\u00e4mki\u00f5l siirdi.[\/vc_column_text][vc_custom_heading]<\/p>\n<h2><strong>S\u00e4\u00e4\u02b9m\u01e9i\u00f5llsa\u017e ouddpe\u00e2mm s\u00e4\u00e4\u02b9mvuu\u02b9dest<\/strong><\/h2>\n<p>[\/vc_custom_heading][vc_column_text]S\u00e4\u00e4\u02b9m\u01e9i\u00f5l da kulttuur regsm\u00e2\u02b9tti toi\u02b9mmjummu\u0161 ri\u00e2\u017e\u017e\u00e2t s\u00e4\u00e4\u02b9mvuu\u02b9d k\u00e5\u00e5\u02b9ddi ouddpe\u00e2mmju\u00e2kksin:<\/p>\n<p><strong>Je\u00e4n\u00f5\u00f5\u01e5\u01e5 k\u00e5\u00e5\u02b9ddest:<\/strong> T\u00e2\u02b9vvs\u00e4\u00e4\u02b9m\u01e9i\u00f5llsa\u017e joukk Miessi, Hetta t\u00e2\u02b9vvs\u00e4\u00e4\u02b9m\u01e9i\u00f5llsa\u017e \u01e9i\u00f5llpie\u02b9ss, Kares\u00e2vvan t\u00e2\u02b9vvs\u00e4\u00e4\u02b9m\u01e9i\u00f5llsa\u017e vu\u00f5ss-\u0161kooul L\u00e1vvu<\/p>\n<p><strong>Aanar k\u00e5\u00e5\u02b9ddest: <\/strong>Aanars\u00e4\u00e4\u02b9m\u01e9i\u00f5l \u01e9i\u00f5llpie\u02b9zz Pi\u00e4ju, Pierv\u00e2l da Ku\u00e1ti, nu\u00f5rtts\u00e4\u00e4\u02b9m\u01e9i\u00f5l \u01e9i\u00f5llpie\u02b9zz Pe\u2019sser da Kuusk\u00f5\u00f5zz, Aanar pei\u02b9vvp\u00e4\u00e4i\u02b9\u01e9 t\u00e2\u02b9vvs\u00e4\u00e4\u02b9m\u01e9i\u00f5llsa\u017e joukk Urbi da \u00c2\u02b9vvel pei\u02b9vvp\u00e4\u00e4i\u02b9\u01e9 t\u00e2\u02b9vvs\u00e4\u00e4\u02b9m\u01e9i\u00f5llsa\u017e joukk N\u00e1sti<\/p>\n<p><strong>Su\u00e4\u02b9\u0111jel k\u00e5\u00e5\u02b9ddest:<\/strong> T\u00e2\u02b9vvs\u00e4\u00e4\u02b9m\u01e9i\u00f5llsa\u017e \u01e9i\u00f5llpie\u02b9ss Biedju Vu\u00f5ccust da t\u00e2\u02b9vvs\u00e4\u00e4\u02b9m\u01e9i\u00f5llsa\u017e \u01e9i\u00f5llpie\u02b9ss Muohta\u010dalbmi Su\u00e4\u02b9\u0111jlest<\/p>\n<p><strong>Uccjoo\u01e5\u01e5 k\u00e5\u00e5\u02b9ddest:<\/strong> Karigasnjaar\u01e5 t\u00e2\u02b9vvs\u00e4\u00e4\u02b9m\u01e9i\u00f5llsa\u017e pei\u02b9vvp\u00e4i\u02b9\u01e9\u01e9, Karigasnjaar\u01e5 t\u00e2\u02b9vvs\u00e4\u00e4\u02b9m\u01e9i\u00f5l \u01e9i\u00f5llpie\u02b9ss, Uccjoo\u01e5\u01e5 pei\u02b9vvp\u00e4\u00e4i\u02b9\u01e9 t\u00e2\u02b9vvs\u00e4\u00e4\u02b9m\u01e9i\u00f5llsa\u017e ju\u00e2\u01e5\u01e5as Duottaraski, Uccjoo\u01e5\u01e5 t\u00e2\u02b9vvs\u00e4\u00e4\u02b9m\u01e9i\u00f5llsa\u017e \u01e9i\u00f5llpie\u02b9ss, Nuorggam t\u00e2\u02b9vvs\u00e4\u00e4\u02b9m\u01e9i\u00f5llsa\u017e \u01e9i\u00f5llpie\u02b9ss<\/p>\n<p>&nbsp;<\/p>\n<p>&nbsp;<\/p>\n<p>[\/vc_column_text][\/vc_column][\/vc_row][vc_row][vc_column width=&#8221;1\/4&#8243;][\/vc_column][vc_column width=&#8221;3\/4&#8243;][vc_custom_heading]<\/p>\n<h2>Ouddpe\u00e2mmplaan<\/h2>\n<p>[\/vc_custom_heading][vc_column_text]S\u00e4\u02b9mmla\u017e ouddpe\u00e2mmast ji\u00f5\u010d\u010dnall\u0161emvu\u00f5\u0111 lie \u01e9i\u00f5ll, kulttuur, \u00e4\u02b9rbbte\u00e2\u0111, soo\u01e5\u01e5 da lu\u00e2\u0111 lokku v\u00e4lddm\u00f5\u0161 di t\u00f5\u00f5i se\u02b9rddm\u00f5\u0161 p\u00e4\u00e4rnaid, \u0161t\u00f5 p\u00e4\u00e4rnain \u0161\u00f5\u00f5dd\u010de n\u00f5\u00f5n s\u00e4\u02b9mmla\u017e identitee\u02b9t vu\u00e4msteei da \u01e9i\u00f5l da kulttuur sirddi.<\/p>\n<p><strong>S\u00e4\u02b9mmla\u017e ouddpe\u00e2mmplaan o\u02b9hjjee:<\/strong><\/p>\n<ul>\n<li>v\u00e4\u02b9lddk\u00e5\u00e5ddla\u017e ouddpe\u00e2mmplaan (Ouddpe\u00e2mmplaan vu\u00e2\u00e2\u0111)<\/li>\n<li>s\u00e4\u02b9mmla\u017e ouddpe\u00e2mmplaan (k\u00e5\u02b9ddpu\u00e5\u0111la\u017e ouddpe\u00e2mmplaan)<\/li>\n<\/ul>\n<p>Ouddpe\u00e2mmplaan vu\u00e2\u00e2\u0111 o\u02b9hjjee ouddpe\u00e2m siiskla\u017e te\u00e2uddm\u00f5\u00f5\u017e\u017e da k\u00e5\u00e5ddi ouddpe\u00e2mmplaani raajjm\u00f5\u00f5zz v\u00e4\u02b9lddk\u00e5\u02b9ddl\u00e2ud. Vu\u00e2\u0111ai t\u00e4\u00e4vt\u00f5ss\u00e2n lij \u00f5\u00f5udeed ouddpe\u00e2m \u00f5\u00f5utve\u00e4rddsaz \u0161\u00f5ddm\u00f5\u00f5zz pirr L\u00e4\u00e4\u02b9ddj\u00e2nnam. S\u00e4\u02b9mmla\u017e ouddpe\u00e2mmplaan tiuddad v\u00e4\u02b9lddk\u00e5\u00e5ddla\u017e \u00a0o\u02b9hjjummuu\u017e da t\u00f5n si\u00e2zzt\u00f5\u00f5l\u00e2t \u00e2\u00e2\u02b9nned ju\u00f5\u01e9\u01e9 \u00e5\u02b9rnn L\u00e4\u00e4\u02b9ddjannmest s\u00e4\u00e4\u02b9m\u01e9i\u00f5llsa\u017e pei\u02b9vvhoi\u02b9ddtooimin. S\u00e4\u00e4\u02b9m\u01e9i\u00f5llsai ouddpe\u00e2mm\u00f5htt\u00f5\u00f5\u01e5\u01e5i \u00f5htt\u00f5kpu\u00f5tt\u0111la\u017e plaanid raajat v\u00e4\u02b9lddk\u00e5\u00e5ddla\u017e da s\u00e4\u02b9mmla\u017e ouddpe\u00e2mmplaan vu\u00e2dald. \u00d5htt\u00f5\u00f5\u01e5\u01e5 ouddpe\u00e2mmplaanast puu\u02b9tet \u00f5u\u02b9dde \u00f5htt\u00f5\u00f5\u01e5\u01e5 ouddpe\u00e2m le\u02b9be hoiddm\u00f5\u00f5zz, \u0161\u00f5ddeem da m\u00e4tt\u02bct\u00f5\u00f5zz obbvu\u00f5\u0111 vue\u02b9l\u01e7\u01e7ems\u00f5\u00f5jid di t\u00f5\u00f5i te\u00e2uddjummu\u0161 aar\u01e5 \u0161\u00f5ddeemvue\u02b9jjin. T\u00f5\u02b9st pu\u00e4tte \u00f5u\u02b9dde \u0161e vuu\u02b9d le\u02b9be \u00f5htt\u00f5\u00f5\u01e5\u01e5 jii\u02b9jjesnall\u0161emvu\u00f5\u0111 da te\u00e4\u02b9ddt\u00f5\u00f5zz. \u0160e jee\u02b9res k\u00e4\u00e4zzk\u00f5snaa\u02b9li tar\u01e9\u01e9\u00e2sttum t\u00e4\u00e4vt\u00f5\u00f5zz \u01e9ee\u02b9rjt\u00e2\u02b9vve \u00f5htt\u00f5ks\u00e2\u02b9jjsa\u017e plaa\u02b9ne.<\/p>\n<p>Pe\u00e2mmkueimmvu\u00f5tt lij \u00f5htt v\u00e4\u00e4\u017enjumm\u0161in aa\u02b9\u0161\u0161in s\u00e4\u00e4\u02b9m\u01e9i\u00f5llsa\u017e ouddpe\u00e2mmast. Pe\u00e2mmkueimmvu\u00f5tt lij k\u00f5skkvu\u00f5tt, ko\u02b9st tuejjla, pu\u00e4rraz da p\u00e4\u00e4rna pe\u00e2mmvu\u00f5\u02b9tte vu\u00e4ss\u00f5\u00f5tti oummu tie\u0111ee\u02b9l \u010d\u00f5nn\u00e2\u02b9tte p\u00e4\u00e4rna \u0161\u00f5dd\u00e2m, \u00f5uddnem da m\u00e4ttjem tu\u00e4rrjjumm\u0161a. \u00d5u\u02b9ddel p\u00e4\u00e4rna hoi\u02b9ddk\u00f5skkvu\u00f5\u0111 \u00e4\u02b9l\u01e7\u01e7em \u00e2\u00e2\u02b9net a\u02b9ltt\u00f5ssa\u01e5\u01e5st\u00f5\u00f5llm\u00f5\u0161 p\u00e4\u00e4rna p\u00e4\u00e4i\u01e9est le\u02b9be hoi\u02b9dds\u00e2\u00e2\u02b9jest.<\/p>\n<h3><strong>Ouddpe\u00e2mmplaan<\/strong><\/h3>\n<p>M\u00e5\u00e5\u017ena p\u00e4\u00e4rna p\u00e4\u00e4i\u01e9est je\u00e4\u02b9llm\u00f5\u0161 lij vu\u00f5ssm\u00f5s vue\u02b9ss ouddpe\u00e2mmplaan le\u02b9be obp. P\u00e4\u00e4rna persoonla\u017e obp raaj\u00e2t 1-2 mp \u01e9ee\u00b4jjest hooi\u02b9d altte\u00b4mmest. Obp vu\u00e2\u0111\u0111an lij tuejjlai vu\u00e2mm\u0161\u00f5\u00f5zz p\u00e4\u00e4rnest hoi\u02b9dds\u00e2\u00e2\u02b9jest da pu\u00e4rrsi vu\u00e2mm\u0161\u00f5\u00f5zz p\u00e4\u00e4i\u01e9est. Ju\u00f5\u02b9\u01e9\u01e9 e\u02b9kksa\u017e tu\u00e5immplaan raaj\u00e2t \u00f5uutve\u00e4kka\u00a0\u00a0 pu\u00e4rrsivui\u02b9m, koon m\u00e2\u014b\u014ba p\u00e4rnnpu\u00f5\u0111la\u017e ouddpe\u00e2mmplaan v\u00e4\u00e4\u02b9ldet lokku da t\u00f5in h\u00e4mm\u00e2\u00e2vv \u00f5htt\u00f5kpu\u00f5\u0111la\u017e ouddpe\u00e2mmplaan, koo\u02b9t o\u02b9hjjai \u00f5htt\u00f5\u00f5\u01e5\u01e5 jiijj\u00e2s toimmjummuu\u017e.<\/p>\n<p>Pei\u02b9vvhoo\u02b9id ooccm\u00f5\u0161lomaakk k\u00e4unnje k\u00e5\u00e5\u02b9ddi seeidain, pei\u02b9vvhoi\u02b9ddkoontrin da hoi\u02b9dds\u00e2\u00e2\u02b9jj\u00f5htt\u00f5\u00f5\u01e5\u01e5in. Pei\u02b9vvhoi\u02b9ddm\u00e4\u00e4us me\u00e4\u02b9rt\u00e2\u02b9vve ouddpe\u00e2mm \u00e4\u00e4\u02b9\u0161\u0161la\u017em\u00e4hssl\u00e4\u00e4\u02b9jj mieldd.\u00a0Laki varhaiskasvatuksen asiakasmaksuista tuli\u00a0 voimaan 1.3.2017.<\/p>\n<h3><strong>S\u00e4\u00e4\u02b9m\u01e9i\u00f5llsa\u017e ouddpe\u00e2mmplaan o\u02b9hjjeei \u00e4\u02b9\u0161\u0161\u01e9eerj:<\/strong><\/h3>\n<p><strong>Ouddpe\u00e2mmplaan vu\u00e2\u00e2\u0111<\/strong><\/p>\n<p><a title=\"Varhaiskasvatussuunnitelman perusteet\" href=\"https:\/\/eperusteet.opintopolku.fi\/#\/fi\/varhaiskasvatus\/1266381\/tiedot\">https:\/\/eperusteet.opintopolku.fi\/#\/fi\/varhaiskasvatus\/1266381\/tiedot<\/a><\/p>\n<p><strong>S\u00e4\u02b9mmla\u017e ouddpe\u00e2mmplaan:<br \/>\n<\/strong><a href=\"http:\/\/www.samediggi.fi\/index.php?option=com_content&amp;task=view&amp;id=45&amp;Itemid=123&amp;lang=finnish\">http:\/\/www.samediggi.fi\/index.php?option=com_content&amp;task=view&amp;id=45&amp;Itemid=123&amp;lang=finnish<\/a><\/p>\n<p><strong>Ouddpe\u00e2mm li\u02b9nnjeei \u00e4\u02b9\u0161\u0161\u01e9ee\u02b9rj da plaan:<br \/>\n<\/strong><a href=\"http:\/\/www.oph.fi\/saadokset_ja_ohjeet\/lainsaadanto\/varhaiskasvatus\">http:\/\/www.oph.fi\/saadokset_ja_ohjeet\/lainsaadanto\/varhaiskasvatus<\/a>[\/vc_column_text][\/vc_column][\/vc_row][vc_row][vc_column width=&#8221;1\/4&#8243;][\/vc_column][vc_column width=&#8221;3\/4&#8243;][vc_custom_heading]<\/p>\n<h2><strong>M\u00c1NNU S\u00c4\u02b9MMLA\u017d P\u00c4\u00c4RN\u00c4IKULTTUURK\u00d5\u00d5SK\u00d5S<\/strong><\/h2>\n<p>[\/vc_custom_heading][vc_column_text]<br \/>\n<strong>T\u00e4\u00e4vt\u00f5\u00f5zz:\u00a0 \u00a0 \u00a0 \u00a0 \u00a0 \u00a0 \u00a0<\/strong><\/p>\n<ul>\n<li>l\u00e2\u00e2\u02b9zzted p\u00e4\u00e4rnai da nu\u00f5ri jiijj\u00e2s kulttuur tobddm\u00f5\u00f5\u017e\u017e<\/li>\n<li>u\u02bcvdded p\u00e4\u00e4rn\u017ee da nu\u00f5rrooum\u017ee vu\u00e4ittm\u00f5\u00f5\u017e\u017eid m\u00e4\u02b9ttjed tobddad\u00a0 \u00e4\u02b9rbbvu\u00f5\u0111te\u00e2\u0111aid da \u2013t\u00e4\u00e4idaid<\/li>\n<li>raaveed da tu\u00e4rjjeed p\u00e4\u00e4rn\u00e4i \u2013 da nu\u00f5ri s\u00e4\u00e4\u02b9m\u01e9i\u00f5l \u00f5uddnem<\/li>\n<li>l\u00e2\u00e2\u02b9zzted jee\u02b9resna\u02b9ll\u0161em kulttur\u00e4\u00e4\u02b9rbi cii\u02b9st\u00e2st \u00e2\u00e2\u02b9nnem da \u00f5uddnem<\/li>\n<li>ta\u02b9rjjeed t\u00e4\u00e4vt\u00f5sjou\u02b9\u01e9\u01e9e vu\u00e4ittm\u00f5\u00f5\u0161\u0161id jiijj\u00e2snall\u0161emvu\u00f5\u0111 m\u00e4\u00e4ngpe\u00e4llsa\u017e \u00f5\u00f5ud\u00e2sviikkm\u00f5\u02b9\u0161\u0161e<\/li>\n<li>j\u00e5\u00e5\u02b9\u0111ted p\u00e4\u00e4\u02b9rnaid da nu\u00f5rid jee\u02b9rsnall\u0161em \u010de\u00e4pp\u00f5svu\u00f5\u0111i \u00e4\u00e4rvast \u00e2\u00e2nnm\u00f5\u0161\u0161e<\/li>\n<li>\u00f5\u00f5u\u02b9deed kulttur- da \u010de\u00e4ppvu\u00f5tt\u0161\u00f5ddeem s\u00e4\u00e4\u02b9mvuu\u02b9dest<\/li>\n<li>s\u00e4\u00e4\u02b9mp\u00e4\u00e4rnai da\u00a0 -nu\u00f5ri pu\u00e2rastpi\u02b9r\u01e7\u01e7umuu\u017e\u017e st\u00e2\u00e2nnm\u00f5\u0161<\/li>\n<li>\u00f5httsa\u017etue\u02b9j \u00f5\u00f5udumu\u0161 p\u00e4\u00e4ikla\u017e da vooudla\u017e tu\u00e5immjeeji k\u00f5\u00f5sk\u00e2ld<\/li>\n<li>ju\u00e4\u02b9t\u01e9\u01e9ed \u00f5httsalla\u0161vu\u00f5\u0111 \u0161kooul da saa\u02b9mi k\u00f5\u00f5sk\u00e2ld<\/li>\n<\/ul>\n<p><strong>T\u00e4\u00e4vt\u00f5sjoukk:\u00a0<\/strong>S\u00e4\u00e4\u02b9mvuu\u02b9vd vu\u00e2lla 18-\u00e2kksa p\u00e4\u00e4rna da nu\u00f5r<\/p>\n<p>M\u00e1nnu tu\u00e5im siisk\u00e2\u017evuu\u02b9d lie:\u00a0<strong>s\u00e4\u02b9mmla mainn\u00e2z, laulli, ju\u00f5i\u02b9\u01e5, si\u00f5r, reeis, \u00e4\u02b9rbbporrm\u00f5\u00f5\u017e\u017e da kartt\u010de\u00e4\u02b9pp\u00f5s.<\/strong>\u00a0Tu\u00e5immee\u02b9jj aalg\u00e2st p\u00e4\u00e4rn\u00e4ikulttuurk\u00f5\u00f5sk\u00f5\u00f5zz t\u00e4\u00e4\u02b9r\u01e9es plaanjumuu\u017e\u017e raaj\u00e2t da puk koumm s\u00e4\u00e4\u02b9m\u01e9i\u00f5lljoouk v\u00e4\u00e4\u02b9ldet lokku plaanjumuuzz\u00e2st.<\/p>\n<p>Tu\u00f5ivvjid le\u02b9be e\u02b9t\u01e9\u00f5\u00f5zzid vu\u00e4itt \u00f5u\u02b9ddepuhtted vu\u00f5i\u02b9\u01e7\u01e7est tu\u00e5imj\u00e5\u00e5\u0111tejja. M\u00e1nnu tu\u00e5im te\u00e4ggad M\u00e4tt\u02c8t\u00f5s- da kulttuurministeria, s\u00e4\u00e4\u02b9mte\u02b9\u01e7\u01e7 da s\u00e4\u00e4mvuu\u02b9d k\u00e5\u00e5dd.<\/p>\n<h3><strong>Laasste\u00e2\u0111aid:<\/strong><\/h3>\n<p><strong>Tu\u00e5imj\u00e5\u00e5\u02b9\u0111teeja:<\/strong><br \/>\nPetra Biret Magga-Vars puh. 040 732 5503<br \/>\npetra.magga[at]samediggi.fi<\/p>\n<p><strong>Facebook:<\/strong><br \/>\nM\u00c1NNU s\u00e1mi m\u00e1n\u00e1idkulturguovdda\u0161\/Saamelaisk\u00e4r\u00e4j\u00e4t[\/vc_column_text][\/vc_column][\/vc_row][vc_row][vc_column width=&#8221;1\/1&#8243;][vc_empty_space empty_h=&#8221;3&#8243;][\/vc_column][\/vc_row]<\/p>\n","protected":false},"excerpt":{"rendered":"<p>Lorem ipsum dolor sit amet, ut ipsum sententiae his, fugit ponderum suscipiantur id sea, alia possit suscipiantur et vix. Sed epicuri singulis cotidieque cu. Usu cu partiendo iudicabit maiestatis. Sea graeci petentium ei. Solum apeirian quo in, copiosae posidonium constituam ea sea.<\/p>\n","protected":false},"author":2,"featured_media":41,"parent":0,"menu_order":0,"comment_status":"closed","ping_status":"closed","template":"","meta":{"footnotes":""},"class_list":["post-191","page","type-page","status-publish","has-post-thumbnail","hentry"],"yoast_head":"<!-- This site is optimized with the Yoast SEO plugin v27.0 - https:\/\/yoast.com\/product\/yoast-seo-wordpress\/ -->\n<title>S\u00e4\u02b9mmla\u017e ouddpe\u00e2mm - Ku\u00e1ti.fi<\/title>\n<meta name=\"robots\" content=\"index, follow, max-snippet:-1, max-image-preview:large, max-video-preview:-1\" \/>\n<link rel=\"canonical\" href=\"https:\/\/kuati.fi\/ns\/sa%ca%b9mmlaz-ouddpeamm\/\" \/>\n<meta property=\"og:locale\" content=\"en_US\" \/>\n<meta property=\"og:type\" content=\"article\" \/>\n<meta property=\"og:title\" content=\"S\u00e4\u02b9mmla\u017e ouddpe\u00e2mm - Ku\u00e1ti.fi\" \/>\n<meta property=\"og:description\" content=\"Lorem ipsum dolor sit amet, ut ipsum sententiae his, fugit ponderum suscipiantur id sea, alia possit suscipiantur et vix. Sed epicuri singulis cotidieque cu. Usu cu partiendo iudicabit maiestatis. Sea graeci petentium ei. Solum apeirian quo in, copiosae posidonium constituam ea sea.\" \/>\n<meta property=\"og:url\" content=\"https:\/\/kuati.fi\/ns\/sa%ca%b9mmlaz-ouddpeamm\/\" \/>\n<meta property=\"og:site_name\" content=\"Ku\u00e1ti.fi\" \/>\n<meta property=\"article:modified_time\" content=\"2022-08-19T08:39:10+00:00\" \/>\n<meta property=\"og:image\" content=\"https:\/\/kuati.fi\/wp-content\/uploads\/2019\/11\/laavu.png\" \/>\n\t<meta property=\"og:image:width\" content=\"1400\" \/>\n\t<meta property=\"og:image:height\" content=\"1431\" \/>\n\t<meta property=\"og:image:type\" content=\"image\/png\" \/>\n<meta name=\"twitter:card\" content=\"summary_large_image\" \/>\n<meta name=\"twitter:label1\" content=\"Est. reading time\" \/>\n\t<meta name=\"twitter:data1\" content=\"6 minutes\" \/>\n<script type=\"application\/ld+json\" class=\"yoast-schema-graph\">{\"@context\":\"https:\/\/schema.org\",\"@graph\":[{\"@type\":\"WebPage\",\"@id\":\"https:\/\/kuati.fi\/ns\/sa%ca%b9mmlaz-ouddpeamm\/\",\"url\":\"https:\/\/kuati.fi\/ns\/sa%ca%b9mmlaz-ouddpeamm\/\",\"name\":\"S\u00e4\u02b9mmla\u017e ouddpe\u00e2mm - Ku\u00e1ti.fi\",\"isPartOf\":{\"@id\":\"https:\/\/kuati.fi\/ns\/#website\"},\"primaryImageOfPage\":{\"@id\":\"https:\/\/kuati.fi\/ns\/sa%ca%b9mmlaz-ouddpeamm\/#primaryimage\"},\"image\":{\"@id\":\"https:\/\/kuati.fi\/ns\/sa%ca%b9mmlaz-ouddpeamm\/#primaryimage\"},\"thumbnailUrl\":\"https:\/\/kuati.fi\/wp-content\/uploads\/2019\/11\/laavu.png\",\"datePublished\":\"2019-11-21T13:10:14+00:00\",\"dateModified\":\"2022-08-19T08:39:10+00:00\",\"breadcrumb\":{\"@id\":\"https:\/\/kuati.fi\/ns\/sa%ca%b9mmlaz-ouddpeamm\/#breadcrumb\"},\"inLanguage\":\"ns\",\"potentialAction\":[{\"@type\":\"ReadAction\",\"target\":[\"https:\/\/kuati.fi\/ns\/sa%ca%b9mmlaz-ouddpeamm\/\"]}]},{\"@type\":\"ImageObject\",\"inLanguage\":\"ns\",\"@id\":\"https:\/\/kuati.fi\/ns\/sa%ca%b9mmlaz-ouddpeamm\/#primaryimage\",\"url\":\"https:\/\/kuati.fi\/wp-content\/uploads\/2019\/11\/laavu.png\",\"contentUrl\":\"https:\/\/kuati.fi\/wp-content\/uploads\/2019\/11\/laavu.png\",\"width\":1400,\"height\":1431},{\"@type\":\"BreadcrumbList\",\"@id\":\"https:\/\/kuati.fi\/ns\/sa%ca%b9mmlaz-ouddpeamm\/#breadcrumb\",\"itemListElement\":[{\"@type\":\"ListItem\",\"position\":1,\"name\":\"Home\",\"item\":\"https:\/\/kuati.fi\/ns\/etusivu-2\/\"},{\"@type\":\"ListItem\",\"position\":2,\"name\":\"S\u00e4\u02b9mmla\u017e ouddpe\u00e2mm\"}]},{\"@type\":\"WebSite\",\"@id\":\"https:\/\/kuati.fi\/ns\/#website\",\"url\":\"https:\/\/kuati.fi\/ns\/\",\"name\":\"Ku\u00e1ti.fi\",\"description\":\"Saamelaisk\u00e4r\u00e4j\u00e4t - Sarkaste hanke\",\"publisher\":{\"@id\":\"https:\/\/kuati.fi\/ns\/#organization\"},\"potentialAction\":[{\"@type\":\"SearchAction\",\"target\":{\"@type\":\"EntryPoint\",\"urlTemplate\":\"https:\/\/kuati.fi\/ns\/?s={search_term_string}\"},\"query-input\":{\"@type\":\"PropertyValueSpecification\",\"valueRequired\":true,\"valueName\":\"search_term_string\"}}],\"inLanguage\":\"ns\"},{\"@type\":\"Organization\",\"@id\":\"https:\/\/kuati.fi\/ns\/#organization\",\"name\":\"Ku\u00e1ti.fi\",\"url\":\"https:\/\/kuati.fi\/ns\/\",\"logo\":{\"@type\":\"ImageObject\",\"inLanguage\":\"ns\",\"@id\":\"https:\/\/kuati.fi\/ns\/#\/schema\/logo\/image\/\",\"url\":\"https:\/\/kuati.fi\/wp-content\/uploads\/2019\/11\/Kuati-logo-full.png\",\"contentUrl\":\"https:\/\/kuati.fi\/wp-content\/uploads\/2019\/11\/Kuati-logo-full.png\",\"width\":673,\"height\":410,\"caption\":\"Ku\u00e1ti.fi\"},\"image\":{\"@id\":\"https:\/\/kuati.fi\/ns\/#\/schema\/logo\/image\/\"}}]}<\/script>\n<!-- \/ Yoast SEO plugin. -->","yoast_head_json":{"title":"S\u00e4\u02b9mmla\u017e ouddpe\u00e2mm - Ku\u00e1ti.fi","robots":{"index":"index","follow":"follow","max-snippet":"max-snippet:-1","max-image-preview":"max-image-preview:large","max-video-preview":"max-video-preview:-1"},"canonical":"https:\/\/kuati.fi\/ns\/sa%ca%b9mmlaz-ouddpeamm\/","og_locale":"en_US","og_type":"article","og_title":"S\u00e4\u02b9mmla\u017e ouddpe\u00e2mm - Ku\u00e1ti.fi","og_description":"Lorem ipsum dolor sit amet, ut ipsum sententiae his, fugit ponderum suscipiantur id sea, alia possit suscipiantur et vix. Sed epicuri singulis cotidieque cu. Usu cu partiendo iudicabit maiestatis. Sea graeci petentium ei. Solum apeirian quo in, copiosae posidonium constituam ea sea.","og_url":"https:\/\/kuati.fi\/ns\/sa%ca%b9mmlaz-ouddpeamm\/","og_site_name":"Ku\u00e1ti.fi","article_modified_time":"2022-08-19T08:39:10+00:00","og_image":[{"width":1400,"height":1431,"url":"https:\/\/kuati.fi\/wp-content\/uploads\/2019\/11\/laavu.png","type":"image\/png"}],"twitter_card":"summary_large_image","twitter_misc":{"Est. reading time":"6 minutes"},"schema":{"@context":"https:\/\/schema.org","@graph":[{"@type":"WebPage","@id":"https:\/\/kuati.fi\/ns\/sa%ca%b9mmlaz-ouddpeamm\/","url":"https:\/\/kuati.fi\/ns\/sa%ca%b9mmlaz-ouddpeamm\/","name":"S\u00e4\u02b9mmla\u017e ouddpe\u00e2mm - Ku\u00e1ti.fi","isPartOf":{"@id":"https:\/\/kuati.fi\/ns\/#website"},"primaryImageOfPage":{"@id":"https:\/\/kuati.fi\/ns\/sa%ca%b9mmlaz-ouddpeamm\/#primaryimage"},"image":{"@id":"https:\/\/kuati.fi\/ns\/sa%ca%b9mmlaz-ouddpeamm\/#primaryimage"},"thumbnailUrl":"https:\/\/kuati.fi\/wp-content\/uploads\/2019\/11\/laavu.png","datePublished":"2019-11-21T13:10:14+00:00","dateModified":"2022-08-19T08:39:10+00:00","breadcrumb":{"@id":"https:\/\/kuati.fi\/ns\/sa%ca%b9mmlaz-ouddpeamm\/#breadcrumb"},"inLanguage":"ns","potentialAction":[{"@type":"ReadAction","target":["https:\/\/kuati.fi\/ns\/sa%ca%b9mmlaz-ouddpeamm\/"]}]},{"@type":"ImageObject","inLanguage":"ns","@id":"https:\/\/kuati.fi\/ns\/sa%ca%b9mmlaz-ouddpeamm\/#primaryimage","url":"https:\/\/kuati.fi\/wp-content\/uploads\/2019\/11\/laavu.png","contentUrl":"https:\/\/kuati.fi\/wp-content\/uploads\/2019\/11\/laavu.png","width":1400,"height":1431},{"@type":"BreadcrumbList","@id":"https:\/\/kuati.fi\/ns\/sa%ca%b9mmlaz-ouddpeamm\/#breadcrumb","itemListElement":[{"@type":"ListItem","position":1,"name":"Home","item":"https:\/\/kuati.fi\/ns\/etusivu-2\/"},{"@type":"ListItem","position":2,"name":"S\u00e4\u02b9mmla\u017e ouddpe\u00e2mm"}]},{"@type":"WebSite","@id":"https:\/\/kuati.fi\/ns\/#website","url":"https:\/\/kuati.fi\/ns\/","name":"Ku\u00e1ti.fi","description":"Saamelaisk\u00e4r\u00e4j\u00e4t - Sarkaste hanke","publisher":{"@id":"https:\/\/kuati.fi\/ns\/#organization"},"potentialAction":[{"@type":"SearchAction","target":{"@type":"EntryPoint","urlTemplate":"https:\/\/kuati.fi\/ns\/?s={search_term_string}"},"query-input":{"@type":"PropertyValueSpecification","valueRequired":true,"valueName":"search_term_string"}}],"inLanguage":"ns"},{"@type":"Organization","@id":"https:\/\/kuati.fi\/ns\/#organization","name":"Ku\u00e1ti.fi","url":"https:\/\/kuati.fi\/ns\/","logo":{"@type":"ImageObject","inLanguage":"ns","@id":"https:\/\/kuati.fi\/ns\/#\/schema\/logo\/image\/","url":"https:\/\/kuati.fi\/wp-content\/uploads\/2019\/11\/Kuati-logo-full.png","contentUrl":"https:\/\/kuati.fi\/wp-content\/uploads\/2019\/11\/Kuati-logo-full.png","width":673,"height":410,"caption":"Ku\u00e1ti.fi"},"image":{"@id":"https:\/\/kuati.fi\/ns\/#\/schema\/logo\/image\/"}}]}},"_links":{"self":[{"href":"https:\/\/kuati.fi\/ns\/wp-json\/wp\/v2\/pages\/191","targetHints":{"allow":["GET"]}}],"collection":[{"href":"https:\/\/kuati.fi\/ns\/wp-json\/wp\/v2\/pages"}],"about":[{"href":"https:\/\/kuati.fi\/ns\/wp-json\/wp\/v2\/types\/page"}],"author":[{"embeddable":true,"href":"https:\/\/kuati.fi\/ns\/wp-json\/wp\/v2\/users\/2"}],"replies":[{"embeddable":true,"href":"https:\/\/kuati.fi\/ns\/wp-json\/wp\/v2\/comments?post=191"}],"version-history":[{"count":3,"href":"https:\/\/kuati.fi\/ns\/wp-json\/wp\/v2\/pages\/191\/revisions"}],"predecessor-version":[{"id":10313,"href":"https:\/\/kuati.fi\/ns\/wp-json\/wp\/v2\/pages\/191\/revisions\/10313"}],"wp:featuredmedia":[{"embeddable":true,"href":"https:\/\/kuati.fi\/ns\/wp-json\/wp\/v2\/media\/41"}],"wp:attachment":[{"href":"https:\/\/kuati.fi\/ns\/wp-json\/wp\/v2\/media?parent=191"}],"curies":[{"name":"wp","href":"https:\/\/api.w.org\/{rel}","templated":true}]}}