{"id":173,"date":"2019-11-21T12:18:49","date_gmt":"2019-11-21T12:18:49","guid":{"rendered":"https:\/\/kuati.fi\/mii-lij-kuati-fi\/"},"modified":"2019-11-21T12:18:49","modified_gmt":"2019-11-21T12:18:49","slug":"mii-lij-kuati-fi","status":"publish","type":"page","link":"https:\/\/kuati.fi\/ns\/mii-lij-kuati-fi\/","title":{"rendered":"Mii lij ku\u00e1ti.fi?"},"content":{"rendered":"<p>[vc_row][vc_column width=&#8221;1\/1&#8243;][vc_empty_space empty_h=&#8221;3&#8243;][\/vc_column][\/vc_row][vc_row row_height_percent=&#8221;0&#8243; overlay_alpha=&#8221;50&#8243; gutter_size=&#8221;3&#8243; column_width_percent=&#8221;100&#8243; shift_y=&#8221;0&#8243; z_index=&#8221;0&#8243; top_divider=&#8221;pyramids&#8221;][vc_column width=&#8221;1\/4&#8243;][\/vc_column][vc_column width=&#8221;3\/4&#8243;][vc_column_text]<\/p>\n<h2>Hyv\u00e4 tiet\u00e4\u00e4:<\/h2>\n<ul>\n<li>Ku\u00e1ti.fi lij s\u00e4\u00e4\u02b9mtee\u02b9\u01e7\u01e7 \u00e2\u00e2\u02b9nnem s\u00e4\u00e4\u02b9m\u01e9i\u00f5llsa\u017e ouddpe\u00e2m\u02c8m-materiaalba\u014bkk<\/li>\n<li>Seeidi juurd lij tu\u00e5immjed ouddpe\u00e2mm j\u00e5\u00e5\u02b9\u0111tem pedagoo\u01e5\u00e2n, \u01e9i\u00f5l da kulttuurme\u00e2ldla tuejjummu\u017e di \u0161e s\u00e4i\u02b9mm\u00f5\u00f5tt\u00e2m ne\u00e4vvan<\/li>\n<li>Seeid li\u00e2 jurddum vu\u00f5ss-s\u00e2\u00e2\u02b9jjen ouddpe\u00e2m\u02c8mtu\u00e2jjlaid, le\u00e2\u02b9\u0161a \u0161e p\u00e4\u00e4rnai pu\u00e4rrsid da vu\u00e4\u02b9pstemp\u00e4i\u02b9\u01e9\u01e9tu\u00e2jjlaid<\/li>\n<li>Materiaal vu\u00e4\u01ef\u01ef laadd\u00e2d da \u00e2\u00e2\u02b9nned jiijj\u00e2s \u00e2\u00e2nnm\u00f5\u00f5\u017e\u017eid. Kauppla\u017e \u00e2\u00e2nnm\u00f5\u0161 lij \u01e9i\u00f5lddum<\/li>\n<li>\u00d5httsa\u017etu\u00e2jjtaaur\u00f5\u00f5\u017e\u017e: M\u00e1nnu \u2013 S\u00e4\u02b9mmla\u017e p\u00e4\u00e4rnai kulttuurik\u00f5\u00f5sk\u00f5s, jie\u02b9llikarttk\u00f5\u00f5sk\u00f5s Sk\u00e1bma, S\u00e4\u00e4\u02b9mvuu\u02b9d \u0161koou\u02b9ltemk\u00f5\u00f5sk\u00f5s, Me\u00e4\u02b9cchallt\u00f5s, Unn\u00e1 Junn\u00e1\/Yle S\u00e1pmi, Papunet<\/li>\n<\/ul>\n<p>&nbsp;<\/p>\n<p>Ku\u00e1ti.fi-seeidai graafla\u017e \u01e9icst\u00f5\u00f5\u01e5\u01e5 plaanummu\u0161: Katja Lettinen<\/p>\n<p>Ku\u00e1ti.fi seeidai teknla\u017e raajjm\u00f5\u0161: MeKiwi Oy[\/vc_column_text][\/vc_column][\/vc_row][vc_row][vc_column width=&#8221;1\/1&#8243;][vc_empty_space empty_h=&#8221;3&#8243;][\/vc_column][\/vc_row]<\/p>\n","protected":false},"excerpt":{"rendered":"<p>Lorem ipsum dolor sit amet, ut ipsum sententiae his, fugit ponderum suscipiantur id sea, alia possit suscipiantur et vix. Sed epicuri singulis cotidieque cu. Usu cu partiendo iudicabit maiestatis. Sea graeci petentium ei. Solum apeirian quo in, copiosae posidonium constituam ea sea.<\/p>\n","protected":false},"author":2,"featured_media":46,"parent":0,"menu_order":0,"comment_status":"closed","ping_status":"closed","template":"","meta":{"footnotes":""},"class_list":["post-173","page","type-page","status-publish","has-post-thumbnail","hentry"],"yoast_head":"<!-- This site is optimized with the Yoast SEO plugin v27.0 - https:\/\/yoast.com\/product\/yoast-seo-wordpress\/ -->\n<title>Mii lij ku\u00e1ti.fi? - Ku\u00e1ti.fi<\/title>\n<meta name=\"robots\" content=\"index, follow, max-snippet:-1, max-image-preview:large, max-video-preview:-1\" \/>\n<link rel=\"canonical\" href=\"https:\/\/kuati.fi\/ns\/mii-lij-kuati-fi\/\" \/>\n<meta property=\"og:locale\" content=\"en_US\" \/>\n<meta property=\"og:type\" content=\"article\" \/>\n<meta property=\"og:title\" content=\"Mii lij ku\u00e1ti.fi? - Ku\u00e1ti.fi\" \/>\n<meta property=\"og:description\" content=\"Lorem ipsum dolor sit amet, ut ipsum sententiae his, fugit ponderum suscipiantur id sea, alia possit suscipiantur et vix. Sed epicuri singulis cotidieque cu. Usu cu partiendo iudicabit maiestatis. Sea graeci petentium ei. Solum apeirian quo in, copiosae posidonium constituam ea sea.\" \/>\n<meta property=\"og:url\" content=\"https:\/\/kuati.fi\/ns\/mii-lij-kuati-fi\/\" \/>\n<meta property=\"og:site_name\" content=\"Ku\u00e1ti.fi\" \/>\n<meta property=\"og:image\" content=\"https:\/\/kuati.fi\/wp-content\/uploads\/2019\/11\/pinkki.png\" \/>\n\t<meta property=\"og:image:width\" content=\"294\" \/>\n\t<meta property=\"og:image:height\" content=\"601\" \/>\n\t<meta property=\"og:image:type\" content=\"image\/png\" \/>\n<meta name=\"twitter:card\" content=\"summary_large_image\" \/>\n<meta name=\"twitter:label1\" content=\"Est. reading time\" \/>\n\t<meta name=\"twitter:data1\" content=\"1 minute\" \/>\n<script type=\"application\/ld+json\" class=\"yoast-schema-graph\">{\"@context\":\"https:\/\/schema.org\",\"@graph\":[{\"@type\":\"WebPage\",\"@id\":\"https:\/\/kuati.fi\/ns\/mii-lij-kuati-fi\/\",\"url\":\"https:\/\/kuati.fi\/ns\/mii-lij-kuati-fi\/\",\"name\":\"Mii lij ku\u00e1ti.fi? - Ku\u00e1ti.fi\",\"isPartOf\":{\"@id\":\"https:\/\/kuati.fi\/ns\/#website\"},\"primaryImageOfPage\":{\"@id\":\"https:\/\/kuati.fi\/ns\/mii-lij-kuati-fi\/#primaryimage\"},\"image\":{\"@id\":\"https:\/\/kuati.fi\/ns\/mii-lij-kuati-fi\/#primaryimage\"},\"thumbnailUrl\":\"https:\/\/kuati.fi\/wp-content\/uploads\/2019\/11\/pinkki.png\",\"datePublished\":\"2019-11-21T12:18:49+00:00\",\"breadcrumb\":{\"@id\":\"https:\/\/kuati.fi\/ns\/mii-lij-kuati-fi\/#breadcrumb\"},\"inLanguage\":\"ns\",\"potentialAction\":[{\"@type\":\"ReadAction\",\"target\":[\"https:\/\/kuati.fi\/ns\/mii-lij-kuati-fi\/\"]}]},{\"@type\":\"ImageObject\",\"inLanguage\":\"ns\",\"@id\":\"https:\/\/kuati.fi\/ns\/mii-lij-kuati-fi\/#primaryimage\",\"url\":\"https:\/\/kuati.fi\/wp-content\/uploads\/2019\/11\/pinkki.png\",\"contentUrl\":\"https:\/\/kuati.fi\/wp-content\/uploads\/2019\/11\/pinkki.png\",\"width\":294,\"height\":601},{\"@type\":\"BreadcrumbList\",\"@id\":\"https:\/\/kuati.fi\/ns\/mii-lij-kuati-fi\/#breadcrumb\",\"itemListElement\":[{\"@type\":\"ListItem\",\"position\":1,\"name\":\"Home\",\"item\":\"https:\/\/kuati.fi\/ns\/etusivu-2\/\"},{\"@type\":\"ListItem\",\"position\":2,\"name\":\"Mii lij ku\u00e1ti.fi?\"}]},{\"@type\":\"WebSite\",\"@id\":\"https:\/\/kuati.fi\/ns\/#website\",\"url\":\"https:\/\/kuati.fi\/ns\/\",\"name\":\"Ku\u00e1ti.fi\",\"description\":\"Saamelaisk\u00e4r\u00e4j\u00e4t - Sarkaste hanke\",\"publisher\":{\"@id\":\"https:\/\/kuati.fi\/ns\/#organization\"},\"potentialAction\":[{\"@type\":\"SearchAction\",\"target\":{\"@type\":\"EntryPoint\",\"urlTemplate\":\"https:\/\/kuati.fi\/ns\/?s={search_term_string}\"},\"query-input\":{\"@type\":\"PropertyValueSpecification\",\"valueRequired\":true,\"valueName\":\"search_term_string\"}}],\"inLanguage\":\"ns\"},{\"@type\":\"Organization\",\"@id\":\"https:\/\/kuati.fi\/ns\/#organization\",\"name\":\"Ku\u00e1ti.fi\",\"url\":\"https:\/\/kuati.fi\/ns\/\",\"logo\":{\"@type\":\"ImageObject\",\"inLanguage\":\"ns\",\"@id\":\"https:\/\/kuati.fi\/ns\/#\/schema\/logo\/image\/\",\"url\":\"https:\/\/kuati.fi\/wp-content\/uploads\/2019\/11\/Kuati-logo-full.png\",\"contentUrl\":\"https:\/\/kuati.fi\/wp-content\/uploads\/2019\/11\/Kuati-logo-full.png\",\"width\":673,\"height\":410,\"caption\":\"Ku\u00e1ti.fi\"},\"image\":{\"@id\":\"https:\/\/kuati.fi\/ns\/#\/schema\/logo\/image\/\"}}]}<\/script>\n<!-- \/ Yoast SEO plugin. -->","yoast_head_json":{"title":"Mii lij ku\u00e1ti.fi? - Ku\u00e1ti.fi","robots":{"index":"index","follow":"follow","max-snippet":"max-snippet:-1","max-image-preview":"max-image-preview:large","max-video-preview":"max-video-preview:-1"},"canonical":"https:\/\/kuati.fi\/ns\/mii-lij-kuati-fi\/","og_locale":"en_US","og_type":"article","og_title":"Mii lij ku\u00e1ti.fi? - Ku\u00e1ti.fi","og_description":"Lorem ipsum dolor sit amet, ut ipsum sententiae his, fugit ponderum suscipiantur id sea, alia possit suscipiantur et vix. Sed epicuri singulis cotidieque cu. Usu cu partiendo iudicabit maiestatis. Sea graeci petentium ei. Solum apeirian quo in, copiosae posidonium constituam ea sea.","og_url":"https:\/\/kuati.fi\/ns\/mii-lij-kuati-fi\/","og_site_name":"Ku\u00e1ti.fi","og_image":[{"width":294,"height":601,"url":"https:\/\/kuati.fi\/wp-content\/uploads\/2019\/11\/pinkki.png","type":"image\/png"}],"twitter_card":"summary_large_image","twitter_misc":{"Est. reading time":"1 minute"},"schema":{"@context":"https:\/\/schema.org","@graph":[{"@type":"WebPage","@id":"https:\/\/kuati.fi\/ns\/mii-lij-kuati-fi\/","url":"https:\/\/kuati.fi\/ns\/mii-lij-kuati-fi\/","name":"Mii lij ku\u00e1ti.fi? - Ku\u00e1ti.fi","isPartOf":{"@id":"https:\/\/kuati.fi\/ns\/#website"},"primaryImageOfPage":{"@id":"https:\/\/kuati.fi\/ns\/mii-lij-kuati-fi\/#primaryimage"},"image":{"@id":"https:\/\/kuati.fi\/ns\/mii-lij-kuati-fi\/#primaryimage"},"thumbnailUrl":"https:\/\/kuati.fi\/wp-content\/uploads\/2019\/11\/pinkki.png","datePublished":"2019-11-21T12:18:49+00:00","breadcrumb":{"@id":"https:\/\/kuati.fi\/ns\/mii-lij-kuati-fi\/#breadcrumb"},"inLanguage":"ns","potentialAction":[{"@type":"ReadAction","target":["https:\/\/kuati.fi\/ns\/mii-lij-kuati-fi\/"]}]},{"@type":"ImageObject","inLanguage":"ns","@id":"https:\/\/kuati.fi\/ns\/mii-lij-kuati-fi\/#primaryimage","url":"https:\/\/kuati.fi\/wp-content\/uploads\/2019\/11\/pinkki.png","contentUrl":"https:\/\/kuati.fi\/wp-content\/uploads\/2019\/11\/pinkki.png","width":294,"height":601},{"@type":"BreadcrumbList","@id":"https:\/\/kuati.fi\/ns\/mii-lij-kuati-fi\/#breadcrumb","itemListElement":[{"@type":"ListItem","position":1,"name":"Home","item":"https:\/\/kuati.fi\/ns\/etusivu-2\/"},{"@type":"ListItem","position":2,"name":"Mii lij ku\u00e1ti.fi?"}]},{"@type":"WebSite","@id":"https:\/\/kuati.fi\/ns\/#website","url":"https:\/\/kuati.fi\/ns\/","name":"Ku\u00e1ti.fi","description":"Saamelaisk\u00e4r\u00e4j\u00e4t - Sarkaste hanke","publisher":{"@id":"https:\/\/kuati.fi\/ns\/#organization"},"potentialAction":[{"@type":"SearchAction","target":{"@type":"EntryPoint","urlTemplate":"https:\/\/kuati.fi\/ns\/?s={search_term_string}"},"query-input":{"@type":"PropertyValueSpecification","valueRequired":true,"valueName":"search_term_string"}}],"inLanguage":"ns"},{"@type":"Organization","@id":"https:\/\/kuati.fi\/ns\/#organization","name":"Ku\u00e1ti.fi","url":"https:\/\/kuati.fi\/ns\/","logo":{"@type":"ImageObject","inLanguage":"ns","@id":"https:\/\/kuati.fi\/ns\/#\/schema\/logo\/image\/","url":"https:\/\/kuati.fi\/wp-content\/uploads\/2019\/11\/Kuati-logo-full.png","contentUrl":"https:\/\/kuati.fi\/wp-content\/uploads\/2019\/11\/Kuati-logo-full.png","width":673,"height":410,"caption":"Ku\u00e1ti.fi"},"image":{"@id":"https:\/\/kuati.fi\/ns\/#\/schema\/logo\/image\/"}}]}},"_links":{"self":[{"href":"https:\/\/kuati.fi\/ns\/wp-json\/wp\/v2\/pages\/173","targetHints":{"allow":["GET"]}}],"collection":[{"href":"https:\/\/kuati.fi\/ns\/wp-json\/wp\/v2\/pages"}],"about":[{"href":"https:\/\/kuati.fi\/ns\/wp-json\/wp\/v2\/types\/page"}],"author":[{"embeddable":true,"href":"https:\/\/kuati.fi\/ns\/wp-json\/wp\/v2\/users\/2"}],"replies":[{"embeddable":true,"href":"https:\/\/kuati.fi\/ns\/wp-json\/wp\/v2\/comments?post=173"}],"version-history":[{"count":0,"href":"https:\/\/kuati.fi\/ns\/wp-json\/wp\/v2\/pages\/173\/revisions"}],"wp:featuredmedia":[{"embeddable":true,"href":"https:\/\/kuati.fi\/ns\/wp-json\/wp\/v2\/media\/46"}],"wp:attachment":[{"href":"https:\/\/kuati.fi\/ns\/wp-json\/wp\/v2\/media?parent=173"}],"curies":[{"name":"wp","href":"https:\/\/api.w.org\/{rel}","templated":true}]}}