{"id":10733,"date":"2022-11-28T16:14:45","date_gmt":"2022-11-28T14:14:45","guid":{"rendered":"https:\/\/kuati.fi\/taujja-koccum-kooccmoozz\/"},"modified":"2022-11-28T16:14:56","modified_gmt":"2022-11-28T14:14:56","slug":"taujja-koccum-kooccmoozz","status":"publish","type":"page","link":"https:\/\/kuati.fi\/ns\/taujja-koccum-kooccmoozz\/","title":{"rendered":"T\u00e4ujja k\u00f5\u010d\u010dum k\u00f5\u00f5\u010d\u010dm\u00f5\u00f5\u017e\u017e"},"content":{"rendered":"<p>[vc_row][vc_column width=&#8221;1\/1&#8243;][vc_column_text uncode_shortcode_id=&#8221;221796&#8243;]<\/p>\n<h2>T\u00e4ujja k\u00f5\u010d\u010dum k\u00f5\u00f5\u010d\u010dm\u00f5\u00f5\u017e\u017e<\/h2>\n<p>&nbsp;<\/p>\n<p>&nbsp;<\/p>\n<p><strong>M\u00e2in \u01e9i\u00f5lin Ku\u00e1ti-materiaalba\u014bkk lij?<\/strong><\/p>\n<p><em>Seidd\u00f5\u00f5zz te\u02b9ksttmateriaal lij vuei\u02b9vv\u00e4\u00e4\u02b9\u0161\u0161est pukin kooumin L\u00e4\u00e4\u02b9ddj\u00e2nnmest mainstum s\u00e4\u00e4\u02b9m\u01e9i\u00f5lin. Video da ji\u00f5nnmateriaal ji\u00e2 vie\u02b9lt\u01e9ani le\u00e4kku vu\u00e4\u01ef\u01efamnalla pukin s\u00e4\u00e4\u02b9m\u01e9i\u00f5lin. Kook-ne laadd\u00e2mnalla \u00e5\u00e5rrai materiaal li\u00e2 \u0161e l\u00e4\u00e4ddas.<\/em><\/p>\n<p>&nbsp;<\/p>\n<p><strong>\u01e8e\u00e4zz Ku\u00e1ti-materiaaliba\u014bkk lij jurddum?<\/strong><\/p>\n<p><em>Ku\u00e1ti-materiaalba\u014bkk lij jurddum vuei\u02b9vv\u00e4\u00e4\u02b9\u0161\u0161est ouddpe\u00e2mm tu\u00e2jjla\u017ek\u00e5dda. \u0160e pu\u00e4rraz vuei\u02b9tte \u00e2\u00e2\u02b9nned materiaalid.<\/em><\/p>\n<p>&nbsp;<\/p>\n<p><strong>Lij-a vuei\u02b9tlva\u017e jue\u02b9\u01e9\u01e9ed materiaalid?<\/strong><\/p>\n<p><em>Materiaalid vu\u00e4\u01ef\u01ef pri\u02b9nttjed da \u00e2\u00e2\u02b9nned friij\u00e2ld.<\/em><\/p>\n<p>&nbsp;<\/p>\n<p><strong>Vu\u00e4\u01ef\u01ef-a materiaalid \u00e2\u00e2\u02b9nned kaaupla\u017e mi\u00e2rkt\u00f5\u00f5zzid?<\/strong><\/p>\n<p>Materiaalid ij vu\u00e4\u01ef\u01ef \u00e2\u00e2\u02b9nned kaaupla\u017e mi\u00e2rkt\u00f5\u00f5zzid?<\/p>\n<p>&nbsp;<\/p>\n<p><strong>M\u00e4\u02b9htt \u00e2\u00e2\u02b9nned Ku\u00e1ti ooccm\u00f5\u00f5\u017e\u017e?<\/strong><\/p>\n<p><em>Ku\u00e1ti ooccm\u00f5\u00f5\u017e\u017e vu\u00e4itt \u00e2\u00e2\u02b9nned neelljin jee\u02b9res naa\u02b9lin.<\/em><\/p>\n<p><em>S\u00e4\u00e4\u02b9nnooccm\u00f5\u00f5\u017e\u017ein vu\u00e4itt oocc\u00e2d oocc\u00e2msaa\u02b9nin.<\/em><\/p>\n<p><em>Ee\u02b9jj mie\u02b9ldd vu\u00e4itt oocc\u00e2d materiaalid, kook su\u00e4\u02b9ppe 0-3-ekksaid, 3-5-ekksaid, 6-ekksaid da pu\u00e4rrsid le\u02b9be m\u00f5\u00f5n t\u00e4\u00e4ttas ekksaid p\u00e4\u00e4rnaid.<\/em><\/p>\n<p><em>Teema-p\u00e4\u00e4i\u02b9\u01e9est vu\u00e4itt vaal\u0161ed teema, koon mie\u02b9ldd \u00e5\u00e5cc materiaalid, teema li\u00e2 ju\u00f5kkum tarkista vasusta! m\u00e4ttjummu\u017e vue\u02b9ss-sue\u02b9rji mie\u02b9ldd: pirr\u00f5s da lu\u00e2tt\u00f5httvu\u00f5tt, p\u00e4\u00e4rna\u017e da \u00f5httsa\u017ek\u00e5\u02b9dd, \u01e9i\u00f5tt-t\u00e4\u00e4id, \u00f5\u00f5lmt\u00f5s, \u01e9i\u00f5ll, matemaattla\u017e juurd\u010dummu\u0161.<\/em><\/p>\n<p><em>Ooccm\u00f5\u00f5\u017e\u017e vu\u00e4itt \u00e2\u00e2\u02b9nned \u0161e ee\u02b9jjpooddi mie\u02b9ldd: t\u00e4\u02b9lvv, \u01e9i\u0111\u0111t\u00e4\u02b9lvv, \u01e9i\u0111\u0111, \u01e9i\u0111\u0111\u01e9ie\u02b9ss, \u01e9ie\u02b9ss, \u010d\u00f5h\u010d\u010d\u01e9ie\u02b9ss, \u010d\u00f5h\u010d\u010d, \u010d\u00f5h\u010d\u010dt\u00e4\u02b9lvv.<\/em><\/p>\n<p><em>\u00a0<\/em><\/p>\n<p><strong>\u01e8ii vu\u00e4itt l\u00e2\u00e2\u02b9zzted sijddu materiaalid?<\/strong><\/p>\n<p><em>Materiaalid vuei\u02b9tte l\u00e2\u00e2\u02b9zzted materiaaltu\u00e2jjla da \u01e9i\u00f5llpie\u02b9ssvu\u00e4\u02b9psteei. Tu\u00e4ivvap kuuit\u00e2\u01e5, \u0161to ouddpe\u00e2mmtu\u00e2jjla\u017ek\u00e5\u02b9dd vu\u00f5ltte\u02b9\u010di materiaalid, jurddjid da vu\u00e4pp\u00f5\u00f5zzid, koid vuei\u02b9tet l\u00e2\u00e2\u02b9zzted Ku\u00e1tii\u02b9je.<\/em>[\/vc_column_text][\/vc_column][\/vc_row]<\/p>\n","protected":false},"excerpt":{"rendered":"<p>[vc_row][vc_column width=&#8221;1\/1&#8243;][vc_column_text uncode_shortcode_id=&#8221;221796&#8243;] T\u00e4ujja k\u00f5\u010d\u010dum k\u00f5\u00f5\u010d\u010dm\u00f5\u00f5\u017e\u017e &nbsp; &nbsp; M\u00e2in \u01e9i\u00f5lin Ku\u00e1ti-materiaalba\u014bkk lij? Seidd\u00f5\u00f5zz te\u02b9ksttmateriaal lij vuei\u02b9vv\u00e4\u00e4\u02b9\u0161\u0161est pukin kooumin L\u00e4\u00e4\u02b9ddj\u00e2nnmest mainstum [&hellip;]<\/p>\n","protected":false},"author":17,"featured_media":0,"parent":0,"menu_order":0,"comment_status":"closed","ping_status":"closed","template":"","meta":{"footnotes":""},"class_list":["post-10733","page","type-page","status-publish","hentry"],"yoast_head":"<!-- This site is optimized with the Yoast SEO plugin v27.0 - https:\/\/yoast.com\/product\/yoast-seo-wordpress\/ -->\n<title>T\u00e4ujja k\u00f5\u010d\u010dum k\u00f5\u00f5\u010d\u010dm\u00f5\u00f5\u017e\u017e - Ku\u00e1ti.fi<\/title>\n<meta name=\"robots\" content=\"index, follow, max-snippet:-1, max-image-preview:large, max-video-preview:-1\" \/>\n<link rel=\"canonical\" href=\"https:\/\/kuati.fi\/ns\/taujja-koccum-kooccmoozz\/\" \/>\n<meta property=\"og:locale\" content=\"en_US\" \/>\n<meta property=\"og:type\" content=\"article\" \/>\n<meta property=\"og:title\" content=\"T\u00e4ujja k\u00f5\u010d\u010dum k\u00f5\u00f5\u010d\u010dm\u00f5\u00f5\u017e\u017e - Ku\u00e1ti.fi\" \/>\n<meta property=\"og:description\" content=\"[vc_row][vc_column width=&#8221;1\/1&#8243;][vc_column_text uncode_shortcode_id=&#8221;221796&#8243;] T\u00e4ujja k\u00f5\u010d\u010dum k\u00f5\u00f5\u010d\u010dm\u00f5\u00f5\u017e\u017e &nbsp; &nbsp; M\u00e2in \u01e9i\u00f5lin Ku\u00e1ti-materiaalba\u014bkk lij? Seidd\u00f5\u00f5zz te\u02b9ksttmateriaal lij vuei\u02b9vv\u00e4\u00e4\u02b9\u0161\u0161est pukin kooumin L\u00e4\u00e4\u02b9ddj\u00e2nnmest mainstum [&hellip;]\" \/>\n<meta property=\"og:url\" content=\"https:\/\/kuati.fi\/ns\/taujja-koccum-kooccmoozz\/\" \/>\n<meta property=\"og:site_name\" content=\"Ku\u00e1ti.fi\" \/>\n<meta property=\"article:modified_time\" content=\"2022-11-28T14:14:56+00:00\" \/>\n<meta name=\"twitter:card\" content=\"summary_large_image\" \/>\n<meta name=\"twitter:label1\" content=\"Est. reading time\" \/>\n\t<meta name=\"twitter:data1\" content=\"2 minutes\" \/>\n<script type=\"application\/ld+json\" class=\"yoast-schema-graph\">{\"@context\":\"https:\/\/schema.org\",\"@graph\":[{\"@type\":\"WebPage\",\"@id\":\"https:\/\/kuati.fi\/ns\/taujja-koccum-kooccmoozz\/\",\"url\":\"https:\/\/kuati.fi\/ns\/taujja-koccum-kooccmoozz\/\",\"name\":\"T\u00e4ujja k\u00f5\u010d\u010dum k\u00f5\u00f5\u010d\u010dm\u00f5\u00f5\u017e\u017e - Ku\u00e1ti.fi\",\"isPartOf\":{\"@id\":\"https:\/\/kuati.fi\/ns\/#website\"},\"datePublished\":\"2022-11-28T14:14:45+00:00\",\"dateModified\":\"2022-11-28T14:14:56+00:00\",\"breadcrumb\":{\"@id\":\"https:\/\/kuati.fi\/ns\/taujja-koccum-kooccmoozz\/#breadcrumb\"},\"inLanguage\":\"ns\",\"potentialAction\":[{\"@type\":\"ReadAction\",\"target\":[\"https:\/\/kuati.fi\/ns\/taujja-koccum-kooccmoozz\/\"]}]},{\"@type\":\"BreadcrumbList\",\"@id\":\"https:\/\/kuati.fi\/ns\/taujja-koccum-kooccmoozz\/#breadcrumb\",\"itemListElement\":[{\"@type\":\"ListItem\",\"position\":1,\"name\":\"Home\",\"item\":\"https:\/\/kuati.fi\/ns\/etusivu-2\/\"},{\"@type\":\"ListItem\",\"position\":2,\"name\":\"T\u00e4ujja k\u00f5\u010d\u010dum k\u00f5\u00f5\u010d\u010dm\u00f5\u00f5\u017e\u017e\"}]},{\"@type\":\"WebSite\",\"@id\":\"https:\/\/kuati.fi\/ns\/#website\",\"url\":\"https:\/\/kuati.fi\/ns\/\",\"name\":\"Ku\u00e1ti.fi\",\"description\":\"Saamelaisk\u00e4r\u00e4j\u00e4t - Sarkaste hanke\",\"publisher\":{\"@id\":\"https:\/\/kuati.fi\/ns\/#organization\"},\"potentialAction\":[{\"@type\":\"SearchAction\",\"target\":{\"@type\":\"EntryPoint\",\"urlTemplate\":\"https:\/\/kuati.fi\/ns\/?s={search_term_string}\"},\"query-input\":{\"@type\":\"PropertyValueSpecification\",\"valueRequired\":true,\"valueName\":\"search_term_string\"}}],\"inLanguage\":\"ns\"},{\"@type\":\"Organization\",\"@id\":\"https:\/\/kuati.fi\/ns\/#organization\",\"name\":\"Ku\u00e1ti.fi\",\"url\":\"https:\/\/kuati.fi\/ns\/\",\"logo\":{\"@type\":\"ImageObject\",\"inLanguage\":\"ns\",\"@id\":\"https:\/\/kuati.fi\/ns\/#\/schema\/logo\/image\/\",\"url\":\"https:\/\/kuati.fi\/wp-content\/uploads\/2019\/11\/Kuati-logo-full.png\",\"contentUrl\":\"https:\/\/kuati.fi\/wp-content\/uploads\/2019\/11\/Kuati-logo-full.png\",\"width\":673,\"height\":410,\"caption\":\"Ku\u00e1ti.fi\"},\"image\":{\"@id\":\"https:\/\/kuati.fi\/ns\/#\/schema\/logo\/image\/\"}}]}<\/script>\n<!-- \/ Yoast SEO plugin. -->","yoast_head_json":{"title":"T\u00e4ujja k\u00f5\u010d\u010dum k\u00f5\u00f5\u010d\u010dm\u00f5\u00f5\u017e\u017e - Ku\u00e1ti.fi","robots":{"index":"index","follow":"follow","max-snippet":"max-snippet:-1","max-image-preview":"max-image-preview:large","max-video-preview":"max-video-preview:-1"},"canonical":"https:\/\/kuati.fi\/ns\/taujja-koccum-kooccmoozz\/","og_locale":"en_US","og_type":"article","og_title":"T\u00e4ujja k\u00f5\u010d\u010dum k\u00f5\u00f5\u010d\u010dm\u00f5\u00f5\u017e\u017e - Ku\u00e1ti.fi","og_description":"[vc_row][vc_column width=&#8221;1\/1&#8243;][vc_column_text uncode_shortcode_id=&#8221;221796&#8243;] T\u00e4ujja k\u00f5\u010d\u010dum k\u00f5\u00f5\u010d\u010dm\u00f5\u00f5\u017e\u017e &nbsp; &nbsp; M\u00e2in \u01e9i\u00f5lin Ku\u00e1ti-materiaalba\u014bkk lij? Seidd\u00f5\u00f5zz te\u02b9ksttmateriaal lij vuei\u02b9vv\u00e4\u00e4\u02b9\u0161\u0161est pukin kooumin L\u00e4\u00e4\u02b9ddj\u00e2nnmest mainstum [&hellip;]","og_url":"https:\/\/kuati.fi\/ns\/taujja-koccum-kooccmoozz\/","og_site_name":"Ku\u00e1ti.fi","article_modified_time":"2022-11-28T14:14:56+00:00","twitter_card":"summary_large_image","twitter_misc":{"Est. reading time":"2 minutes"},"schema":{"@context":"https:\/\/schema.org","@graph":[{"@type":"WebPage","@id":"https:\/\/kuati.fi\/ns\/taujja-koccum-kooccmoozz\/","url":"https:\/\/kuati.fi\/ns\/taujja-koccum-kooccmoozz\/","name":"T\u00e4ujja k\u00f5\u010d\u010dum k\u00f5\u00f5\u010d\u010dm\u00f5\u00f5\u017e\u017e - Ku\u00e1ti.fi","isPartOf":{"@id":"https:\/\/kuati.fi\/ns\/#website"},"datePublished":"2022-11-28T14:14:45+00:00","dateModified":"2022-11-28T14:14:56+00:00","breadcrumb":{"@id":"https:\/\/kuati.fi\/ns\/taujja-koccum-kooccmoozz\/#breadcrumb"},"inLanguage":"ns","potentialAction":[{"@type":"ReadAction","target":["https:\/\/kuati.fi\/ns\/taujja-koccum-kooccmoozz\/"]}]},{"@type":"BreadcrumbList","@id":"https:\/\/kuati.fi\/ns\/taujja-koccum-kooccmoozz\/#breadcrumb","itemListElement":[{"@type":"ListItem","position":1,"name":"Home","item":"https:\/\/kuati.fi\/ns\/etusivu-2\/"},{"@type":"ListItem","position":2,"name":"T\u00e4ujja k\u00f5\u010d\u010dum k\u00f5\u00f5\u010d\u010dm\u00f5\u00f5\u017e\u017e"}]},{"@type":"WebSite","@id":"https:\/\/kuati.fi\/ns\/#website","url":"https:\/\/kuati.fi\/ns\/","name":"Ku\u00e1ti.fi","description":"Saamelaisk\u00e4r\u00e4j\u00e4t - Sarkaste hanke","publisher":{"@id":"https:\/\/kuati.fi\/ns\/#organization"},"potentialAction":[{"@type":"SearchAction","target":{"@type":"EntryPoint","urlTemplate":"https:\/\/kuati.fi\/ns\/?s={search_term_string}"},"query-input":{"@type":"PropertyValueSpecification","valueRequired":true,"valueName":"search_term_string"}}],"inLanguage":"ns"},{"@type":"Organization","@id":"https:\/\/kuati.fi\/ns\/#organization","name":"Ku\u00e1ti.fi","url":"https:\/\/kuati.fi\/ns\/","logo":{"@type":"ImageObject","inLanguage":"ns","@id":"https:\/\/kuati.fi\/ns\/#\/schema\/logo\/image\/","url":"https:\/\/kuati.fi\/wp-content\/uploads\/2019\/11\/Kuati-logo-full.png","contentUrl":"https:\/\/kuati.fi\/wp-content\/uploads\/2019\/11\/Kuati-logo-full.png","width":673,"height":410,"caption":"Ku\u00e1ti.fi"},"image":{"@id":"https:\/\/kuati.fi\/ns\/#\/schema\/logo\/image\/"}}]}},"_links":{"self":[{"href":"https:\/\/kuati.fi\/ns\/wp-json\/wp\/v2\/pages\/10733","targetHints":{"allow":["GET"]}}],"collection":[{"href":"https:\/\/kuati.fi\/ns\/wp-json\/wp\/v2\/pages"}],"about":[{"href":"https:\/\/kuati.fi\/ns\/wp-json\/wp\/v2\/types\/page"}],"author":[{"embeddable":true,"href":"https:\/\/kuati.fi\/ns\/wp-json\/wp\/v2\/users\/17"}],"replies":[{"embeddable":true,"href":"https:\/\/kuati.fi\/ns\/wp-json\/wp\/v2\/comments?post=10733"}],"version-history":[{"count":4,"href":"https:\/\/kuati.fi\/ns\/wp-json\/wp\/v2\/pages\/10733\/revisions"}],"predecessor-version":[{"id":10741,"href":"https:\/\/kuati.fi\/ns\/wp-json\/wp\/v2\/pages\/10733\/revisions\/10741"}],"wp:attachment":[{"href":"https:\/\/kuati.fi\/ns\/wp-json\/wp\/v2\/media?parent=10733"}],"curies":[{"name":"wp","href":"https:\/\/api.w.org\/{rel}","templated":true}]}}