{"id":616,"date":"2019-12-04T12:23:21","date_gmt":"2019-12-04T12:23:21","guid":{"rendered":"https:\/\/kuati.fi\/?page_id=616"},"modified":"2019-12-05T10:19:06","modified_gmt":"2019-12-05T10:19:06","slug":"kieli","status":"publish","type":"page","link":"https:\/\/kuati.fi\/fi\/kieli\/","title":{"rendered":"Kieli"},"content":{"rendered":"<p>[vc_row][vc_column width=&#8221;1\/1&#8243;][vc_empty_space][\/vc_column][\/vc_row][vc_row row_height_percent=&#8221;0&#8243; override_padding=&#8221;yes&#8221; h_padding=&#8221;3&#8243; top_padding=&#8221;2&#8243; bottom_padding=&#8221;4&#8243; overlay_alpha=&#8221;50&#8243; gutter_size=&#8221;3&#8243; column_width_percent=&#8221;100&#8243; shift_y=&#8221;0&#8243; z_index=&#8221;0&#8243; top_divider=&#8221;pyramids&#8221; row_name=&#8221;Results&#8221;][vc_column][vc_custom_heading]<\/p>\n<h2>Kieli<\/h2>\n<p>[\/vc_custom_heading][uncode_index el_id=&#8221;index-591376&#8243; isotope_mode=&#8221;vertical&#8221; loop=&#8221;size:All|order_by:date|post_type:kieli&#8221; filtering=&#8221;yes&#8221; filter_back_color=&#8221;color-114234&#8243; filtering_full_width=&#8221;yes&#8221; filter_all_opposite=&#8221;yes&#8221; filtering_uppercase=&#8221;yes&#8221; pagination=&#8221;yes&#8221; gutter_size=&#8221;0&#8243; page_items=&#8221;title,media|featured|onpost|original&#8221; ymparistoluontoyhtey_items=&#8221;type,category|nobg|relative|display-icon,title,text|full|150&#8243; lapsi_yhteiso_items=&#8221;type,category|nobg|relative|display-icon,title,text|full|150&#8243; kadentaidot_items=&#8221;type,category|nobg|relative|display-icon,title&#8221; ilmaisu_items=&#8221;type,category|nobg|relative|display-icon,title,text|full|150&#8243; kieli_items=&#8221;type,category|nobg|relative|display-icon,title&#8221; matemaattinen_ajatte_items=&#8221;type,category|nobg|relative|display-icon,title,text|full|150&#8243; screen_lg=&#8221;1000&#8243; screen_md=&#8221;600&#8243; screen_sm=&#8221;480&#8243; single_width=&#8221;12&#8243; single_overlay_opacity=&#8221;50&#8243; single_padding=&#8221;1&#8243; single_title_semantic=&#8221;h2&#8243; single_title_dimension=&#8221;h3&#8243; single_css_animation=&#8221;alpha-anim&#8221; custom_order=&#8221;yes&#8221; order_ids=&#8221;90,104,112,118&#8243; filter_all_text=&#8221;N\u00e4yt\u00e4 kaikki&#8221; single_icon=&#8221;fa fa-plus&#8221; title=&#8221;P\u00e4\u00e4haku&#8221; el_class=&#8221;material-list&#8221;][\/vc_column][\/vc_row][vc_row][vc_column width=&#8221;1\/1&#8243;][vc_empty_space][\/vc_column][\/vc_row]<\/p>\n","protected":false},"excerpt":{"rendered":"<p>[vc_row][vc_column width=&#8221;1\/1&#8243;][vc_empty_space][\/vc_column][\/vc_row][vc_row row_height_percent=&#8221;0&#8243; override_padding=&#8221;yes&#8221; h_padding=&#8221;3&#8243; top_padding=&#8221;2&#8243; bottom_padding=&#8221;4&#8243; overlay_alpha=&#8221;50&#8243; gutter_size=&#8221;3&#8243; column_width_percent=&#8221;100&#8243; shift_y=&#8221;0&#8243; z_index=&#8221;0&#8243; top_divider=&#8221;pyramids&#8221; row_name=&#8221;Results&#8221;][vc_column][vc_custom_heading] Kieli [\/vc_custom_heading][uncode_index el_id=&#8221;index-591376&#8243; isotope_mode=&#8221;vertical&#8221; loop=&#8221;size:All|order_by:date|post_type:kieli&#8221; filtering=&#8221;yes&#8221; [&hellip;]<\/p>\n","protected":false},"author":3,"featured_media":0,"parent":0,"menu_order":0,"comment_status":"closed","ping_status":"closed","template":"","meta":{"footnotes":""},"class_list":["post-616","page","type-page","status-publish","hentry"],"yoast_head":"<!-- This site is optimized with the Yoast SEO plugin v27.0 - https:\/\/yoast.com\/product\/yoast-seo-wordpress\/ -->\n<title>Kieli - Ku\u00e1ti.fi<\/title>\n<meta name=\"robots\" content=\"index, follow, max-snippet:-1, max-image-preview:large, max-video-preview:-1\" \/>\n<link rel=\"canonical\" href=\"https:\/\/kuati.fi\/fi\/kieli\/\" \/>\n<meta property=\"og:locale\" content=\"fi_FI\" \/>\n<meta property=\"og:type\" content=\"article\" \/>\n<meta property=\"og:title\" content=\"Kieli - Ku\u00e1ti.fi\" \/>\n<meta property=\"og:description\" content=\"[vc_row][vc_column width=&#8221;1\/1&#8243;][vc_empty_space][\/vc_column][\/vc_row][vc_row row_height_percent=&#8221;0&#8243; override_padding=&#8221;yes&#8221; h_padding=&#8221;3&#8243; top_padding=&#8221;2&#8243; bottom_padding=&#8221;4&#8243; overlay_alpha=&#8221;50&#8243; gutter_size=&#8221;3&#8243; column_width_percent=&#8221;100&#8243; shift_y=&#8221;0&#8243; z_index=&#8221;0&#8243; top_divider=&#8221;pyramids&#8221; row_name=&#8221;Results&#8221;][vc_column][vc_custom_heading] Kieli [\/vc_custom_heading][uncode_index el_id=&#8221;index-591376&#8243; isotope_mode=&#8221;vertical&#8221; loop=&#8221;size:All|order_by:date|post_type:kieli&#8221; filtering=&#8221;yes&#8221; [&hellip;]\" \/>\n<meta property=\"og:url\" content=\"https:\/\/kuati.fi\/fi\/kieli\/\" \/>\n<meta property=\"og:site_name\" content=\"Ku\u00e1ti.fi\" \/>\n<meta property=\"article:modified_time\" content=\"2019-12-05T10:19:06+00:00\" \/>\n<meta name=\"twitter:card\" content=\"summary_large_image\" \/>\n<meta name=\"twitter:label1\" content=\"Arvioitu lukuaika\" \/>\n\t<meta name=\"twitter:data1\" content=\"1 minuutti\" \/>\n<script type=\"application\/ld+json\" class=\"yoast-schema-graph\">{\"@context\":\"https:\/\/schema.org\",\"@graph\":[{\"@type\":\"WebPage\",\"@id\":\"https:\/\/kuati.fi\/fi\/kieli\/\",\"url\":\"https:\/\/kuati.fi\/fi\/kieli\/\",\"name\":\"Kieli - Ku\u00e1ti.fi\",\"isPartOf\":{\"@id\":\"https:\/\/kuati.fi\/fi\/#website\"},\"datePublished\":\"2019-12-04T12:23:21+00:00\",\"dateModified\":\"2019-12-05T10:19:06+00:00\",\"breadcrumb\":{\"@id\":\"https:\/\/kuati.fi\/fi\/kieli\/#breadcrumb\"},\"inLanguage\":\"fi\",\"potentialAction\":[{\"@type\":\"ReadAction\",\"target\":[\"https:\/\/kuati.fi\/fi\/kieli\/\"]}]},{\"@type\":\"BreadcrumbList\",\"@id\":\"https:\/\/kuati.fi\/fi\/kieli\/#breadcrumb\",\"itemListElement\":[{\"@type\":\"ListItem\",\"position\":1,\"name\":\"Home\",\"item\":\"https:\/\/kuati.fi\/fi\/\"},{\"@type\":\"ListItem\",\"position\":2,\"name\":\"Kieli\"}]},{\"@type\":\"WebSite\",\"@id\":\"https:\/\/kuati.fi\/fi\/#website\",\"url\":\"https:\/\/kuati.fi\/fi\/\",\"name\":\"Ku\u00e1ti.fi\",\"description\":\"Saamelaisk\u00e4r\u00e4j\u00e4t - Sarkaste hanke\",\"publisher\":{\"@id\":\"https:\/\/kuati.fi\/fi\/#organization\"},\"potentialAction\":[{\"@type\":\"SearchAction\",\"target\":{\"@type\":\"EntryPoint\",\"urlTemplate\":\"https:\/\/kuati.fi\/fi\/?s={search_term_string}\"},\"query-input\":{\"@type\":\"PropertyValueSpecification\",\"valueRequired\":true,\"valueName\":\"search_term_string\"}}],\"inLanguage\":\"fi\"},{\"@type\":\"Organization\",\"@id\":\"https:\/\/kuati.fi\/fi\/#organization\",\"name\":\"Ku\u00e1ti.fi\",\"url\":\"https:\/\/kuati.fi\/fi\/\",\"logo\":{\"@type\":\"ImageObject\",\"inLanguage\":\"fi\",\"@id\":\"https:\/\/kuati.fi\/fi\/#\/schema\/logo\/image\/\",\"url\":\"https:\/\/kuati.fi\/wp-content\/uploads\/2019\/11\/Kuati-logo-full.png\",\"contentUrl\":\"https:\/\/kuati.fi\/wp-content\/uploads\/2019\/11\/Kuati-logo-full.png\",\"width\":673,\"height\":410,\"caption\":\"Ku\u00e1ti.fi\"},\"image\":{\"@id\":\"https:\/\/kuati.fi\/fi\/#\/schema\/logo\/image\/\"}}]}<\/script>\n<!-- \/ Yoast SEO plugin. -->","yoast_head_json":{"title":"Kieli - Ku\u00e1ti.fi","robots":{"index":"index","follow":"follow","max-snippet":"max-snippet:-1","max-image-preview":"max-image-preview:large","max-video-preview":"max-video-preview:-1"},"canonical":"https:\/\/kuati.fi\/fi\/kieli\/","og_locale":"fi_FI","og_type":"article","og_title":"Kieli - Ku\u00e1ti.fi","og_description":"[vc_row][vc_column width=&#8221;1\/1&#8243;][vc_empty_space][\/vc_column][\/vc_row][vc_row row_height_percent=&#8221;0&#8243; override_padding=&#8221;yes&#8221; h_padding=&#8221;3&#8243; top_padding=&#8221;2&#8243; bottom_padding=&#8221;4&#8243; overlay_alpha=&#8221;50&#8243; gutter_size=&#8221;3&#8243; column_width_percent=&#8221;100&#8243; shift_y=&#8221;0&#8243; z_index=&#8221;0&#8243; top_divider=&#8221;pyramids&#8221; row_name=&#8221;Results&#8221;][vc_column][vc_custom_heading] Kieli [\/vc_custom_heading][uncode_index el_id=&#8221;index-591376&#8243; isotope_mode=&#8221;vertical&#8221; loop=&#8221;size:All|order_by:date|post_type:kieli&#8221; filtering=&#8221;yes&#8221; [&hellip;]","og_url":"https:\/\/kuati.fi\/fi\/kieli\/","og_site_name":"Ku\u00e1ti.fi","article_modified_time":"2019-12-05T10:19:06+00:00","twitter_card":"summary_large_image","twitter_misc":{"Arvioitu lukuaika":"1 minuutti"},"schema":{"@context":"https:\/\/schema.org","@graph":[{"@type":"WebPage","@id":"https:\/\/kuati.fi\/fi\/kieli\/","url":"https:\/\/kuati.fi\/fi\/kieli\/","name":"Kieli - Ku\u00e1ti.fi","isPartOf":{"@id":"https:\/\/kuati.fi\/fi\/#website"},"datePublished":"2019-12-04T12:23:21+00:00","dateModified":"2019-12-05T10:19:06+00:00","breadcrumb":{"@id":"https:\/\/kuati.fi\/fi\/kieli\/#breadcrumb"},"inLanguage":"fi","potentialAction":[{"@type":"ReadAction","target":["https:\/\/kuati.fi\/fi\/kieli\/"]}]},{"@type":"BreadcrumbList","@id":"https:\/\/kuati.fi\/fi\/kieli\/#breadcrumb","itemListElement":[{"@type":"ListItem","position":1,"name":"Home","item":"https:\/\/kuati.fi\/fi\/"},{"@type":"ListItem","position":2,"name":"Kieli"}]},{"@type":"WebSite","@id":"https:\/\/kuati.fi\/fi\/#website","url":"https:\/\/kuati.fi\/fi\/","name":"Ku\u00e1ti.fi","description":"Saamelaisk\u00e4r\u00e4j\u00e4t - Sarkaste hanke","publisher":{"@id":"https:\/\/kuati.fi\/fi\/#organization"},"potentialAction":[{"@type":"SearchAction","target":{"@type":"EntryPoint","urlTemplate":"https:\/\/kuati.fi\/fi\/?s={search_term_string}"},"query-input":{"@type":"PropertyValueSpecification","valueRequired":true,"valueName":"search_term_string"}}],"inLanguage":"fi"},{"@type":"Organization","@id":"https:\/\/kuati.fi\/fi\/#organization","name":"Ku\u00e1ti.fi","url":"https:\/\/kuati.fi\/fi\/","logo":{"@type":"ImageObject","inLanguage":"fi","@id":"https:\/\/kuati.fi\/fi\/#\/schema\/logo\/image\/","url":"https:\/\/kuati.fi\/wp-content\/uploads\/2019\/11\/Kuati-logo-full.png","contentUrl":"https:\/\/kuati.fi\/wp-content\/uploads\/2019\/11\/Kuati-logo-full.png","width":673,"height":410,"caption":"Ku\u00e1ti.fi"},"image":{"@id":"https:\/\/kuati.fi\/fi\/#\/schema\/logo\/image\/"}}]}},"_links":{"self":[{"href":"https:\/\/kuati.fi\/fi\/wp-json\/wp\/v2\/pages\/616","targetHints":{"allow":["GET"]}}],"collection":[{"href":"https:\/\/kuati.fi\/fi\/wp-json\/wp\/v2\/pages"}],"about":[{"href":"https:\/\/kuati.fi\/fi\/wp-json\/wp\/v2\/types\/page"}],"author":[{"embeddable":true,"href":"https:\/\/kuati.fi\/fi\/wp-json\/wp\/v2\/users\/3"}],"replies":[{"embeddable":true,"href":"https:\/\/kuati.fi\/fi\/wp-json\/wp\/v2\/comments?post=616"}],"version-history":[{"count":1,"href":"https:\/\/kuati.fi\/fi\/wp-json\/wp\/v2\/pages\/616\/revisions"}],"predecessor-version":[{"id":9829,"href":"https:\/\/kuati.fi\/fi\/wp-json\/wp\/v2\/pages\/616\/revisions\/9829"}],"wp:attachment":[{"href":"https:\/\/kuati.fi\/fi\/wp-json\/wp\/v2\/media?parent=616"}],"curies":[{"name":"wp","href":"https:\/\/api.w.org\/{rel}","templated":true}]}}