{"id":2,"date":"2019-10-17T13:30:10","date_gmt":"2019-10-17T13:30:10","guid":{"rendered":"https:\/\/kuati.fi\/?page_id=2"},"modified":"2021-02-22T12:26:12","modified_gmt":"2021-02-22T10:26:12","slug":"etusivu","status":"publish","type":"page","link":"https:\/\/kuati.fi\/fi\/","title":{"rendered":"Haku"},"content":{"rendered":"<p>[vc_row][vc_column width=&#8221;1\/1&#8243;][vc_empty_space empty_h=&#8221;2&#8243;][\/vc_column][\/vc_row][vc_row row_height_percent=&#8221;0&#8243; overlay_alpha=&#8221;50&#8243; gutter_size=&#8221;3&#8243; column_width_percent=&#8221;100&#8243; shift_y=&#8221;0&#8243; z_index=&#8221;0&#8243; el_class=&#8221;filter-row&#8221;][vc_column width=&#8221;1\/1&#8243;][vc_raw_html]JTVCc2VhcmNoYW5kZmlsdGVyJTIwaWQlM0QlMjI5OTglMjIlMjBzaG93JTNEJTIycmVzdWx0cyUyMiU1RA==[\/vc_raw_html][\/vc_column][\/vc_row]<\/p>\n","protected":false},"excerpt":{"rendered":"<p>[vc_row][vc_column width=&#8221;1\/1&#8243;][vc_empty_space empty_h=&#8221;2&#8243;][\/vc_column][\/vc_row][vc_row row_height_percent=&#8221;0&#8243; overlay_alpha=&#8221;50&#8243; gutter_size=&#8221;3&#8243; column_width_percent=&#8221;100&#8243; shift_y=&#8221;0&#8243; z_index=&#8221;0&#8243; el_class=&#8221;filter-row&#8221;][vc_column width=&#8221;1\/1&#8243;][vc_raw_html]JTVCc2VhcmNoYW5kZmlsdGVyJTIwaWQlM0QlMjI5OTglMjIlMjBzaG93JTNEJTIycmVzdWx0cyUyMiU1RA==[\/vc_raw_html][\/vc_column][\/vc_row]<\/p>\n","protected":false},"author":1,"featured_media":0,"parent":0,"menu_order":0,"comment_status":"closed","ping_status":"closed","template":"","meta":{"footnotes":""},"class_list":["post-2","page","type-page","status-publish","hentry"],"yoast_head":"<!-- This site is optimized with the Yoast SEO plugin v27.0 - https:\/\/yoast.com\/product\/yoast-seo-wordpress\/ -->\n<title>Haku - Ku\u00e1ti.fi<\/title>\n<meta name=\"robots\" content=\"index, follow, max-snippet:-1, max-image-preview:large, max-video-preview:-1\" \/>\n<link rel=\"canonical\" href=\"https:\/\/kuati.fi\/fi\/\" \/>\n<meta property=\"og:locale\" content=\"fi_FI\" \/>\n<meta property=\"og:type\" content=\"article\" \/>\n<meta property=\"og:title\" content=\"Haku - Ku\u00e1ti.fi\" \/>\n<meta property=\"og:description\" content=\"[vc_row][vc_column width=&#8221;1\/1&#8243;][vc_empty_space empty_h=&#8221;2&#8243;][\/vc_column][\/vc_row][vc_row row_height_percent=&#8221;0&#8243; overlay_alpha=&#8221;50&#8243; gutter_size=&#8221;3&#8243; column_width_percent=&#8221;100&#8243; shift_y=&#8221;0&#8243; z_index=&#8221;0&#8243; el_class=&#8221;filter-row&#8221;][vc_column width=&#8221;1\/1&#8243;][vc_raw_html]JTVCc2VhcmNoYW5kZmlsdGVyJTIwaWQlM0QlMjI5OTglMjIlMjBzaG93JTNEJTIycmVzdWx0cyUyMiU1RA==[\/vc_raw_html][\/vc_column][\/vc_row]\" \/>\n<meta property=\"og:url\" content=\"https:\/\/kuati.fi\/fi\/\" \/>\n<meta property=\"og:site_name\" content=\"Ku\u00e1ti.fi\" \/>\n<meta property=\"article:modified_time\" content=\"2021-02-22T10:26:12+00:00\" \/>\n<meta name=\"twitter:card\" content=\"summary_large_image\" \/>\n<script type=\"application\/ld+json\" class=\"yoast-schema-graph\">{\"@context\":\"https:\/\/schema.org\",\"@graph\":[{\"@type\":\"WebPage\",\"@id\":\"https:\/\/kuati.fi\/fi\/\",\"url\":\"https:\/\/kuati.fi\/fi\/\",\"name\":\"Haku - Ku\u00e1ti.fi\",\"isPartOf\":{\"@id\":\"https:\/\/kuati.fi\/fi\/#website\"},\"datePublished\":\"2019-10-17T13:30:10+00:00\",\"dateModified\":\"2021-02-22T10:26:12+00:00\",\"breadcrumb\":{\"@id\":\"https:\/\/kuati.fi\/fi\/#breadcrumb\"},\"inLanguage\":\"fi\",\"potentialAction\":[{\"@type\":\"ReadAction\",\"target\":[\"https:\/\/kuati.fi\/fi\/\"]}]},{\"@type\":\"BreadcrumbList\",\"@id\":\"https:\/\/kuati.fi\/fi\/#breadcrumb\",\"itemListElement\":[{\"@type\":\"ListItem\",\"position\":1,\"name\":\"Home\",\"item\":\"https:\/\/kuati.fi\/fi\/\"},{\"@type\":\"ListItem\",\"position\":2,\"name\":\"Haku\"}]},{\"@type\":\"WebSite\",\"@id\":\"https:\/\/kuati.fi\/fi\/#website\",\"url\":\"https:\/\/kuati.fi\/fi\/\",\"name\":\"Ku\u00e1ti.fi\",\"description\":\"Saamelaisk\u00e4r\u00e4j\u00e4t - Sarkaste hanke\",\"publisher\":{\"@id\":\"https:\/\/kuati.fi\/fi\/#organization\"},\"potentialAction\":[{\"@type\":\"SearchAction\",\"target\":{\"@type\":\"EntryPoint\",\"urlTemplate\":\"https:\/\/kuati.fi\/fi\/?s={search_term_string}\"},\"query-input\":{\"@type\":\"PropertyValueSpecification\",\"valueRequired\":true,\"valueName\":\"search_term_string\"}}],\"inLanguage\":\"fi\"},{\"@type\":\"Organization\",\"@id\":\"https:\/\/kuati.fi\/fi\/#organization\",\"name\":\"Ku\u00e1ti.fi\",\"url\":\"https:\/\/kuati.fi\/fi\/\",\"logo\":{\"@type\":\"ImageObject\",\"inLanguage\":\"fi\",\"@id\":\"https:\/\/kuati.fi\/fi\/#\/schema\/logo\/image\/\",\"url\":\"https:\/\/kuati.fi\/wp-content\/uploads\/2019\/11\/Kuati-logo-full.png\",\"contentUrl\":\"https:\/\/kuati.fi\/wp-content\/uploads\/2019\/11\/Kuati-logo-full.png\",\"width\":673,\"height\":410,\"caption\":\"Ku\u00e1ti.fi\"},\"image\":{\"@id\":\"https:\/\/kuati.fi\/fi\/#\/schema\/logo\/image\/\"}}]}<\/script>\n<!-- \/ Yoast SEO plugin. -->","yoast_head_json":{"title":"Haku - Ku\u00e1ti.fi","robots":{"index":"index","follow":"follow","max-snippet":"max-snippet:-1","max-image-preview":"max-image-preview:large","max-video-preview":"max-video-preview:-1"},"canonical":"https:\/\/kuati.fi\/fi\/","og_locale":"fi_FI","og_type":"article","og_title":"Haku - Ku\u00e1ti.fi","og_description":"[vc_row][vc_column width=&#8221;1\/1&#8243;][vc_empty_space empty_h=&#8221;2&#8243;][\/vc_column][\/vc_row][vc_row row_height_percent=&#8221;0&#8243; overlay_alpha=&#8221;50&#8243; gutter_size=&#8221;3&#8243; column_width_percent=&#8221;100&#8243; shift_y=&#8221;0&#8243; z_index=&#8221;0&#8243; el_class=&#8221;filter-row&#8221;][vc_column width=&#8221;1\/1&#8243;][vc_raw_html]JTVCc2VhcmNoYW5kZmlsdGVyJTIwaWQlM0QlMjI5OTglMjIlMjBzaG93JTNEJTIycmVzdWx0cyUyMiU1RA==[\/vc_raw_html][\/vc_column][\/vc_row]","og_url":"https:\/\/kuati.fi\/fi\/","og_site_name":"Ku\u00e1ti.fi","article_modified_time":"2021-02-22T10:26:12+00:00","twitter_card":"summary_large_image","schema":{"@context":"https:\/\/schema.org","@graph":[{"@type":"WebPage","@id":"https:\/\/kuati.fi\/fi\/","url":"https:\/\/kuati.fi\/fi\/","name":"Haku - Ku\u00e1ti.fi","isPartOf":{"@id":"https:\/\/kuati.fi\/fi\/#website"},"datePublished":"2019-10-17T13:30:10+00:00","dateModified":"2021-02-22T10:26:12+00:00","breadcrumb":{"@id":"https:\/\/kuati.fi\/fi\/#breadcrumb"},"inLanguage":"fi","potentialAction":[{"@type":"ReadAction","target":["https:\/\/kuati.fi\/fi\/"]}]},{"@type":"BreadcrumbList","@id":"https:\/\/kuati.fi\/fi\/#breadcrumb","itemListElement":[{"@type":"ListItem","position":1,"name":"Home","item":"https:\/\/kuati.fi\/fi\/"},{"@type":"ListItem","position":2,"name":"Haku"}]},{"@type":"WebSite","@id":"https:\/\/kuati.fi\/fi\/#website","url":"https:\/\/kuati.fi\/fi\/","name":"Ku\u00e1ti.fi","description":"Saamelaisk\u00e4r\u00e4j\u00e4t - Sarkaste hanke","publisher":{"@id":"https:\/\/kuati.fi\/fi\/#organization"},"potentialAction":[{"@type":"SearchAction","target":{"@type":"EntryPoint","urlTemplate":"https:\/\/kuati.fi\/fi\/?s={search_term_string}"},"query-input":{"@type":"PropertyValueSpecification","valueRequired":true,"valueName":"search_term_string"}}],"inLanguage":"fi"},{"@type":"Organization","@id":"https:\/\/kuati.fi\/fi\/#organization","name":"Ku\u00e1ti.fi","url":"https:\/\/kuati.fi\/fi\/","logo":{"@type":"ImageObject","inLanguage":"fi","@id":"https:\/\/kuati.fi\/fi\/#\/schema\/logo\/image\/","url":"https:\/\/kuati.fi\/wp-content\/uploads\/2019\/11\/Kuati-logo-full.png","contentUrl":"https:\/\/kuati.fi\/wp-content\/uploads\/2019\/11\/Kuati-logo-full.png","width":673,"height":410,"caption":"Ku\u00e1ti.fi"},"image":{"@id":"https:\/\/kuati.fi\/fi\/#\/schema\/logo\/image\/"}}]}},"_links":{"self":[{"href":"https:\/\/kuati.fi\/fi\/wp-json\/wp\/v2\/pages\/2","targetHints":{"allow":["GET"]}}],"collection":[{"href":"https:\/\/kuati.fi\/fi\/wp-json\/wp\/v2\/pages"}],"about":[{"href":"https:\/\/kuati.fi\/fi\/wp-json\/wp\/v2\/types\/page"}],"author":[{"embeddable":true,"href":"https:\/\/kuati.fi\/fi\/wp-json\/wp\/v2\/users\/1"}],"replies":[{"embeddable":true,"href":"https:\/\/kuati.fi\/fi\/wp-json\/wp\/v2\/comments?post=2"}],"version-history":[{"count":4,"href":"https:\/\/kuati.fi\/fi\/wp-json\/wp\/v2\/pages\/2\/revisions"}],"predecessor-version":[{"id":9821,"href":"https:\/\/kuati.fi\/fi\/wp-json\/wp\/v2\/pages\/2\/revisions\/9821"}],"wp:attachment":[{"href":"https:\/\/kuati.fi\/fi\/wp-json\/wp\/v2\/media?parent=2"}],"curies":[{"name":"wp","href":"https:\/\/api.w.org\/{rel}","templated":true}]}}