{"id":118,"date":"2019-11-19T19:24:36","date_gmt":"2019-11-19T19:24:36","guid":{"rendered":"https:\/\/kuati.fi\/?page_id=118"},"modified":"2022-09-01T16:51:45","modified_gmt":"2022-09-01T13:51:45","slug":"varhaiskasvatusyksikot","status":"publish","type":"page","link":"https:\/\/kuati.fi\/fi\/varhaiskasvatusyksikot\/","title":{"rendered":"Varhaiskasvatusyksik\u00f6t"},"content":{"rendered":"<p>[vc_row][vc_column width=&#8221;1\/1&#8243;][vc_empty_space empty_h=&#8221;3&#8243;][\/vc_column][\/vc_row][vc_row][vc_column column_width_percent=&#8221;100&#8243; gutter_size=&#8221;3&#8243; overlay_alpha=&#8221;50&#8243; shift_x=&#8221;0&#8243; shift_y=&#8221;0&#8243; shift_y_down=&#8221;0&#8243; z_index=&#8221;0&#8243; medium_visibility=&#8221;yes&#8221; medium_width=&#8221;0&#8243; mobile_visibility=&#8221;yes&#8221; mobile_width=&#8221;0&#8243; css_animation=&#8221;bottom-t-top&#8221; width=&#8221;1\/4&#8243;][vc_single_image media=&#8221;42&#8243; media_width_percent=&#8221;75&#8243; alignment=&#8221;center&#8221;][\/vc_column][vc_column width=&#8221;3\/4&#8243;][vc_custom_heading]<\/p>\n<h2><strong>Saamenkieliset varhaiskasvatusyksik\u00f6t saamelaisten kotiseutualueella:<\/strong><\/h2>\n<p>[\/vc_custom_heading][vc_accordion history=&#8221;yes&#8221; active_tab=&#8221;0&#8243;][vc_accordion_tab title=&#8221;Enonteki\u00f6n kunta&#8221; tab_id=&#8221;1574188023-1-81&#8243;][vc_column_text]<\/p>\n<ul>\n<li>Hetassa p\u00e4iv\u00e4koti Riekon pohjoissaamenkielinen ryhm\u00e4 Miessi<\/li>\n<li>Karesuandossa saamenkielinen esikoulu L\u00e1vvu (ostopalveluna Ruotsin puolelta)<\/li>\n<li>Hetan pohjoissaamen kielipes\u00e4 Duottarn\u00e1sti<\/li>\n<\/ul>\n<p><a href=\"https:\/\/enontekio.fi\/varhaiskasvatus-ja-koulutus\/varhaiskasvatus\/varhaiskasvatus\/\">https:\/\/enontekio.fi\/varhaiskasvatus-ja-koulutus\/varhaiskasvatus\/varhaiskasvatus\/<\/a>[\/vc_column_text][\/vc_accordion_tab][vc_accordion_tab title=&#8221;Inarin Kunta&#8221; tab_id=&#8221;1574188023-2-76&#8243;][vc_column_text]<\/p>\n<ul>\n<li>Ivalon pohjoissaamenkielinen p\u00e4iv\u00e4kotiryhm\u00e4 N\u00e1sti<\/li>\n<li>Ivalon koltansaamen kielipes\u00e4 Pe\u02c8sser<\/li>\n<li>Inarin pohjoissaamenkielinen p\u00e4iv\u00e4kotiryhm\u00e4 Urbi<\/li>\n<li>Ivalon inarinsaamen kielipes\u00e4 Ku\u00e1ti<\/li>\n<li>Inarin kirkonkyl\u00e4n inarinsaamen kielipes\u00e4 Pierv\u00e2l<\/li>\n<li>Inarin kirkonkyl\u00e4n inarinsaamen kielipes\u00e4 Pi\u00e4ju<\/li>\n<li>Sevettij\u00e4rven koltansaamen kielipes\u00e4 Kuusk\u00f5\u00f5zz<\/li>\n<\/ul>\n<p><a href=\"https:\/\/www.inari.fi\/fi\/palvelut\/sivistyspalvelut\/varhaiskasvatus.html\">https:\/\/www.inari.fi\/fi\/palvelut\/sivistyspalvelut\/varhaiskasvatus.html<\/a>[\/vc_column_text][\/vc_accordion_tab][vc_accordion_tab title=&#8221;Sodankyl\u00e4n kunta&#8221; tab_id=&#8221;1574188956852-2-3&#8243;][vc_column_text]<\/p>\n<ul>\n<li>Vuotson pohjoissaamen kielipes\u00e4 Biedju<\/li>\n<li>Sodankyl\u00e4n pohjoissaamen kielipes\u00e4 Muohta\u010dalbmi<\/li>\n<\/ul>\n<p><a href=\"https:\/\/peda.net\/sodankyla\/varhaiskasvatus\">https:\/\/peda.net\/sodankyla\/varhaiskasvatus<\/a>[\/vc_column_text][\/vc_accordion_tab][vc_accordion_tab title=&#8221;Utsjoen kunta&#8221; tab_id=&#8221;1574195481259-4-8&#8243;][vc_column_text]<\/p>\n<ul>\n<li>Karigasniemen pohjoissaamenkielinen p\u00e4iv\u00e4koti Goller\u00e1ssi<\/li>\n<li>Karigasniemen pohjoissaamen kielipes\u00e4<\/li>\n<li>Utsjoen p\u00e4iv\u00e4kodin pohjoissaamenkielinen osasto Duottaraski<\/li>\n<li>Utsjoen pohjoissaamen kielipes\u00e4<\/li>\n<li>Nuorgamin pohjoissaamen kielipes\u00e4<\/li>\n<\/ul>\n<p><a href=\"https:\/\/www.utsjoki.fi\/kuntalaiselle\/opetus\/varhaiskasvatus\/\">https:\/\/www.utsjoki.fi\/kuntalaiselle\/opetus\/varhaiskasvatus\/<\/a>[\/vc_column_text][\/vc_accordion_tab][\/vc_accordion][\/vc_column][\/vc_row][vc_row][vc_column width=&#8221;1\/4&#8243;][\/vc_column][vc_column width=&#8221;3\/4&#8243;][vc_custom_heading]<\/p>\n<h2><strong>Saamenkieliset varhaiskasvatusyksik\u00f6t muualla Suomessa:<\/strong><\/h2>\n<p>[\/vc_custom_heading][vc_accordion active_tab=&#8221;0&#8243;][vc_accordion_tab title=&#8221;Rovaniemen kaupunki&#8221; tab_id=&#8221;1574192360-1-14&#8243;][vc_column_text]<\/p>\n<ul>\n<li>Saamenkielinen p\u00e4iv\u00e4koti Galdd\u00e1zat<\/li>\n<li>Pohjoissaamen kielipes\u00e4 Guov\u017eabiedju<\/li>\n<\/ul>\n<p>[\/vc_column_text][\/vc_accordion_tab][vc_accordion_tab title=&#8221;Oulun kaupunki&#8221; tab_id=&#8221;1574192360-2-50&#8243;][vc_column_text]<\/p>\n<ul>\n<li>M\u00e4ntyl\u00e4-Snellmannin p\u00e4iv\u00e4koti,\u00a0pohjoissaamenkielinen ryhm\u00e4\u00a0R\u00e1sit<\/li>\n<li>M\u00e4ntyl\u00e4-Snellmanin p\u00e4iv\u00e4koti, pohjoissaamen kielipes\u00e4<\/li>\n<\/ul>\n<p>[\/vc_column_text][\/vc_accordion_tab][vc_accordion_tab title=&#8221;Helsingin kaupunki&#8221; tab_id=&#8221;1574192446664-2-6&#8243;][vc_column_text]<\/p>\n<ul>\n<li>P\u00e4iv\u00e4koti Troolari, pohjoissaamenkielinen p\u00e4iv\u00e4kotiryhm\u00e4<\/li>\n<li>Pohjoissaamen kielipes\u00e4 M\u00e1ttabiegga (City S\u00e1mit ry)<\/li>\n<\/ul>\n<p>[\/vc_column_text][\/vc_accordion_tab][\/vc_accordion][\/vc_column][\/vc_row][vc_row][vc_column width=&#8221;1\/1&#8243;][vc_empty_space empty_h=&#8221;3&#8243;][\/vc_column][\/vc_row]<\/p>\n","protected":false},"excerpt":{"rendered":"<p>Lorem ipsum dolor sit amet, ut ipsum sententiae his, fugit ponderum suscipiantur id sea, alia possit suscipiantur et vix. Sed epicuri singulis cotidieque cu. Usu cu partiendo iudicabit maiestatis. Sea graeci petentium ei. Solum apeirian quo in, copiosae posidonium constituam ea sea.<\/p>\n","protected":false},"author":2,"featured_media":42,"parent":0,"menu_order":0,"comment_status":"closed","ping_status":"closed","template":"","meta":{"footnotes":""},"class_list":["post-118","page","type-page","status-publish","has-post-thumbnail","hentry"],"yoast_head":"<!-- This site is optimized with the Yoast SEO plugin v27.0 - https:\/\/yoast.com\/product\/yoast-seo-wordpress\/ -->\n<title>Varhaiskasvatusyksik\u00f6t - Ku\u00e1ti.fi<\/title>\n<meta name=\"robots\" content=\"index, follow, max-snippet:-1, max-image-preview:large, max-video-preview:-1\" \/>\n<link rel=\"canonical\" href=\"https:\/\/kuati.fi\/fi\/varhaiskasvatusyksikot\/\" \/>\n<meta property=\"og:locale\" content=\"fi_FI\" \/>\n<meta property=\"og:type\" content=\"article\" \/>\n<meta property=\"og:title\" content=\"Varhaiskasvatusyksik\u00f6t - Ku\u00e1ti.fi\" \/>\n<meta property=\"og:description\" content=\"Lorem ipsum dolor sit amet, ut ipsum sententiae his, fugit ponderum suscipiantur id sea, alia possit suscipiantur et vix. Sed epicuri singulis cotidieque cu. Usu cu partiendo iudicabit maiestatis. Sea graeci petentium ei. Solum apeirian quo in, copiosae posidonium constituam ea sea.\" \/>\n<meta property=\"og:url\" content=\"https:\/\/kuati.fi\/fi\/varhaiskasvatusyksikot\/\" \/>\n<meta property=\"og:site_name\" content=\"Ku\u00e1ti.fi\" \/>\n<meta property=\"article:modified_time\" content=\"2022-09-01T13:51:45+00:00\" \/>\n<meta property=\"og:image\" content=\"https:\/\/kuati.fi\/wp-content\/uploads\/2019\/11\/lampi.png\" \/>\n\t<meta property=\"og:image:width\" content=\"420\" \/>\n\t<meta property=\"og:image:height\" content=\"634\" \/>\n\t<meta property=\"og:image:type\" content=\"image\/png\" \/>\n<meta name=\"twitter:card\" content=\"summary_large_image\" \/>\n<meta name=\"twitter:label1\" content=\"Arvioitu lukuaika\" \/>\n\t<meta name=\"twitter:data1\" content=\"1 minuutti\" \/>\n<script type=\"application\/ld+json\" class=\"yoast-schema-graph\">{\"@context\":\"https:\/\/schema.org\",\"@graph\":[{\"@type\":\"WebPage\",\"@id\":\"https:\/\/kuati.fi\/fi\/varhaiskasvatusyksikot\/\",\"url\":\"https:\/\/kuati.fi\/fi\/varhaiskasvatusyksikot\/\",\"name\":\"Varhaiskasvatusyksik\u00f6t - Ku\u00e1ti.fi\",\"isPartOf\":{\"@id\":\"https:\/\/kuati.fi\/fi\/#website\"},\"primaryImageOfPage\":{\"@id\":\"https:\/\/kuati.fi\/fi\/varhaiskasvatusyksikot\/#primaryimage\"},\"image\":{\"@id\":\"https:\/\/kuati.fi\/fi\/varhaiskasvatusyksikot\/#primaryimage\"},\"thumbnailUrl\":\"https:\/\/kuati.fi\/wp-content\/uploads\/2019\/11\/lampi.png\",\"datePublished\":\"2019-11-19T19:24:36+00:00\",\"dateModified\":\"2022-09-01T13:51:45+00:00\",\"breadcrumb\":{\"@id\":\"https:\/\/kuati.fi\/fi\/varhaiskasvatusyksikot\/#breadcrumb\"},\"inLanguage\":\"fi\",\"potentialAction\":[{\"@type\":\"ReadAction\",\"target\":[\"https:\/\/kuati.fi\/fi\/varhaiskasvatusyksikot\/\"]}]},{\"@type\":\"ImageObject\",\"inLanguage\":\"fi\",\"@id\":\"https:\/\/kuati.fi\/fi\/varhaiskasvatusyksikot\/#primaryimage\",\"url\":\"https:\/\/kuati.fi\/wp-content\/uploads\/2019\/11\/lampi.png\",\"contentUrl\":\"https:\/\/kuati.fi\/wp-content\/uploads\/2019\/11\/lampi.png\",\"width\":420,\"height\":634},{\"@type\":\"BreadcrumbList\",\"@id\":\"https:\/\/kuati.fi\/fi\/varhaiskasvatusyksikot\/#breadcrumb\",\"itemListElement\":[{\"@type\":\"ListItem\",\"position\":1,\"name\":\"Home\",\"item\":\"https:\/\/kuati.fi\/fi\/\"},{\"@type\":\"ListItem\",\"position\":2,\"name\":\"Varhaiskasvatusyksik\u00f6t\"}]},{\"@type\":\"WebSite\",\"@id\":\"https:\/\/kuati.fi\/fi\/#website\",\"url\":\"https:\/\/kuati.fi\/fi\/\",\"name\":\"Ku\u00e1ti.fi\",\"description\":\"Saamelaisk\u00e4r\u00e4j\u00e4t - Sarkaste hanke\",\"publisher\":{\"@id\":\"https:\/\/kuati.fi\/fi\/#organization\"},\"potentialAction\":[{\"@type\":\"SearchAction\",\"target\":{\"@type\":\"EntryPoint\",\"urlTemplate\":\"https:\/\/kuati.fi\/fi\/?s={search_term_string}\"},\"query-input\":{\"@type\":\"PropertyValueSpecification\",\"valueRequired\":true,\"valueName\":\"search_term_string\"}}],\"inLanguage\":\"fi\"},{\"@type\":\"Organization\",\"@id\":\"https:\/\/kuati.fi\/fi\/#organization\",\"name\":\"Ku\u00e1ti.fi\",\"url\":\"https:\/\/kuati.fi\/fi\/\",\"logo\":{\"@type\":\"ImageObject\",\"inLanguage\":\"fi\",\"@id\":\"https:\/\/kuati.fi\/fi\/#\/schema\/logo\/image\/\",\"url\":\"https:\/\/kuati.fi\/wp-content\/uploads\/2019\/11\/Kuati-logo-full.png\",\"contentUrl\":\"https:\/\/kuati.fi\/wp-content\/uploads\/2019\/11\/Kuati-logo-full.png\",\"width\":673,\"height\":410,\"caption\":\"Ku\u00e1ti.fi\"},\"image\":{\"@id\":\"https:\/\/kuati.fi\/fi\/#\/schema\/logo\/image\/\"}}]}<\/script>\n<!-- \/ Yoast SEO plugin. -->","yoast_head_json":{"title":"Varhaiskasvatusyksik\u00f6t - Ku\u00e1ti.fi","robots":{"index":"index","follow":"follow","max-snippet":"max-snippet:-1","max-image-preview":"max-image-preview:large","max-video-preview":"max-video-preview:-1"},"canonical":"https:\/\/kuati.fi\/fi\/varhaiskasvatusyksikot\/","og_locale":"fi_FI","og_type":"article","og_title":"Varhaiskasvatusyksik\u00f6t - Ku\u00e1ti.fi","og_description":"Lorem ipsum dolor sit amet, ut ipsum sententiae his, fugit ponderum suscipiantur id sea, alia possit suscipiantur et vix. Sed epicuri singulis cotidieque cu. Usu cu partiendo iudicabit maiestatis. Sea graeci petentium ei. Solum apeirian quo in, copiosae posidonium constituam ea sea.","og_url":"https:\/\/kuati.fi\/fi\/varhaiskasvatusyksikot\/","og_site_name":"Ku\u00e1ti.fi","article_modified_time":"2022-09-01T13:51:45+00:00","og_image":[{"width":420,"height":634,"url":"https:\/\/kuati.fi\/wp-content\/uploads\/2019\/11\/lampi.png","type":"image\/png"}],"twitter_card":"summary_large_image","twitter_misc":{"Arvioitu lukuaika":"1 minuutti"},"schema":{"@context":"https:\/\/schema.org","@graph":[{"@type":"WebPage","@id":"https:\/\/kuati.fi\/fi\/varhaiskasvatusyksikot\/","url":"https:\/\/kuati.fi\/fi\/varhaiskasvatusyksikot\/","name":"Varhaiskasvatusyksik\u00f6t - Ku\u00e1ti.fi","isPartOf":{"@id":"https:\/\/kuati.fi\/fi\/#website"},"primaryImageOfPage":{"@id":"https:\/\/kuati.fi\/fi\/varhaiskasvatusyksikot\/#primaryimage"},"image":{"@id":"https:\/\/kuati.fi\/fi\/varhaiskasvatusyksikot\/#primaryimage"},"thumbnailUrl":"https:\/\/kuati.fi\/wp-content\/uploads\/2019\/11\/lampi.png","datePublished":"2019-11-19T19:24:36+00:00","dateModified":"2022-09-01T13:51:45+00:00","breadcrumb":{"@id":"https:\/\/kuati.fi\/fi\/varhaiskasvatusyksikot\/#breadcrumb"},"inLanguage":"fi","potentialAction":[{"@type":"ReadAction","target":["https:\/\/kuati.fi\/fi\/varhaiskasvatusyksikot\/"]}]},{"@type":"ImageObject","inLanguage":"fi","@id":"https:\/\/kuati.fi\/fi\/varhaiskasvatusyksikot\/#primaryimage","url":"https:\/\/kuati.fi\/wp-content\/uploads\/2019\/11\/lampi.png","contentUrl":"https:\/\/kuati.fi\/wp-content\/uploads\/2019\/11\/lampi.png","width":420,"height":634},{"@type":"BreadcrumbList","@id":"https:\/\/kuati.fi\/fi\/varhaiskasvatusyksikot\/#breadcrumb","itemListElement":[{"@type":"ListItem","position":1,"name":"Home","item":"https:\/\/kuati.fi\/fi\/"},{"@type":"ListItem","position":2,"name":"Varhaiskasvatusyksik\u00f6t"}]},{"@type":"WebSite","@id":"https:\/\/kuati.fi\/fi\/#website","url":"https:\/\/kuati.fi\/fi\/","name":"Ku\u00e1ti.fi","description":"Saamelaisk\u00e4r\u00e4j\u00e4t - Sarkaste hanke","publisher":{"@id":"https:\/\/kuati.fi\/fi\/#organization"},"potentialAction":[{"@type":"SearchAction","target":{"@type":"EntryPoint","urlTemplate":"https:\/\/kuati.fi\/fi\/?s={search_term_string}"},"query-input":{"@type":"PropertyValueSpecification","valueRequired":true,"valueName":"search_term_string"}}],"inLanguage":"fi"},{"@type":"Organization","@id":"https:\/\/kuati.fi\/fi\/#organization","name":"Ku\u00e1ti.fi","url":"https:\/\/kuati.fi\/fi\/","logo":{"@type":"ImageObject","inLanguage":"fi","@id":"https:\/\/kuati.fi\/fi\/#\/schema\/logo\/image\/","url":"https:\/\/kuati.fi\/wp-content\/uploads\/2019\/11\/Kuati-logo-full.png","contentUrl":"https:\/\/kuati.fi\/wp-content\/uploads\/2019\/11\/Kuati-logo-full.png","width":673,"height":410,"caption":"Ku\u00e1ti.fi"},"image":{"@id":"https:\/\/kuati.fi\/fi\/#\/schema\/logo\/image\/"}}]}},"_links":{"self":[{"href":"https:\/\/kuati.fi\/fi\/wp-json\/wp\/v2\/pages\/118","targetHints":{"allow":["GET"]}}],"collection":[{"href":"https:\/\/kuati.fi\/fi\/wp-json\/wp\/v2\/pages"}],"about":[{"href":"https:\/\/kuati.fi\/fi\/wp-json\/wp\/v2\/types\/page"}],"author":[{"embeddable":true,"href":"https:\/\/kuati.fi\/fi\/wp-json\/wp\/v2\/users\/2"}],"replies":[{"embeddable":true,"href":"https:\/\/kuati.fi\/fi\/wp-json\/wp\/v2\/comments?post=118"}],"version-history":[{"count":14,"href":"https:\/\/kuati.fi\/fi\/wp-json\/wp\/v2\/pages\/118\/revisions"}],"predecessor-version":[{"id":10466,"href":"https:\/\/kuati.fi\/fi\/wp-json\/wp\/v2\/pages\/118\/revisions\/10466"}],"wp:featuredmedia":[{"embeddable":true,"href":"https:\/\/kuati.fi\/fi\/wp-json\/wp\/v2\/media\/42"}],"wp:attachment":[{"href":"https:\/\/kuati.fi\/fi\/wp-json\/wp\/v2\/media?parent=118"}],"curies":[{"name":"wp","href":"https:\/\/api.w.org\/{rel}","templated":true}]}}