{"id":112,"date":"2019-11-19T19:20:46","date_gmt":"2019-11-19T19:20:46","guid":{"rendered":"https:\/\/kuati.fi\/?page_id=112"},"modified":"2022-05-31T15:42:14","modified_gmt":"2022-05-31T12:42:14","slug":"kayttoohjeet","status":"publish","type":"page","link":"https:\/\/kuati.fi\/fi\/kayttoohjeet\/","title":{"rendered":"K\u00e4ytt\u00f6ohjeet"},"content":{"rendered":"<p>[vc_row][vc_column width=&#8221;1\/1&#8243;][vc_empty_space empty_h=&#8221;3&#8243;][\/vc_column][\/vc_row][vc_row row_height_percent=&#8221;0&#8243; overlay_alpha=&#8221;50&#8243; gutter_size=&#8221;3&#8243; column_width_percent=&#8221;100&#8243; shift_y=&#8221;0&#8243; z_index=&#8221;0&#8243; top_divider=&#8221;pyramids&#8221;][vc_column width=&#8221;1\/4&#8243;][\/vc_column][vc_column width=&#8221;3\/4&#8243;][vc_column_text]<\/p>\n<div class=\"wysiwyg_content\">\n<h2>Ku\u00e1ti.fi k\u00e4ytt\u00f6ohjeet:<\/h2>\n<h3><strong>Ku\u00e1ti.fi-sivuston materiaali:<\/strong><\/h3>\n<ul>\n<li>Sivuston tekstimateriaali on p\u00e4\u00e4s\u00e4\u00e4nt\u00f6isesti kolmella saamenkielell\u00e4, mutta videoita ja \u00e4\u00e4nitteit\u00e4 ei ole v\u00e4ltt\u00e4m\u00e4tt\u00e4 saatavilla kaikilla kolmella kielell\u00e4.<\/li>\n<li>Jotkin materiaalit l\u00f6ytyv\u00e4t my\u00f6s suomen kielell\u00e4<\/li>\n<li>Ladattavaan tekstimateriaaliin on merkitty kielitunnus\n<ul>\n<li>Pohjoissaamenkielisen materiaalin tunnus on\u00a0<strong>ds<\/strong><\/li>\n<li>Inarinsaamenkielisen materiaalin tunnus<strong>\u00a0ak<\/strong><\/li>\n<li>Koltansaamekielisen materiaalin tunnus\u00a0<strong>ns<\/strong><\/li>\n<li>Suomenkielisen materiaalin tunnus on\u00a0<strong>su<\/strong><\/li>\n<li>Esimerkiksi inarinsaamenkielinen mediaopas on merkitty ladattavaksi nimell\u00e4 ak_mediaopas ja vastaavasti koltansaamenkielinen opas nimell\u00e4 ns_mediaopas.<\/li>\n<\/ul>\n<\/li>\n<\/ul>\n<\/div>\n<p>[\/vc_column_text][\/vc_column][\/vc_row][vc_row][vc_column width=&#8221;1\/1&#8243;][vc_empty_space empty_h=&#8221;3&#8243;][\/vc_column][\/vc_row]<\/p>\n","protected":false},"excerpt":{"rendered":"<p>Lorem ipsum dolor sit amet, ut ipsum sententiae his, fugit ponderum suscipiantur id sea, alia possit suscipiantur et vix. Sed epicuri singulis cotidieque cu. Usu cu partiendo iudicabit maiestatis. Sea graeci petentium ei. Solum apeirian quo in, copiosae posidonium constituam ea sea.<\/p>\n","protected":false},"author":2,"featured_media":45,"parent":0,"menu_order":0,"comment_status":"closed","ping_status":"closed","template":"","meta":{"footnotes":""},"class_list":["post-112","page","type-page","status-publish","has-post-thumbnail","hentry"],"yoast_head":"<!-- This site is optimized with the Yoast SEO plugin v27.0 - https:\/\/yoast.com\/product\/yoast-seo-wordpress\/ -->\n<title>K\u00e4ytt\u00f6ohjeet - Ku\u00e1ti.fi<\/title>\n<meta name=\"robots\" content=\"index, follow, max-snippet:-1, max-image-preview:large, max-video-preview:-1\" \/>\n<link rel=\"canonical\" href=\"https:\/\/kuati.fi\/fi\/kayttoohjeet\/\" \/>\n<meta property=\"og:locale\" content=\"fi_FI\" \/>\n<meta property=\"og:type\" content=\"article\" \/>\n<meta property=\"og:title\" content=\"K\u00e4ytt\u00f6ohjeet - Ku\u00e1ti.fi\" \/>\n<meta property=\"og:description\" content=\"Lorem ipsum dolor sit amet, ut ipsum sententiae his, fugit ponderum suscipiantur id sea, alia possit suscipiantur et vix. Sed epicuri singulis cotidieque cu. Usu cu partiendo iudicabit maiestatis. Sea graeci petentium ei. Solum apeirian quo in, copiosae posidonium constituam ea sea.\" \/>\n<meta property=\"og:url\" content=\"https:\/\/kuati.fi\/fi\/kayttoohjeet\/\" \/>\n<meta property=\"og:site_name\" content=\"Ku\u00e1ti.fi\" \/>\n<meta property=\"article:modified_time\" content=\"2022-05-31T12:42:14+00:00\" \/>\n<meta property=\"og:image\" content=\"https:\/\/kuati.fi\/wp-content\/uploads\/2019\/11\/oviaukko.png\" \/>\n\t<meta property=\"og:image:width\" content=\"459\" \/>\n\t<meta property=\"og:image:height\" content=\"530\" \/>\n\t<meta property=\"og:image:type\" content=\"image\/png\" \/>\n<meta name=\"twitter:card\" content=\"summary_large_image\" \/>\n<meta name=\"twitter:label1\" content=\"Arvioitu lukuaika\" \/>\n\t<meta name=\"twitter:data1\" content=\"1 minuutti\" \/>\n<script type=\"application\/ld+json\" class=\"yoast-schema-graph\">{\"@context\":\"https:\/\/schema.org\",\"@graph\":[{\"@type\":\"WebPage\",\"@id\":\"https:\/\/kuati.fi\/fi\/kayttoohjeet\/\",\"url\":\"https:\/\/kuati.fi\/fi\/kayttoohjeet\/\",\"name\":\"K\u00e4ytt\u00f6ohjeet - Ku\u00e1ti.fi\",\"isPartOf\":{\"@id\":\"https:\/\/kuati.fi\/fi\/#website\"},\"primaryImageOfPage\":{\"@id\":\"https:\/\/kuati.fi\/fi\/kayttoohjeet\/#primaryimage\"},\"image\":{\"@id\":\"https:\/\/kuati.fi\/fi\/kayttoohjeet\/#primaryimage\"},\"thumbnailUrl\":\"https:\/\/kuati.fi\/wp-content\/uploads\/2019\/11\/oviaukko.png\",\"datePublished\":\"2019-11-19T19:20:46+00:00\",\"dateModified\":\"2022-05-31T12:42:14+00:00\",\"breadcrumb\":{\"@id\":\"https:\/\/kuati.fi\/fi\/kayttoohjeet\/#breadcrumb\"},\"inLanguage\":\"fi\",\"potentialAction\":[{\"@type\":\"ReadAction\",\"target\":[\"https:\/\/kuati.fi\/fi\/kayttoohjeet\/\"]}]},{\"@type\":\"ImageObject\",\"inLanguage\":\"fi\",\"@id\":\"https:\/\/kuati.fi\/fi\/kayttoohjeet\/#primaryimage\",\"url\":\"https:\/\/kuati.fi\/wp-content\/uploads\/2019\/11\/oviaukko.png\",\"contentUrl\":\"https:\/\/kuati.fi\/wp-content\/uploads\/2019\/11\/oviaukko.png\",\"width\":459,\"height\":530},{\"@type\":\"BreadcrumbList\",\"@id\":\"https:\/\/kuati.fi\/fi\/kayttoohjeet\/#breadcrumb\",\"itemListElement\":[{\"@type\":\"ListItem\",\"position\":1,\"name\":\"Home\",\"item\":\"https:\/\/kuati.fi\/fi\/\"},{\"@type\":\"ListItem\",\"position\":2,\"name\":\"K\u00e4ytt\u00f6ohjeet\"}]},{\"@type\":\"WebSite\",\"@id\":\"https:\/\/kuati.fi\/fi\/#website\",\"url\":\"https:\/\/kuati.fi\/fi\/\",\"name\":\"Ku\u00e1ti.fi\",\"description\":\"Saamelaisk\u00e4r\u00e4j\u00e4t - Sarkaste hanke\",\"publisher\":{\"@id\":\"https:\/\/kuati.fi\/fi\/#organization\"},\"potentialAction\":[{\"@type\":\"SearchAction\",\"target\":{\"@type\":\"EntryPoint\",\"urlTemplate\":\"https:\/\/kuati.fi\/fi\/?s={search_term_string}\"},\"query-input\":{\"@type\":\"PropertyValueSpecification\",\"valueRequired\":true,\"valueName\":\"search_term_string\"}}],\"inLanguage\":\"fi\"},{\"@type\":\"Organization\",\"@id\":\"https:\/\/kuati.fi\/fi\/#organization\",\"name\":\"Ku\u00e1ti.fi\",\"url\":\"https:\/\/kuati.fi\/fi\/\",\"logo\":{\"@type\":\"ImageObject\",\"inLanguage\":\"fi\",\"@id\":\"https:\/\/kuati.fi\/fi\/#\/schema\/logo\/image\/\",\"url\":\"https:\/\/kuati.fi\/wp-content\/uploads\/2019\/11\/Kuati-logo-full.png\",\"contentUrl\":\"https:\/\/kuati.fi\/wp-content\/uploads\/2019\/11\/Kuati-logo-full.png\",\"width\":673,\"height\":410,\"caption\":\"Ku\u00e1ti.fi\"},\"image\":{\"@id\":\"https:\/\/kuati.fi\/fi\/#\/schema\/logo\/image\/\"}}]}<\/script>\n<!-- \/ Yoast SEO plugin. -->","yoast_head_json":{"title":"K\u00e4ytt\u00f6ohjeet - Ku\u00e1ti.fi","robots":{"index":"index","follow":"follow","max-snippet":"max-snippet:-1","max-image-preview":"max-image-preview:large","max-video-preview":"max-video-preview:-1"},"canonical":"https:\/\/kuati.fi\/fi\/kayttoohjeet\/","og_locale":"fi_FI","og_type":"article","og_title":"K\u00e4ytt\u00f6ohjeet - Ku\u00e1ti.fi","og_description":"Lorem ipsum dolor sit amet, ut ipsum sententiae his, fugit ponderum suscipiantur id sea, alia possit suscipiantur et vix. Sed epicuri singulis cotidieque cu. Usu cu partiendo iudicabit maiestatis. Sea graeci petentium ei. Solum apeirian quo in, copiosae posidonium constituam ea sea.","og_url":"https:\/\/kuati.fi\/fi\/kayttoohjeet\/","og_site_name":"Ku\u00e1ti.fi","article_modified_time":"2022-05-31T12:42:14+00:00","og_image":[{"width":459,"height":530,"url":"https:\/\/kuati.fi\/wp-content\/uploads\/2019\/11\/oviaukko.png","type":"image\/png"}],"twitter_card":"summary_large_image","twitter_misc":{"Arvioitu lukuaika":"1 minuutti"},"schema":{"@context":"https:\/\/schema.org","@graph":[{"@type":"WebPage","@id":"https:\/\/kuati.fi\/fi\/kayttoohjeet\/","url":"https:\/\/kuati.fi\/fi\/kayttoohjeet\/","name":"K\u00e4ytt\u00f6ohjeet - Ku\u00e1ti.fi","isPartOf":{"@id":"https:\/\/kuati.fi\/fi\/#website"},"primaryImageOfPage":{"@id":"https:\/\/kuati.fi\/fi\/kayttoohjeet\/#primaryimage"},"image":{"@id":"https:\/\/kuati.fi\/fi\/kayttoohjeet\/#primaryimage"},"thumbnailUrl":"https:\/\/kuati.fi\/wp-content\/uploads\/2019\/11\/oviaukko.png","datePublished":"2019-11-19T19:20:46+00:00","dateModified":"2022-05-31T12:42:14+00:00","breadcrumb":{"@id":"https:\/\/kuati.fi\/fi\/kayttoohjeet\/#breadcrumb"},"inLanguage":"fi","potentialAction":[{"@type":"ReadAction","target":["https:\/\/kuati.fi\/fi\/kayttoohjeet\/"]}]},{"@type":"ImageObject","inLanguage":"fi","@id":"https:\/\/kuati.fi\/fi\/kayttoohjeet\/#primaryimage","url":"https:\/\/kuati.fi\/wp-content\/uploads\/2019\/11\/oviaukko.png","contentUrl":"https:\/\/kuati.fi\/wp-content\/uploads\/2019\/11\/oviaukko.png","width":459,"height":530},{"@type":"BreadcrumbList","@id":"https:\/\/kuati.fi\/fi\/kayttoohjeet\/#breadcrumb","itemListElement":[{"@type":"ListItem","position":1,"name":"Home","item":"https:\/\/kuati.fi\/fi\/"},{"@type":"ListItem","position":2,"name":"K\u00e4ytt\u00f6ohjeet"}]},{"@type":"WebSite","@id":"https:\/\/kuati.fi\/fi\/#website","url":"https:\/\/kuati.fi\/fi\/","name":"Ku\u00e1ti.fi","description":"Saamelaisk\u00e4r\u00e4j\u00e4t - Sarkaste hanke","publisher":{"@id":"https:\/\/kuati.fi\/fi\/#organization"},"potentialAction":[{"@type":"SearchAction","target":{"@type":"EntryPoint","urlTemplate":"https:\/\/kuati.fi\/fi\/?s={search_term_string}"},"query-input":{"@type":"PropertyValueSpecification","valueRequired":true,"valueName":"search_term_string"}}],"inLanguage":"fi"},{"@type":"Organization","@id":"https:\/\/kuati.fi\/fi\/#organization","name":"Ku\u00e1ti.fi","url":"https:\/\/kuati.fi\/fi\/","logo":{"@type":"ImageObject","inLanguage":"fi","@id":"https:\/\/kuati.fi\/fi\/#\/schema\/logo\/image\/","url":"https:\/\/kuati.fi\/wp-content\/uploads\/2019\/11\/Kuati-logo-full.png","contentUrl":"https:\/\/kuati.fi\/wp-content\/uploads\/2019\/11\/Kuati-logo-full.png","width":673,"height":410,"caption":"Ku\u00e1ti.fi"},"image":{"@id":"https:\/\/kuati.fi\/fi\/#\/schema\/logo\/image\/"}}]}},"_links":{"self":[{"href":"https:\/\/kuati.fi\/fi\/wp-json\/wp\/v2\/pages\/112","targetHints":{"allow":["GET"]}}],"collection":[{"href":"https:\/\/kuati.fi\/fi\/wp-json\/wp\/v2\/pages"}],"about":[{"href":"https:\/\/kuati.fi\/fi\/wp-json\/wp\/v2\/types\/page"}],"author":[{"embeddable":true,"href":"https:\/\/kuati.fi\/fi\/wp-json\/wp\/v2\/users\/2"}],"replies":[{"embeddable":true,"href":"https:\/\/kuati.fi\/fi\/wp-json\/wp\/v2\/comments?post=112"}],"version-history":[{"count":2,"href":"https:\/\/kuati.fi\/fi\/wp-json\/wp\/v2\/pages\/112\/revisions"}],"predecessor-version":[{"id":9888,"href":"https:\/\/kuati.fi\/fi\/wp-json\/wp\/v2\/pages\/112\/revisions\/9888"}],"wp:featuredmedia":[{"embeddable":true,"href":"https:\/\/kuati.fi\/fi\/wp-json\/wp\/v2\/media\/45"}],"wp:attachment":[{"href":"https:\/\/kuati.fi\/fi\/wp-json\/wp\/v2\/media?parent=112"}],"curies":[{"name":"wp","href":"https:\/\/api.w.org\/{rel}","templated":true}]}}