{"id":10712,"date":"2022-10-03T12:11:11","date_gmt":"2022-10-03T09:11:11","guid":{"rendered":"https:\/\/kuati.fi\/?page_id=10712"},"modified":"2022-11-28T16:14:54","modified_gmt":"2022-11-28T14:14:54","slug":"usein-kysytyt-kysymykset","status":"publish","type":"page","link":"https:\/\/kuati.fi\/fi\/usein-kysytyt-kysymykset\/","title":{"rendered":"Usein kysytyt kysymykset"},"content":{"rendered":"<p>[vc_row][vc_column width=&#8221;1\/1&#8243;][vc_column_text uncode_shortcode_id=&#8221;221796&#8243;]<\/p>\n<h2>Usein kysyttyj\u00e4 kysymyksi\u00e4<\/h2>\n<p>&nbsp;<\/p>\n<p>&nbsp;<\/p>\n<p><strong>Mill\u00e4 kielell\u00e4 Ku\u00e1ti-materiaalipankki on?<\/strong><\/p>\n<p><em>Sivuston tekstimateriaali on p\u00e4\u00e4s\u00e4\u00e4nt\u00f6isesti kaikilla kolmella Suomessa puhutulla saamen kielell\u00e4. Videot ja \u00e4\u00e4nimateriaalit eiv\u00e4t v\u00e4ltt\u00e4m\u00e4tt\u00e4 ole saatavilla kaikilla kielill\u00e4. Jotkut ladattavat materiaalit ovat my\u00f6s suomeksi.<\/em><\/p>\n<p>&nbsp;<\/p>\n<p><strong>Kenelle Ku\u00e1ti-materiaalipankki on tarkoitettu?<\/strong><\/p>\n<p><em>Ku\u00e1ti-materiaalipankki on tarkoitettu p\u00e4\u00e4s\u00e4\u00e4nt\u00f6isesti varhaiskasvatuksen henkil\u00f6st\u00f6lle. My\u00f6s vanhemmat voivat k\u00e4ytt\u00e4\u00e4 materiaaleja. <\/em><\/p>\n<p>&nbsp;<\/p>\n<p><strong>Onko mahdollista jakaa materiaaleja?<\/strong><\/p>\n<p><em>Materiaalia saa tulostaa ja k\u00e4ytt\u00e4\u00e4 vapaasti. <\/em><\/p>\n<p>&nbsp;<\/p>\n<p><strong>Saako materiaalia k\u00e4ytt\u00e4\u00e4 kaupallisiin tarkoituksiin?<\/strong><\/p>\n<p><em>Materiaalia ei saa k\u00e4ytt\u00e4\u00e4 kaupallisiin tarkoituksiin. <\/em><\/p>\n<p>&nbsp;<\/p>\n<p><strong>Miten k\u00e4ytt\u00e4\u00e4 Ku\u00e1tin hakua?<\/strong><\/p>\n<p><em>Ku\u00e1tin hakua voi k\u00e4ytt\u00e4\u00e4 nelj\u00e4ll\u00e4 eri tapaa:<\/em><\/p>\n<p><em>Sanahaulla voi etsi\u00e4 hakusanalla.<\/em><\/p>\n<p><em>I\u00e4n mukaan voi hakea materiaalia, joka sopii: 0-3-vuotiaille, 3-5-vuotiaille, 6-vuotiaille ja vanhemmille tai kaiken ik\u00e4isille lapsille.<\/em><\/p>\n<p><em>Teema-kohdasta voi valita teeman, jonka mukaan hakee materiaalia, teemat on jaettu tarkista vasusta! oppimisen osa-alueiden mukaan: ymp\u00e4rist\u00f6 ja luontoyhteys, lapsi ja yhteis\u00f6, k\u00e4dentaidot, ilmaisu, kieli, matemaattinen ajattelu.<\/em><\/p>\n<p><em>Hakua voi k\u00e4ytt\u00e4\u00e4 my\u00f6s vuodenaikojen mukaan: talvi, kev\u00e4ttalvi, kev\u00e4t, kev\u00e4tkes\u00e4, kes\u00e4, syyskes\u00e4, syksy, syystalvi.<\/em><\/p>\n<p><em>\u00a0<\/em><\/p>\n<p><strong>Kuka voi lis\u00e4t\u00e4 sivulle materiaalia?<\/strong><\/p>\n<p><em>Materiaalia voivat lis\u00e4t\u00e4 materiaality\u00f6ntekij\u00e4t ja kielipes\u00e4ohjaaja. On kuitenkin toivottavaa, ett\u00e4 varhaiskasvatushenkil\u00f6st\u00f6 l\u00e4hett\u00e4isi materiaalia, ideoita ja ohjeita, jotka voidaan lis\u00e4t\u00e4 Ku\u00e1tiin.<\/em>[\/vc_column_text][\/vc_column][\/vc_row]<\/p>\n","protected":false},"excerpt":{"rendered":"<p>[vc_row][vc_column width=&#8221;1\/1&#8243;][vc_column_text uncode_shortcode_id=&#8221;221796&#8243;] Usein kysyttyj\u00e4 kysymyksi\u00e4 &nbsp; &nbsp; Mill\u00e4 kielell\u00e4 Ku\u00e1ti-materiaalipankki on? Sivuston tekstimateriaali on p\u00e4\u00e4s\u00e4\u00e4nt\u00f6isesti kaikilla kolmella Suomessa puhutulla [&hellip;]<\/p>\n","protected":false},"author":17,"featured_media":0,"parent":0,"menu_order":0,"comment_status":"closed","ping_status":"closed","template":"","meta":{"footnotes":""},"class_list":["post-10712","page","type-page","status-publish","hentry"],"yoast_head":"<!-- This site is optimized with the Yoast SEO plugin v27.0 - https:\/\/yoast.com\/product\/yoast-seo-wordpress\/ -->\n<title>Usein kysytyt kysymykset - Ku\u00e1ti.fi<\/title>\n<meta name=\"robots\" content=\"index, follow, max-snippet:-1, max-image-preview:large, max-video-preview:-1\" \/>\n<link rel=\"canonical\" href=\"https:\/\/kuati.fi\/fi\/usein-kysytyt-kysymykset\/\" \/>\n<meta property=\"og:locale\" content=\"fi_FI\" \/>\n<meta property=\"og:type\" content=\"article\" \/>\n<meta property=\"og:title\" content=\"Usein kysytyt kysymykset - Ku\u00e1ti.fi\" \/>\n<meta property=\"og:description\" content=\"[vc_row][vc_column width=&#8221;1\/1&#8243;][vc_column_text uncode_shortcode_id=&#8221;221796&#8243;] Usein kysyttyj\u00e4 kysymyksi\u00e4 &nbsp; &nbsp; Mill\u00e4 kielell\u00e4 Ku\u00e1ti-materiaalipankki on? Sivuston tekstimateriaali on p\u00e4\u00e4s\u00e4\u00e4nt\u00f6isesti kaikilla kolmella Suomessa puhutulla [&hellip;]\" \/>\n<meta property=\"og:url\" content=\"https:\/\/kuati.fi\/fi\/usein-kysytyt-kysymykset\/\" \/>\n<meta property=\"og:site_name\" content=\"Ku\u00e1ti.fi\" \/>\n<meta property=\"article:modified_time\" content=\"2022-11-28T14:14:54+00:00\" \/>\n<meta name=\"twitter:card\" content=\"summary_large_image\" \/>\n<meta name=\"twitter:label1\" content=\"Arvioitu lukuaika\" \/>\n\t<meta name=\"twitter:data1\" content=\"2 minuuttia\" \/>\n<script type=\"application\/ld+json\" class=\"yoast-schema-graph\">{\"@context\":\"https:\/\/schema.org\",\"@graph\":[{\"@type\":\"WebPage\",\"@id\":\"https:\/\/kuati.fi\/fi\/usein-kysytyt-kysymykset\/\",\"url\":\"https:\/\/kuati.fi\/fi\/usein-kysytyt-kysymykset\/\",\"name\":\"Usein kysytyt kysymykset - Ku\u00e1ti.fi\",\"isPartOf\":{\"@id\":\"https:\/\/kuati.fi\/fi\/#website\"},\"datePublished\":\"2022-10-03T09:11:11+00:00\",\"dateModified\":\"2022-11-28T14:14:54+00:00\",\"breadcrumb\":{\"@id\":\"https:\/\/kuati.fi\/fi\/usein-kysytyt-kysymykset\/#breadcrumb\"},\"inLanguage\":\"fi\",\"potentialAction\":[{\"@type\":\"ReadAction\",\"target\":[\"https:\/\/kuati.fi\/fi\/usein-kysytyt-kysymykset\/\"]}]},{\"@type\":\"BreadcrumbList\",\"@id\":\"https:\/\/kuati.fi\/fi\/usein-kysytyt-kysymykset\/#breadcrumb\",\"itemListElement\":[{\"@type\":\"ListItem\",\"position\":1,\"name\":\"Home\",\"item\":\"https:\/\/kuati.fi\/fi\/\"},{\"@type\":\"ListItem\",\"position\":2,\"name\":\"Usein kysytyt kysymykset\"}]},{\"@type\":\"WebSite\",\"@id\":\"https:\/\/kuati.fi\/fi\/#website\",\"url\":\"https:\/\/kuati.fi\/fi\/\",\"name\":\"Ku\u00e1ti.fi\",\"description\":\"Saamelaisk\u00e4r\u00e4j\u00e4t - Sarkaste hanke\",\"publisher\":{\"@id\":\"https:\/\/kuati.fi\/fi\/#organization\"},\"potentialAction\":[{\"@type\":\"SearchAction\",\"target\":{\"@type\":\"EntryPoint\",\"urlTemplate\":\"https:\/\/kuati.fi\/fi\/?s={search_term_string}\"},\"query-input\":{\"@type\":\"PropertyValueSpecification\",\"valueRequired\":true,\"valueName\":\"search_term_string\"}}],\"inLanguage\":\"fi\"},{\"@type\":\"Organization\",\"@id\":\"https:\/\/kuati.fi\/fi\/#organization\",\"name\":\"Ku\u00e1ti.fi\",\"url\":\"https:\/\/kuati.fi\/fi\/\",\"logo\":{\"@type\":\"ImageObject\",\"inLanguage\":\"fi\",\"@id\":\"https:\/\/kuati.fi\/fi\/#\/schema\/logo\/image\/\",\"url\":\"https:\/\/kuati.fi\/wp-content\/uploads\/2019\/11\/Kuati-logo-full.png\",\"contentUrl\":\"https:\/\/kuati.fi\/wp-content\/uploads\/2019\/11\/Kuati-logo-full.png\",\"width\":673,\"height\":410,\"caption\":\"Ku\u00e1ti.fi\"},\"image\":{\"@id\":\"https:\/\/kuati.fi\/fi\/#\/schema\/logo\/image\/\"}}]}<\/script>\n<!-- \/ Yoast SEO plugin. -->","yoast_head_json":{"title":"Usein kysytyt kysymykset - Ku\u00e1ti.fi","robots":{"index":"index","follow":"follow","max-snippet":"max-snippet:-1","max-image-preview":"max-image-preview:large","max-video-preview":"max-video-preview:-1"},"canonical":"https:\/\/kuati.fi\/fi\/usein-kysytyt-kysymykset\/","og_locale":"fi_FI","og_type":"article","og_title":"Usein kysytyt kysymykset - Ku\u00e1ti.fi","og_description":"[vc_row][vc_column width=&#8221;1\/1&#8243;][vc_column_text uncode_shortcode_id=&#8221;221796&#8243;] Usein kysyttyj\u00e4 kysymyksi\u00e4 &nbsp; &nbsp; Mill\u00e4 kielell\u00e4 Ku\u00e1ti-materiaalipankki on? Sivuston tekstimateriaali on p\u00e4\u00e4s\u00e4\u00e4nt\u00f6isesti kaikilla kolmella Suomessa puhutulla [&hellip;]","og_url":"https:\/\/kuati.fi\/fi\/usein-kysytyt-kysymykset\/","og_site_name":"Ku\u00e1ti.fi","article_modified_time":"2022-11-28T14:14:54+00:00","twitter_card":"summary_large_image","twitter_misc":{"Arvioitu lukuaika":"2 minuuttia"},"schema":{"@context":"https:\/\/schema.org","@graph":[{"@type":"WebPage","@id":"https:\/\/kuati.fi\/fi\/usein-kysytyt-kysymykset\/","url":"https:\/\/kuati.fi\/fi\/usein-kysytyt-kysymykset\/","name":"Usein kysytyt kysymykset - Ku\u00e1ti.fi","isPartOf":{"@id":"https:\/\/kuati.fi\/fi\/#website"},"datePublished":"2022-10-03T09:11:11+00:00","dateModified":"2022-11-28T14:14:54+00:00","breadcrumb":{"@id":"https:\/\/kuati.fi\/fi\/usein-kysytyt-kysymykset\/#breadcrumb"},"inLanguage":"fi","potentialAction":[{"@type":"ReadAction","target":["https:\/\/kuati.fi\/fi\/usein-kysytyt-kysymykset\/"]}]},{"@type":"BreadcrumbList","@id":"https:\/\/kuati.fi\/fi\/usein-kysytyt-kysymykset\/#breadcrumb","itemListElement":[{"@type":"ListItem","position":1,"name":"Home","item":"https:\/\/kuati.fi\/fi\/"},{"@type":"ListItem","position":2,"name":"Usein kysytyt kysymykset"}]},{"@type":"WebSite","@id":"https:\/\/kuati.fi\/fi\/#website","url":"https:\/\/kuati.fi\/fi\/","name":"Ku\u00e1ti.fi","description":"Saamelaisk\u00e4r\u00e4j\u00e4t - Sarkaste hanke","publisher":{"@id":"https:\/\/kuati.fi\/fi\/#organization"},"potentialAction":[{"@type":"SearchAction","target":{"@type":"EntryPoint","urlTemplate":"https:\/\/kuati.fi\/fi\/?s={search_term_string}"},"query-input":{"@type":"PropertyValueSpecification","valueRequired":true,"valueName":"search_term_string"}}],"inLanguage":"fi"},{"@type":"Organization","@id":"https:\/\/kuati.fi\/fi\/#organization","name":"Ku\u00e1ti.fi","url":"https:\/\/kuati.fi\/fi\/","logo":{"@type":"ImageObject","inLanguage":"fi","@id":"https:\/\/kuati.fi\/fi\/#\/schema\/logo\/image\/","url":"https:\/\/kuati.fi\/wp-content\/uploads\/2019\/11\/Kuati-logo-full.png","contentUrl":"https:\/\/kuati.fi\/wp-content\/uploads\/2019\/11\/Kuati-logo-full.png","width":673,"height":410,"caption":"Ku\u00e1ti.fi"},"image":{"@id":"https:\/\/kuati.fi\/fi\/#\/schema\/logo\/image\/"}}]}},"_links":{"self":[{"href":"https:\/\/kuati.fi\/fi\/wp-json\/wp\/v2\/pages\/10712","targetHints":{"allow":["GET"]}}],"collection":[{"href":"https:\/\/kuati.fi\/fi\/wp-json\/wp\/v2\/pages"}],"about":[{"href":"https:\/\/kuati.fi\/fi\/wp-json\/wp\/v2\/types\/page"}],"author":[{"embeddable":true,"href":"https:\/\/kuati.fi\/fi\/wp-json\/wp\/v2\/users\/17"}],"replies":[{"embeddable":true,"href":"https:\/\/kuati.fi\/fi\/wp-json\/wp\/v2\/comments?post=10712"}],"version-history":[{"count":3,"href":"https:\/\/kuati.fi\/fi\/wp-json\/wp\/v2\/pages\/10712\/revisions"}],"predecessor-version":[{"id":10726,"href":"https:\/\/kuati.fi\/fi\/wp-json\/wp\/v2\/pages\/10712\/revisions\/10726"}],"wp:attachment":[{"href":"https:\/\/kuati.fi\/fi\/wp-json\/wp\/v2\/media?parent=10712"}],"curies":[{"name":"wp","href":"https:\/\/api.w.org\/{rel}","templated":true}]}}