{"id":10412,"date":"2022-09-01T16:35:30","date_gmt":"2022-09-01T13:35:30","guid":{"rendered":"https:\/\/kuati.fi\/?page_id=10412"},"modified":"2022-09-15T12:20:19","modified_gmt":"2022-09-15T09:20:19","slug":"henkilostolle","status":"publish","type":"page","link":"https:\/\/kuati.fi\/fi\/henkilostolle\/","title":{"rendered":"Henkil\u00f6st\u00f6lle"},"content":{"rendered":"<p>[vc_row][vc_column width=&#8221;1\/1&#8243;][vc_empty_space empty_h=&#8221;3&#8243;][\/vc_column][\/vc_row][vc_row row_height_percent=&#8221;0&#8243; overlay_alpha=&#8221;50&#8243; gutter_size=&#8221;3&#8243; column_width_percent=&#8221;100&#8243; shift_y=&#8221;0&#8243; z_index=&#8221;0&#8243; top_divider=&#8221;pyramids&#8221;][vc_column width=&#8221;1\/1&#8243;][vc_column_text uncode_shortcode_id=&#8221;203524&#8243;]<\/p>\n<h2>Henkil\u00f6st\u00f6lle<\/h2>\n<p>[\/vc_column_text][vc_row_inner][vc_column_inner width=&#8221;1\/6&#8243;][vc_single_image media=&#8221;10455&#8243; media_width_percent=&#8221;100&#8243; uncode_shortcode_id=&#8221;290163&#8243;][\/vc_column_inner][vc_column_inner width=&#8221;5\/6&#8243;][vc_column_text uncode_shortcode_id=&#8221;130434&#8243;]<\/p>\n<h3>Hy\u00f6dyllist\u00e4 luettavaa<\/h3>\n<ul>\n<li><span style=\"font-weight: 400;\">Kirjoitus lasten saamen kielen k\u00e4yt\u00f6st\u00e4 p\u00e4iv\u00e4kodeissa ja koulun iltap\u00e4iv\u00e4kerhoissa. T\u00e4ss\u00e4 <a href=\"https:\/\/lohkanguovddas.no\/sites\/default\/files\/page\/attachments\/manaid_samegiella_manaidgarddiin_ja_skuvlaastoaiggedoaimmas.pdf\" target=\"_blank\" rel=\"noopener\">kirjoituksessa<\/a> on vinkkej\u00e4, miten saamen kielen k\u00e4ytt\u00f6\u00e4 voi tukea ja edist\u00e4\u00e4.<\/span><\/li>\n<\/ul>\n<p>&nbsp;<\/p>\n<ul>\n<li><span style=\"font-weight: 400;\"><a href=\"https:\/\/calliidlagadus.org\/falli\/\" target=\"_blank\" rel=\"noopener\">Sivusto, <\/a>jossa on saamelaisia leikkej\u00e4 ja liikuntaideoita. Kaikkiin leikkeihin l\u00f6ytyy video ja ohjeet. Sivulle on koottu my\u00f6s paljon tietoa liikunnasta.\u00a0<\/span><\/li>\n<\/ul>\n<p>&nbsp;<\/p>\n<ul>\n<li><span style=\"font-weight: 400;\">V\u00e4est\u00f6liiton ja S\u00e1mi Sosterin yhteisty\u00f6ss\u00e4 tuottamaa <a href=\"https:\/\/www.vaestoliitto.fi\/ajankohtaista\/kehotunnekasvatuksen-materiaaleja-kolmella-saamen-kielella\/\">materiaalia<\/a>\u00a0kehotunnekasvatuksesta. Materiaalit l\u00f6ytyv\u00e4t kolmella saamen kielell\u00e4.<\/span><\/li>\n<\/ul>\n<p>&nbsp;<\/p>\n<ul>\n<li><span style=\"font-weight: 400;\">Saamelainen <a href=\"https:\/\/ovttas.no\/\">oppimateriaalipankki<\/a> Norjan puolella. Oppimateriaalipankista voi tilata materiaalia lainaan. Sivulta l\u00f6ytyy my\u00f6s paljon digimateriaalia, esim. videoita ja pelej\u00e4.<\/span><\/li>\n<\/ul>\n<p><span style=\"font-weight: 400;\">\u00a0<\/span><\/p>\n<ul>\n<li><span style=\"font-weight: 400;\">Artikkelikokoelma, jonka aiheena on saamelainen kulttuuriymm\u00e4rrys p\u00e4iv\u00e4kodeissa ja kouluissa.\u00a0 <a href=\"https:\/\/lohkanguovddas.no\/sites\/default\/files\/page\/attachments\/samisk-kulturforstaelse-nordsamisknorsk-komprimert_2.pdf\">Kokoelmassa<\/a> on seitsem\u00e4n artikkelia ja niiss\u00e4 on paljon hyvi\u00e4 k\u00e4yt\u00e4nn\u00f6n vinkkej\u00e4.<\/span><\/li>\n<\/ul>\n<p>&nbsp;<\/p>\n<ul>\n<li><span style=\"font-weight: 400;\">S\u00e1mi m\u00e1n\u00e1t o\u0111\u0111a searvelanjain -hankkeen raportti. <a href=\"https:\/\/sametinget.no\/_f\/p1\/i28f9e0a6-5656-492e-a01b-6ebc74036a85\/230622-samos-gievrras-giellamodeallat.pdf\">Raportissa<\/a>\u00a0 on sek\u00e4 konkreettisia ehdotuksia ett\u00e4 vaatimuksia koskien saamen kielten vahvistamista p\u00e4iv\u00e4kodissa\/kielipesiss\u00e4 ja koulussa.\u00a0<\/span><\/li>\n<\/ul>\n<p>&nbsp;<\/p>\n<ul>\n<li><span style=\"font-weight: 400;\">\u00a0<a href=\"https:\/\/peda.net\/sodankyla\/varhaiskasvatus\/p%C3%A4iv%C3%A4hoito\/saamen-kielipes%C3%A4\/vgbvkb\/skjkvl\/skpkv2:file\/download\/9278a9896bc24a54c1dec54b093d192b818b8f21\/Sodankyl%C3%A4n%20kunnan%20pohjoissaamenkielisten%20kielipesien%20vasu%202017.pdf\">Sodankyl\u00e4n saamenkielisten kielipesien varhaiskasvatussuunnitelma 2017<\/a><\/span><\/li>\n<\/ul>\n<p>&nbsp;<\/p>\n<ul>\n<li><a href=\"https:\/\/www.inari.fi\/media\/tiedostot-2017\/sivistysosasto-2017\/varhaiskasvatus\/\/saamenkielisen-varhaiskasvatuksen-varhaiskasvatussuunnitelma-siv.ltk-15.11.2017.pdf\">Inarin kunnan saamenkielisen varhaiskasvatuksen varhaiskasvatussuunnitelma 2017<\/a><\/li>\n<\/ul>\n<ul>\n<li><span style=\"font-weight: 400;\"><a href=\"https:\/\/www.samediggi.fi\/toiminta\/saamen-kieli\/kielipesa\/usein-kysytyt-kysymykset\/\">Saamelaisk\u00e4r\u00e4jien kielipes\u00e4sivut<\/a> : Usein kysyttyj\u00e4 kielipes\u00e4kysymyksi\u00e4 ja vastauksia kysymyksiin<\/span><\/li>\n<\/ul>\n<p>&nbsp;<\/p>\n<h3><\/h3>\n<ul>\n<li><span style=\"font-weight: 400;\">Mari-Kaisa Laitin v\u00e4it\u00f6skirja:\u00a0 <a href=\"https:\/\/lauda.ulapland.fi\/handle\/10024\/63477\">Saamelaisen varhaiskasvatuksen toteutus Suomessa<\/a><\/span><\/li>\n<\/ul>\n<p>&nbsp;<\/p>\n<ul>\n<li><span style=\"font-weight: 400;\">Rauni \u00c4\u00e4rel\u00e4-Vihri\u00e4l\u00e4n v\u00e4it\u00f6skirja:\u00a0 <a href=\"https:\/\/lauda.ulapland.fi\/bitstream\/handle\/10024\/62619\/%c3%84%c3%a4rel%c3%a4_Rauni_ActaE_203pdfA.pdf?sequence=2&amp;isAllowed=y\">\u201dDat ii leat du\u0161\u0161e dat giella\u201d \u2013 \u201dSe ei ole vain se kieli\u201d. Tapaustutkimus saamenkielisest\u00e4 kielipes\u00e4st\u00e4 saamelaisessa varhaiskasvatuksessa<\/a><\/span><\/li>\n<\/ul>\n<p>&nbsp;<\/p>\n<ul>\n<li><span style=\"font-weight: 400;\">S\u00e1htt\u00e1go baj\u00e1sgeassin leat menddo dorvvola\u0161? Varhaiskasvatuksenopettajaopiskelijoiden\u00a0 <a href=\"https:\/\/samas.no\/nb\/node\/4637\">blogikirjoitus<\/a> , jossa pohditaan, onko parempi kasvattaa lapset \u201dpumpulissa\u201d vai antaa heid\u00e4n kokeilla itse ja oppia p\u00e4rj\u00e4\u00e4m\u00e4\u00e4n.<\/span><\/li>\n<\/ul>\n<p>&nbsp;<\/p>\n<ul>\n<li><span style=\"font-weight: 400;\">Norjan Saamelaisk\u00e4r\u00e4jien tuottama <a href=\"https:\/\/sametinget.no\/_f\/p1\/i9c0bd932-0854-4c6c-9d0b-a8b9f2dd4b89\/faddagihpa-manaidgarddiid-giellabirrasa-ja-giellanannema-birra.pdf\">vihkonen<\/a>, jonka aiheena on p\u00e4iv\u00e4kotien kieliymp\u00e4rist\u00f6t ja kielen vahvistaminen. Vihkosessa on paljon tietoa ja vinkkej\u00e4.<\/span><\/li>\n<\/ul>\n<p>[\/vc_column_text][\/vc_column_inner][\/vc_row_inner][\/vc_column][\/vc_row][vc_row][vc_column width=&#8221;1\/1&#8243;][vc_empty_space empty_h=&#8221;3&#8243;][\/vc_column][\/vc_row]<\/p>\n","protected":false},"excerpt":{"rendered":"<p>[vc_row][vc_column width=&#8221;1\/1&#8243;][vc_empty_space empty_h=&#8221;3&#8243;][\/vc_column][\/vc_row][vc_row row_height_percent=&#8221;0&#8243; overlay_alpha=&#8221;50&#8243; gutter_size=&#8221;3&#8243; column_width_percent=&#8221;100&#8243; shift_y=&#8221;0&#8243; z_index=&#8221;0&#8243; top_divider=&#8221;pyramids&#8221;][vc_column width=&#8221;1\/1&#8243;][vc_column_text uncode_shortcode_id=&#8221;203524&#8243;] Henkil\u00f6st\u00f6lle [\/vc_column_text][vc_row_inner][vc_column_inner width=&#8221;1\/6&#8243;][vc_single_image media=&#8221;10455&#8243; media_width_percent=&#8221;100&#8243; uncode_shortcode_id=&#8221;290163&#8243;][\/vc_column_inner][vc_column_inner width=&#8221;5\/6&#8243;][vc_column_text uncode_shortcode_id=&#8221;130434&#8243;] [&hellip;]<\/p>\n","protected":false},"author":3,"featured_media":0,"parent":0,"menu_order":0,"comment_status":"closed","ping_status":"closed","template":"","meta":{"footnotes":""},"class_list":["post-10412","page","type-page","status-publish","hentry"],"yoast_head":"<!-- This site is optimized with the Yoast SEO plugin v27.0 - https:\/\/yoast.com\/product\/yoast-seo-wordpress\/ -->\n<title>Henkil\u00f6st\u00f6lle - Ku\u00e1ti.fi<\/title>\n<meta name=\"robots\" content=\"noindex, nofollow\" \/>\n<meta property=\"og:locale\" content=\"fi_FI\" \/>\n<meta property=\"og:type\" content=\"article\" \/>\n<meta property=\"og:title\" content=\"Henkil\u00f6st\u00f6lle - Ku\u00e1ti.fi\" \/>\n<meta property=\"og:description\" content=\"[vc_row][vc_column width=&#8221;1\/1&#8243;][vc_empty_space empty_h=&#8221;3&#8243;][\/vc_column][\/vc_row][vc_row row_height_percent=&#8221;0&#8243; overlay_alpha=&#8221;50&#8243; gutter_size=&#8221;3&#8243; column_width_percent=&#8221;100&#8243; shift_y=&#8221;0&#8243; z_index=&#8221;0&#8243; top_divider=&#8221;pyramids&#8221;][vc_column width=&#8221;1\/1&#8243;][vc_column_text uncode_shortcode_id=&#8221;203524&#8243;] Henkil\u00f6st\u00f6lle [\/vc_column_text][vc_row_inner][vc_column_inner width=&#8221;1\/6&#8243;][vc_single_image media=&#8221;10455&#8243; media_width_percent=&#8221;100&#8243; uncode_shortcode_id=&#8221;290163&#8243;][\/vc_column_inner][vc_column_inner width=&#8221;5\/6&#8243;][vc_column_text uncode_shortcode_id=&#8221;130434&#8243;] [&hellip;]\" \/>\n<meta property=\"og:url\" content=\"https:\/\/kuati.fi\/fi\/henkilostolle\/\" \/>\n<meta property=\"og:site_name\" content=\"Ku\u00e1ti.fi\" \/>\n<meta property=\"article:modified_time\" content=\"2022-09-15T09:20:19+00:00\" \/>\n<meta name=\"twitter:card\" content=\"summary_large_image\" \/>\n<meta name=\"twitter:label1\" content=\"Arvioitu lukuaika\" \/>\n\t<meta name=\"twitter:data1\" content=\"2 minuuttia\" \/>\n<script type=\"application\/ld+json\" class=\"yoast-schema-graph\">{\"@context\":\"https:\/\/schema.org\",\"@graph\":[{\"@type\":\"WebPage\",\"@id\":\"https:\/\/kuati.fi\/fi\/henkilostolle\/\",\"url\":\"https:\/\/kuati.fi\/fi\/henkilostolle\/\",\"name\":\"Henkil\u00f6st\u00f6lle - Ku\u00e1ti.fi\",\"isPartOf\":{\"@id\":\"https:\/\/kuati.fi\/fi\/#website\"},\"datePublished\":\"2022-09-01T13:35:30+00:00\",\"dateModified\":\"2022-09-15T09:20:19+00:00\",\"breadcrumb\":{\"@id\":\"https:\/\/kuati.fi\/fi\/henkilostolle\/#breadcrumb\"},\"inLanguage\":\"fi\",\"potentialAction\":[{\"@type\":\"ReadAction\",\"target\":[\"https:\/\/kuati.fi\/fi\/henkilostolle\/\"]}]},{\"@type\":\"BreadcrumbList\",\"@id\":\"https:\/\/kuati.fi\/fi\/henkilostolle\/#breadcrumb\",\"itemListElement\":[{\"@type\":\"ListItem\",\"position\":1,\"name\":\"Home\",\"item\":\"https:\/\/kuati.fi\/fi\/\"},{\"@type\":\"ListItem\",\"position\":2,\"name\":\"Henkil\u00f6st\u00f6lle\"}]},{\"@type\":\"WebSite\",\"@id\":\"https:\/\/kuati.fi\/fi\/#website\",\"url\":\"https:\/\/kuati.fi\/fi\/\",\"name\":\"Ku\u00e1ti.fi\",\"description\":\"Saamelaisk\u00e4r\u00e4j\u00e4t - Sarkaste hanke\",\"publisher\":{\"@id\":\"https:\/\/kuati.fi\/fi\/#organization\"},\"potentialAction\":[{\"@type\":\"SearchAction\",\"target\":{\"@type\":\"EntryPoint\",\"urlTemplate\":\"https:\/\/kuati.fi\/fi\/?s={search_term_string}\"},\"query-input\":{\"@type\":\"PropertyValueSpecification\",\"valueRequired\":true,\"valueName\":\"search_term_string\"}}],\"inLanguage\":\"fi\"},{\"@type\":\"Organization\",\"@id\":\"https:\/\/kuati.fi\/fi\/#organization\",\"name\":\"Ku\u00e1ti.fi\",\"url\":\"https:\/\/kuati.fi\/fi\/\",\"logo\":{\"@type\":\"ImageObject\",\"inLanguage\":\"fi\",\"@id\":\"https:\/\/kuati.fi\/fi\/#\/schema\/logo\/image\/\",\"url\":\"https:\/\/kuati.fi\/wp-content\/uploads\/2019\/11\/Kuati-logo-full.png\",\"contentUrl\":\"https:\/\/kuati.fi\/wp-content\/uploads\/2019\/11\/Kuati-logo-full.png\",\"width\":673,\"height\":410,\"caption\":\"Ku\u00e1ti.fi\"},\"image\":{\"@id\":\"https:\/\/kuati.fi\/fi\/#\/schema\/logo\/image\/\"}}]}<\/script>\n<!-- \/ Yoast SEO plugin. -->","yoast_head_json":{"title":"Henkil\u00f6st\u00f6lle - Ku\u00e1ti.fi","robots":{"index":"noindex","follow":"nofollow"},"og_locale":"fi_FI","og_type":"article","og_title":"Henkil\u00f6st\u00f6lle - Ku\u00e1ti.fi","og_description":"[vc_row][vc_column width=&#8221;1\/1&#8243;][vc_empty_space empty_h=&#8221;3&#8243;][\/vc_column][\/vc_row][vc_row row_height_percent=&#8221;0&#8243; overlay_alpha=&#8221;50&#8243; gutter_size=&#8221;3&#8243; column_width_percent=&#8221;100&#8243; shift_y=&#8221;0&#8243; z_index=&#8221;0&#8243; top_divider=&#8221;pyramids&#8221;][vc_column width=&#8221;1\/1&#8243;][vc_column_text uncode_shortcode_id=&#8221;203524&#8243;] Henkil\u00f6st\u00f6lle [\/vc_column_text][vc_row_inner][vc_column_inner width=&#8221;1\/6&#8243;][vc_single_image media=&#8221;10455&#8243; media_width_percent=&#8221;100&#8243; uncode_shortcode_id=&#8221;290163&#8243;][\/vc_column_inner][vc_column_inner width=&#8221;5\/6&#8243;][vc_column_text uncode_shortcode_id=&#8221;130434&#8243;] [&hellip;]","og_url":"https:\/\/kuati.fi\/fi\/henkilostolle\/","og_site_name":"Ku\u00e1ti.fi","article_modified_time":"2022-09-15T09:20:19+00:00","twitter_card":"summary_large_image","twitter_misc":{"Arvioitu lukuaika":"2 minuuttia"},"schema":{"@context":"https:\/\/schema.org","@graph":[{"@type":"WebPage","@id":"https:\/\/kuati.fi\/fi\/henkilostolle\/","url":"https:\/\/kuati.fi\/fi\/henkilostolle\/","name":"Henkil\u00f6st\u00f6lle - Ku\u00e1ti.fi","isPartOf":{"@id":"https:\/\/kuati.fi\/fi\/#website"},"datePublished":"2022-09-01T13:35:30+00:00","dateModified":"2022-09-15T09:20:19+00:00","breadcrumb":{"@id":"https:\/\/kuati.fi\/fi\/henkilostolle\/#breadcrumb"},"inLanguage":"fi","potentialAction":[{"@type":"ReadAction","target":["https:\/\/kuati.fi\/fi\/henkilostolle\/"]}]},{"@type":"BreadcrumbList","@id":"https:\/\/kuati.fi\/fi\/henkilostolle\/#breadcrumb","itemListElement":[{"@type":"ListItem","position":1,"name":"Home","item":"https:\/\/kuati.fi\/fi\/"},{"@type":"ListItem","position":2,"name":"Henkil\u00f6st\u00f6lle"}]},{"@type":"WebSite","@id":"https:\/\/kuati.fi\/fi\/#website","url":"https:\/\/kuati.fi\/fi\/","name":"Ku\u00e1ti.fi","description":"Saamelaisk\u00e4r\u00e4j\u00e4t - Sarkaste hanke","publisher":{"@id":"https:\/\/kuati.fi\/fi\/#organization"},"potentialAction":[{"@type":"SearchAction","target":{"@type":"EntryPoint","urlTemplate":"https:\/\/kuati.fi\/fi\/?s={search_term_string}"},"query-input":{"@type":"PropertyValueSpecification","valueRequired":true,"valueName":"search_term_string"}}],"inLanguage":"fi"},{"@type":"Organization","@id":"https:\/\/kuati.fi\/fi\/#organization","name":"Ku\u00e1ti.fi","url":"https:\/\/kuati.fi\/fi\/","logo":{"@type":"ImageObject","inLanguage":"fi","@id":"https:\/\/kuati.fi\/fi\/#\/schema\/logo\/image\/","url":"https:\/\/kuati.fi\/wp-content\/uploads\/2019\/11\/Kuati-logo-full.png","contentUrl":"https:\/\/kuati.fi\/wp-content\/uploads\/2019\/11\/Kuati-logo-full.png","width":673,"height":410,"caption":"Ku\u00e1ti.fi"},"image":{"@id":"https:\/\/kuati.fi\/fi\/#\/schema\/logo\/image\/"}}]}},"_links":{"self":[{"href":"https:\/\/kuati.fi\/fi\/wp-json\/wp\/v2\/pages\/10412","targetHints":{"allow":["GET"]}}],"collection":[{"href":"https:\/\/kuati.fi\/fi\/wp-json\/wp\/v2\/pages"}],"about":[{"href":"https:\/\/kuati.fi\/fi\/wp-json\/wp\/v2\/types\/page"}],"author":[{"embeddable":true,"href":"https:\/\/kuati.fi\/fi\/wp-json\/wp\/v2\/users\/3"}],"replies":[{"embeddable":true,"href":"https:\/\/kuati.fi\/fi\/wp-json\/wp\/v2\/comments?post=10412"}],"version-history":[{"count":20,"href":"https:\/\/kuati.fi\/fi\/wp-json\/wp\/v2\/pages\/10412\/revisions"}],"predecessor-version":[{"id":10674,"href":"https:\/\/kuati.fi\/fi\/wp-json\/wp\/v2\/pages\/10412\/revisions\/10674"}],"wp:attachment":[{"href":"https:\/\/kuati.fi\/fi\/wp-json\/wp\/v2\/media?parent=10412"}],"curies":[{"name":"wp","href":"https:\/\/api.w.org\/{rel}","templated":true}]}}