{"id":104,"date":"2019-11-19T19:14:14","date_gmt":"2019-11-19T19:14:14","guid":{"rendered":"https:\/\/kuati.fi\/?page_id=104"},"modified":"2022-08-19T11:40:16","modified_gmt":"2022-08-19T08:40:16","slug":"saamelainen-varhaiskasvatus","status":"publish","type":"page","link":"https:\/\/kuati.fi\/fi\/saamelainen-varhaiskasvatus\/","title":{"rendered":"Saamelainen varhaiskasvatus"},"content":{"rendered":"<p>[vc_row][vc_column width=&#8221;1\/1&#8243;][vc_empty_space empty_h=&#8221;3&#8243;][\/vc_column][\/vc_row][vc_row row_height_percent=&#8221;0&#8243; overlay_alpha=&#8221;50&#8243; gutter_size=&#8221;3&#8243; column_width_percent=&#8221;100&#8243; shift_y=&#8221;0&#8243; z_index=&#8221;0&#8243; top_divider=&#8221;pyramids&#8221;][vc_column width=&#8221;1\/4&#8243;][\/vc_column][vc_column width=&#8221;3\/4&#8243;][vc_custom_heading]<\/p>\n<h2><strong>Info:<\/strong><\/h2>\n<p>[\/vc_custom_heading][vc_column_text]Saamenkielisiss\u00e4 varhaiskasvatusyksik\u00f6iss\u00e4 k\u00e4ytet\u00e4\u00e4n kolmea Suomessa puhuttua saamen kielt\u00e4: inarinsaamea, koltansaamea ja pohjoissaamea.\u00a0 P\u00e4iv\u00e4kodeissa tarjotaan saamenkielist\u00e4 varhaiskasvatusta \u00e4idinkielelt\u00e4\u00e4n saamenkielisille lapsille.\u00a0Kielipes\u00e4toiminnalla tarkoitetaan varhaista, t\u00e4ydellist\u00e4 kielikylpy\u00e4 alkuper\u00e4iskansan tai kieliv\u00e4hemmist\u00f6n kielell\u00e4. Se on tarkoitettu lapsille, joiden perheess\u00e4 kyseinen kieli ei kielen uhanalaistumisen seurauksena siirry.\u00a0Tavoitteena on, ett\u00e4 niin \u00e4idinkielisist\u00e4 kuin kielipes\u00e4lapsista kasvaa tulevaisuudessa saamen kielen siirt\u00e4ji\u00e4.[\/vc_column_text][vc_custom_heading]<\/p>\n<h2>Saamenkielinen varhaiskasvatus saamelaisalueella<\/h2>\n<p>[\/vc_custom_heading][vc_column_text]Saamelaisalueen kuntien varhaiskasvatusyksik\u00f6iss\u00e4 saamen kielt\u00e4 ja kulttuuria rikastuttavaa toimintaa j\u00e4rjestet\u00e4\u00e4n:<\/p>\n<p>ENONTEKI\u00d6N KUNNASSA: Pohjoissaamenkielinen ryhm\u00e4 Miessi, Hetan pohjoissaamenkielinen kielipes\u00e4, Karesuvannossa pohjoissaamenkielinen esikoulu L\u00e1vvu<\/p>\n<p>INARIN KUNNASSA: Inarinsaamen kielipes\u00e4t Pi\u00e4ju, Pierv\u00e2l ja Ku\u00e1ti, kolttasaamen kielipes\u00e4t Pe&#8217;sser ja Kuusk\u00f5\u00f5zz, Inarin p\u00e4iv\u00e4kodin pohjoissaamenkielinen ryhm\u00e4 Urbi ja Ivalon p\u00e4iv\u00e4kodin pohjoissaamenkielinen ryhm\u00e4 N\u00e1sti<\/p>\n<p>SODANKYL\u00c4N KUNNASSA: Pohjoissaamenkielinen kielipes\u00e4 Biedju Vuotsossa ja pohjoissaamenkielinen kielipes\u00e4 Muohta\u010dalbmi Sodankyl\u00e4ss\u00e4<\/p>\n<p>UTSJOEN KUNNASSA: Karigasniemen pohjoissaamenkielinen p\u00e4iv\u00e4koti, Karigasniemen pohjoissaamen kielipes\u00e4, Utsjoen p\u00e4iv\u00e4kodin pohjoissaamenkielinen osasto Duottaraski, Utsjoen pohjoissaamen kielipes\u00e4, Nuorgamin pohjoissaamen kielipes\u00e4<\/p>\n<p>&nbsp;<\/p>\n<p>&nbsp;<\/p>\n<p>[\/vc_column_text][\/vc_column][\/vc_row][vc_row][vc_column width=&#8221;1\/4&#8243;][\/vc_column][vc_column width=&#8221;3\/4&#8243;][vc_custom_heading]<\/p>\n<h2><strong>Varhaiskasvatussuunnitelmat<\/strong><\/h2>\n<p>[\/vc_custom_heading][vc_column_text]Saamelaisessa varhaiskasvatuksessa ominaispiirteit\u00e4 ovat kielen, kulttuurin, perim\u00e4tiedon, suvun ja luonnon huomioiminen ja niiden siirt\u00e4minen lapsille, jotta lapsista tulisi saamelaisen vahvan identiteetin omaavia p\u00e4rj\u00e4\u00e4ji\u00e4 sek\u00e4 kielen ja kulttuurin siirt\u00e4ji\u00e4.<\/p>\n<p><strong>Saamelaista varhaiskasvatusta ohjaavat:<\/strong><\/p>\n<ul>\n<li>Valtakunnallinen varhaiskasvatussuunnitelma (Varhaiskasvatussuunnitelman perusteet)<\/li>\n<li>Saamelainen varhaiskasvatussuunnitelma osana paikallista varhaiskasvatussuunnitelmaa<\/li>\n<\/ul>\n<p>Varhaiskasvatussuunnitelman perusteet ohjaavat varhaiskasvatuksen sis\u00e4ll\u00f6llist\u00e4 toteuttamista ja kuntien varhaiskasvatusuunnitelmien laatimista valtakunnallisesti. Perusteiden tavoitteena on edist\u00e4\u00e4 varhaiskasvatuksen yhdenvertaista toteuttamista koko maassa. Saamelainen varhaiskasvatussuunnitelma t\u00e4ydent\u00e4\u00e4 valtakunnallista ohjausta ja sit\u00e4 suositellaan k\u00e4ytett\u00e4v\u00e4n kaikkialla Suomessa j\u00e4rjestett\u00e4v\u00e4ss\u00e4 saamenkielisess\u00e4 varhaiskasvatuksessa. Saamenkielisten varhaiskasvatusyksik\u00f6iden yksikk\u00f6kohtaiset suunnitelmat laaditaan valtakunnallisen ja saamelaisen varhaiskasvatussuunnitelman pohjalta. Yksik\u00f6n varhaiskasvatussuunnitelmassa kuvataan yksik\u00f6n varhaiskasvatuksen eli hoidon, kasvatuksen ja opetuksen kokonaisuuden l\u00e4ht\u00f6kohdat sek\u00e4 niiden toteutuminen arjen kasvatusk\u00e4yt\u00e4nn\u00f6iss\u00e4. Siin\u00e4 kuvataan my\u00f6s alueen tai yksik\u00f6n erityispiirteit\u00e4 ja painotuksia. My\u00f6s eri palvelumuotojen tarkennetut tavoitteet kirjataan yksikk\u00f6kohtaiseen suunnitelmaan.<\/p>\n<h3>Huoltajien kanssa teht\u00e4v\u00e4 yhteisty\u00f6<\/h3>\n<p>Huoltajien kanssa teht\u00e4v\u00e4 yhteisty\u00f6 on yksi t\u00e4rkeimmist\u00e4 asioista saamenkielisess\u00e4 varhaiskasvatuksessa. Yhteisty\u00f6n tavoitteena on, ett\u00e4 henkil\u00f6st\u00f6, vanhemmat ja lapsen huolenpitoon osallistuvat henkil\u00f6t tietoisesti sitoutuvat lapsen kasvun, kehityksen ja oppimisen tukemiseen. Ennen lapsen hoitosuhteen alkamista j\u00e4rjestet\u00e4\u00e4n aloituskeskustelu joko lapsen kotona tai hoitopaikassa. Mahdollinen kotik\u00e4ynti on ensimm\u00e4inen osa varhaiskasvatussuunnitelmaa eli vasua. Lapsen henkil\u00f6kohtainen vasu laaditaan 1-2 kk hoidon aloittamisesta. Vasun pohjana henkil\u00f6kunnan havainnot lapsesta hoidossa ja vanhempien havainnot kotona. Vuosittainen toimintasuunnitelma tehd\u00e4\u00e4n yhteisty\u00f6ss\u00e4 vanhempien kanssa, jonka j\u00e4lkeen\u00a0 huomioidaan lapsikohtaiset varhaiskasvatussuunnitelmat ja n\u00e4ist\u00e4 muodostuu yksikk\u00f6kohtainen varhaiskasvatussuunnitelma,\u00a0 joka ohjaa yksik\u00f6n omaa toimintaa.<\/p>\n<p>Varhaiskasvatuksen hakemuslomakkeita l\u00f6ytyy kuntien sivuilta, p\u00e4iv\u00e4hoitotoimistoista ja varhaiskasvatusyksik\u00f6ist\u00e4. Varhaiskasvatusmaksut m\u00e4\u00e4r\u00e4ytyv\u00e4t varhaiskasvatuksen asiakasmaksulain mukaan. Laki varhaiskasvatuksen asiakasmaksuista tuli voimaan 1.3.2017.<\/p>\n<h3>Saamenkielist\u00e4 varhaiskasvatusta ohjaavat asiakirjat:<\/h3>\n<p><strong>Varhaiskasvatussuunnitelman perusteet:<br \/>\n<\/strong><a title=\"Varhaiskasvatussuunnitelman perusteet\" href=\"https:\/\/eperusteet.opintopolku.fi\/#\/fi\/varhaiskasvatus\/1266381\/tiedot\">https:\/\/eperusteet.opintopolku.fi\/#\/fi\/varhaiskasvatus\/1266381\/tiedot<\/a><\/p>\n<p><strong>Saamelainen varhaiskasvatussuunnitelma:<br \/>\n<\/strong><a href=\"http:\/\/www.samediggi.fi\/index.php?option=com_content&amp;task=view&amp;id=45&amp;Itemid=123&amp;lang=finnish\">http:\/\/www.samediggi.fi\/index.php?option=com_content&amp;task=view&amp;id=45&amp;Itemid=123&amp;lang=finnish<\/a><\/p>\n<p><strong>Varhaiskasvatusta linjaavat asiakirjat ja suunnitelmat:<br \/>\n<\/strong><a href=\"http:\/\/www.oph.fi\/saadokset_ja_ohjeet\/lainsaadanto\/varhaiskasvatus\">http:\/\/www.oph.fi\/saadokset_ja_ohjeet\/lainsaadanto\/varhaiskasvatus<\/a>[\/vc_column_text][\/vc_column][\/vc_row][vc_row][vc_column width=&#8221;1\/4&#8243;][\/vc_column][vc_column width=&#8221;3\/4&#8243;][vc_custom_heading]<\/p>\n<h2><strong>M\u00e1nnu saamelainen lastenkulttuurikeskus<\/strong><\/h2>\n<p>[\/vc_custom_heading][vc_column_text]<\/p>\n<h3>Tavoitteet:<\/h3>\n<ul>\n<li>lis\u00e4t\u00e4 lasten ja nuorten tuntemusta omaa kulttuuriaan kohtaan<\/li>\n<li>antaa lapselle ja nuorelle mahdollisuus omaksua perinnetietoja ja \u2013taitoja<\/li>\n<li>vahvistaa ja tukea lasten &#8211; ja nuorten saamen kielen kehittymist\u00e4<\/li>\n<li>lis\u00e4t\u00e4 erilaisten kulttuuriperin\u00acteiden kunnioittamista ja arvostamista<\/li>\n<li>tarjota kohderyhm\u00e4lle mahdollisuuksia persoonallisuuden monipuoliseen kehitt\u00e4miseen<\/li>\n<li>ohjata lapsia ja nuoria erilaisten taide-el\u00e4mysten arvostamiseen<\/li>\n<li>kehitt\u00e4\u00e4 kulttuuri- ja taidekasvatusta saamelaisalueella<\/li>\n<li>saamelaislasten ja &#8211; nuorten hyvinvoinnin turvaaminen<\/li>\n<li>yhteisty\u00f6n edist\u00e4minen paikallisten ja alueellisten toimijoiden v\u00e4lill\u00e4<\/li>\n<li>jatkaa yhteis\u00f6llisyyden yll\u00e4pit\u00e4mist\u00e4 koulun ja saamelaisyhteis\u00f6n kesken<\/li>\n<\/ul>\n<p><strong>Kohderyhm\u00e4:\u00a0<\/strong>Saamelaisalueen alle 18-vuotiaat lapset ja nuoret<\/p>\n<p>M\u00e1nnun toiminnan sis\u00e4lt\u00f6alueita ovat:\u00a0<strong>saamelaiset tarinat, laulut, joiut, leikit, retket, perinneruoat ja kuvataide<\/strong>. Toimintavuoden alussa lastenkulttuurikeskuksen yksityiskohtaiset suunnitelmat luodaan ja kaikki kolme saamen kieliryhm\u00e4\u00e4 otetaan suunnittelussa huomioon. Toiveita tai ehdotuksia voi esitt\u00e4\u00e4 suoraan toiminnanohjaajalle. M\u00e1nnun toimintaa rahoittaa Opetus-ja kulttuuriministeri\u00f6, saamelaisk\u00e4r\u00e4j\u00e4t ja saamelaisalueen kunnat.<\/p>\n<h3><strong>Lis\u00e4tietoja :<\/strong><\/h3>\n<p><strong>Toiminnanohjaaja:<\/strong><br \/>\nPetra Biret Magga-Vars puh. 040 732 5503<br \/>\npetra.magga[at]samediggi.fi<\/p>\n<p><strong>Facebook:<\/strong><br \/>\nM\u00c1NNU s\u00e1mi m\u00e1n\u00e1idkulturguovdda\u0161\/Saamelaisk\u00e4r\u00e4j\u00e4t[\/vc_column_text][\/vc_column][\/vc_row][vc_row][vc_column width=&#8221;1\/1&#8243;][vc_empty_space empty_h=&#8221;3&#8243;][\/vc_column][\/vc_row]<\/p>\n","protected":false},"excerpt":{"rendered":"<p>Lorem ipsum dolor sit amet, ut ipsum sententiae his, fugit ponderum suscipiantur id sea, alia possit suscipiantur et vix. Sed epicuri singulis cotidieque cu. Usu cu partiendo iudicabit maiestatis. Sea graeci petentium ei. Solum apeirian quo in, copiosae posidonium constituam ea sea.<\/p>\n","protected":false},"author":2,"featured_media":41,"parent":0,"menu_order":0,"comment_status":"closed","ping_status":"closed","template":"","meta":{"footnotes":""},"class_list":["post-104","page","type-page","status-publish","has-post-thumbnail","hentry"],"yoast_head":"<!-- This site is optimized with the Yoast SEO plugin v27.0 - https:\/\/yoast.com\/product\/yoast-seo-wordpress\/ -->\n<title>Saamelainen varhaiskasvatus - Ku\u00e1ti.fi<\/title>\n<meta name=\"robots\" content=\"index, follow, max-snippet:-1, max-image-preview:large, max-video-preview:-1\" \/>\n<link rel=\"canonical\" href=\"https:\/\/kuati.fi\/fi\/saamelainen-varhaiskasvatus\/\" \/>\n<meta property=\"og:locale\" content=\"fi_FI\" \/>\n<meta property=\"og:type\" content=\"article\" \/>\n<meta property=\"og:title\" content=\"Saamelainen varhaiskasvatus - Ku\u00e1ti.fi\" \/>\n<meta property=\"og:description\" content=\"Lorem ipsum dolor sit amet, ut ipsum sententiae his, fugit ponderum suscipiantur id sea, alia possit suscipiantur et vix. Sed epicuri singulis cotidieque cu. Usu cu partiendo iudicabit maiestatis. Sea graeci petentium ei. Solum apeirian quo in, copiosae posidonium constituam ea sea.\" \/>\n<meta property=\"og:url\" content=\"https:\/\/kuati.fi\/fi\/saamelainen-varhaiskasvatus\/\" \/>\n<meta property=\"og:site_name\" content=\"Ku\u00e1ti.fi\" \/>\n<meta property=\"article:modified_time\" content=\"2022-08-19T08:40:16+00:00\" \/>\n<meta property=\"og:image\" content=\"https:\/\/kuati.fi\/wp-content\/uploads\/2019\/11\/laavu.png\" \/>\n\t<meta property=\"og:image:width\" content=\"1400\" \/>\n\t<meta property=\"og:image:height\" content=\"1431\" \/>\n\t<meta property=\"og:image:type\" content=\"image\/png\" \/>\n<meta name=\"twitter:card\" content=\"summary_large_image\" \/>\n<meta name=\"twitter:label1\" content=\"Arvioitu lukuaika\" \/>\n\t<meta name=\"twitter:data1\" content=\"4 minuuttia\" \/>\n<script type=\"application\/ld+json\" class=\"yoast-schema-graph\">{\"@context\":\"https:\/\/schema.org\",\"@graph\":[{\"@type\":\"WebPage\",\"@id\":\"https:\/\/kuati.fi\/fi\/saamelainen-varhaiskasvatus\/\",\"url\":\"https:\/\/kuati.fi\/fi\/saamelainen-varhaiskasvatus\/\",\"name\":\"Saamelainen varhaiskasvatus - Ku\u00e1ti.fi\",\"isPartOf\":{\"@id\":\"https:\/\/kuati.fi\/fi\/#website\"},\"primaryImageOfPage\":{\"@id\":\"https:\/\/kuati.fi\/fi\/saamelainen-varhaiskasvatus\/#primaryimage\"},\"image\":{\"@id\":\"https:\/\/kuati.fi\/fi\/saamelainen-varhaiskasvatus\/#primaryimage\"},\"thumbnailUrl\":\"https:\/\/kuati.fi\/wp-content\/uploads\/2019\/11\/laavu.png\",\"datePublished\":\"2019-11-19T19:14:14+00:00\",\"dateModified\":\"2022-08-19T08:40:16+00:00\",\"breadcrumb\":{\"@id\":\"https:\/\/kuati.fi\/fi\/saamelainen-varhaiskasvatus\/#breadcrumb\"},\"inLanguage\":\"fi\",\"potentialAction\":[{\"@type\":\"ReadAction\",\"target\":[\"https:\/\/kuati.fi\/fi\/saamelainen-varhaiskasvatus\/\"]}]},{\"@type\":\"ImageObject\",\"inLanguage\":\"fi\",\"@id\":\"https:\/\/kuati.fi\/fi\/saamelainen-varhaiskasvatus\/#primaryimage\",\"url\":\"https:\/\/kuati.fi\/wp-content\/uploads\/2019\/11\/laavu.png\",\"contentUrl\":\"https:\/\/kuati.fi\/wp-content\/uploads\/2019\/11\/laavu.png\",\"width\":1400,\"height\":1431},{\"@type\":\"BreadcrumbList\",\"@id\":\"https:\/\/kuati.fi\/fi\/saamelainen-varhaiskasvatus\/#breadcrumb\",\"itemListElement\":[{\"@type\":\"ListItem\",\"position\":1,\"name\":\"Home\",\"item\":\"https:\/\/kuati.fi\/fi\/\"},{\"@type\":\"ListItem\",\"position\":2,\"name\":\"Saamelainen varhaiskasvatus\"}]},{\"@type\":\"WebSite\",\"@id\":\"https:\/\/kuati.fi\/fi\/#website\",\"url\":\"https:\/\/kuati.fi\/fi\/\",\"name\":\"Ku\u00e1ti.fi\",\"description\":\"Saamelaisk\u00e4r\u00e4j\u00e4t - Sarkaste hanke\",\"publisher\":{\"@id\":\"https:\/\/kuati.fi\/fi\/#organization\"},\"potentialAction\":[{\"@type\":\"SearchAction\",\"target\":{\"@type\":\"EntryPoint\",\"urlTemplate\":\"https:\/\/kuati.fi\/fi\/?s={search_term_string}\"},\"query-input\":{\"@type\":\"PropertyValueSpecification\",\"valueRequired\":true,\"valueName\":\"search_term_string\"}}],\"inLanguage\":\"fi\"},{\"@type\":\"Organization\",\"@id\":\"https:\/\/kuati.fi\/fi\/#organization\",\"name\":\"Ku\u00e1ti.fi\",\"url\":\"https:\/\/kuati.fi\/fi\/\",\"logo\":{\"@type\":\"ImageObject\",\"inLanguage\":\"fi\",\"@id\":\"https:\/\/kuati.fi\/fi\/#\/schema\/logo\/image\/\",\"url\":\"https:\/\/kuati.fi\/wp-content\/uploads\/2019\/11\/Kuati-logo-full.png\",\"contentUrl\":\"https:\/\/kuati.fi\/wp-content\/uploads\/2019\/11\/Kuati-logo-full.png\",\"width\":673,\"height\":410,\"caption\":\"Ku\u00e1ti.fi\"},\"image\":{\"@id\":\"https:\/\/kuati.fi\/fi\/#\/schema\/logo\/image\/\"}}]}<\/script>\n<!-- \/ Yoast SEO plugin. -->","yoast_head_json":{"title":"Saamelainen varhaiskasvatus - Ku\u00e1ti.fi","robots":{"index":"index","follow":"follow","max-snippet":"max-snippet:-1","max-image-preview":"max-image-preview:large","max-video-preview":"max-video-preview:-1"},"canonical":"https:\/\/kuati.fi\/fi\/saamelainen-varhaiskasvatus\/","og_locale":"fi_FI","og_type":"article","og_title":"Saamelainen varhaiskasvatus - Ku\u00e1ti.fi","og_description":"Lorem ipsum dolor sit amet, ut ipsum sententiae his, fugit ponderum suscipiantur id sea, alia possit suscipiantur et vix. Sed epicuri singulis cotidieque cu. Usu cu partiendo iudicabit maiestatis. Sea graeci petentium ei. Solum apeirian quo in, copiosae posidonium constituam ea sea.","og_url":"https:\/\/kuati.fi\/fi\/saamelainen-varhaiskasvatus\/","og_site_name":"Ku\u00e1ti.fi","article_modified_time":"2022-08-19T08:40:16+00:00","og_image":[{"width":1400,"height":1431,"url":"https:\/\/kuati.fi\/wp-content\/uploads\/2019\/11\/laavu.png","type":"image\/png"}],"twitter_card":"summary_large_image","twitter_misc":{"Arvioitu lukuaika":"4 minuuttia"},"schema":{"@context":"https:\/\/schema.org","@graph":[{"@type":"WebPage","@id":"https:\/\/kuati.fi\/fi\/saamelainen-varhaiskasvatus\/","url":"https:\/\/kuati.fi\/fi\/saamelainen-varhaiskasvatus\/","name":"Saamelainen varhaiskasvatus - Ku\u00e1ti.fi","isPartOf":{"@id":"https:\/\/kuati.fi\/fi\/#website"},"primaryImageOfPage":{"@id":"https:\/\/kuati.fi\/fi\/saamelainen-varhaiskasvatus\/#primaryimage"},"image":{"@id":"https:\/\/kuati.fi\/fi\/saamelainen-varhaiskasvatus\/#primaryimage"},"thumbnailUrl":"https:\/\/kuati.fi\/wp-content\/uploads\/2019\/11\/laavu.png","datePublished":"2019-11-19T19:14:14+00:00","dateModified":"2022-08-19T08:40:16+00:00","breadcrumb":{"@id":"https:\/\/kuati.fi\/fi\/saamelainen-varhaiskasvatus\/#breadcrumb"},"inLanguage":"fi","potentialAction":[{"@type":"ReadAction","target":["https:\/\/kuati.fi\/fi\/saamelainen-varhaiskasvatus\/"]}]},{"@type":"ImageObject","inLanguage":"fi","@id":"https:\/\/kuati.fi\/fi\/saamelainen-varhaiskasvatus\/#primaryimage","url":"https:\/\/kuati.fi\/wp-content\/uploads\/2019\/11\/laavu.png","contentUrl":"https:\/\/kuati.fi\/wp-content\/uploads\/2019\/11\/laavu.png","width":1400,"height":1431},{"@type":"BreadcrumbList","@id":"https:\/\/kuati.fi\/fi\/saamelainen-varhaiskasvatus\/#breadcrumb","itemListElement":[{"@type":"ListItem","position":1,"name":"Home","item":"https:\/\/kuati.fi\/fi\/"},{"@type":"ListItem","position":2,"name":"Saamelainen varhaiskasvatus"}]},{"@type":"WebSite","@id":"https:\/\/kuati.fi\/fi\/#website","url":"https:\/\/kuati.fi\/fi\/","name":"Ku\u00e1ti.fi","description":"Saamelaisk\u00e4r\u00e4j\u00e4t - Sarkaste hanke","publisher":{"@id":"https:\/\/kuati.fi\/fi\/#organization"},"potentialAction":[{"@type":"SearchAction","target":{"@type":"EntryPoint","urlTemplate":"https:\/\/kuati.fi\/fi\/?s={search_term_string}"},"query-input":{"@type":"PropertyValueSpecification","valueRequired":true,"valueName":"search_term_string"}}],"inLanguage":"fi"},{"@type":"Organization","@id":"https:\/\/kuati.fi\/fi\/#organization","name":"Ku\u00e1ti.fi","url":"https:\/\/kuati.fi\/fi\/","logo":{"@type":"ImageObject","inLanguage":"fi","@id":"https:\/\/kuati.fi\/fi\/#\/schema\/logo\/image\/","url":"https:\/\/kuati.fi\/wp-content\/uploads\/2019\/11\/Kuati-logo-full.png","contentUrl":"https:\/\/kuati.fi\/wp-content\/uploads\/2019\/11\/Kuati-logo-full.png","width":673,"height":410,"caption":"Ku\u00e1ti.fi"},"image":{"@id":"https:\/\/kuati.fi\/fi\/#\/schema\/logo\/image\/"}}]}},"_links":{"self":[{"href":"https:\/\/kuati.fi\/fi\/wp-json\/wp\/v2\/pages\/104","targetHints":{"allow":["GET"]}}],"collection":[{"href":"https:\/\/kuati.fi\/fi\/wp-json\/wp\/v2\/pages"}],"about":[{"href":"https:\/\/kuati.fi\/fi\/wp-json\/wp\/v2\/types\/page"}],"author":[{"embeddable":true,"href":"https:\/\/kuati.fi\/fi\/wp-json\/wp\/v2\/users\/2"}],"replies":[{"embeddable":true,"href":"https:\/\/kuati.fi\/fi\/wp-json\/wp\/v2\/comments?post=104"}],"version-history":[{"count":5,"href":"https:\/\/kuati.fi\/fi\/wp-json\/wp\/v2\/pages\/104\/revisions"}],"predecessor-version":[{"id":10314,"href":"https:\/\/kuati.fi\/fi\/wp-json\/wp\/v2\/pages\/104\/revisions\/10314"}],"wp:featuredmedia":[{"embeddable":true,"href":"https:\/\/kuati.fi\/fi\/wp-json\/wp\/v2\/media\/41"}],"wp:attachment":[{"href":"https:\/\/kuati.fi\/fi\/wp-json\/wp\/v2\/media?parent=104"}],"curies":[{"name":"wp","href":"https:\/\/api.w.org\/{rel}","templated":true}]}}