{"id":956,"date":"2019-12-17T19:04:43","date_gmt":"2019-12-17T19:04:43","guid":{"rendered":"https:\/\/kuati.fi\/etusivu\/"},"modified":"2019-12-18T09:48:40","modified_gmt":"2019-12-18T09:48:40","slug":"etusivu","status":"publish","type":"page","link":"https:\/\/kuati.fi\/ds\/etusivu\/","title":{"rendered":"Etusivu"},"content":{"rendered":"<p>[vc_row][vc_column width=&#8221;1\/1&#8243;][vc_empty_space empty_h=&#8221;2&#8243;][\/vc_column][\/vc_row][vc_row row_height_percent=&#8221;0&#8243; override_padding=&#8221;yes&#8221; h_padding=&#8221;3&#8243; top_padding=&#8221;2&#8243; bottom_padding=&#8221;4&#8243; overlay_alpha=&#8221;50&#8243; gutter_size=&#8221;3&#8243; column_width_percent=&#8221;100&#8243; shift_y=&#8221;0&#8243; z_index=&#8221;0&#8243; top_divider=&#8221;pyramids&#8221; desktop_visibility=&#8221;yes&#8221; medium_visibility=&#8221;yes&#8221; mobile_visibility=&#8221;yes&#8221; row_name=&#8221;Results&#8221;][vc_column][vc_custom_heading]<\/p>\n<h2>Selaa materiaalipankkia<\/h2>\n<p>[\/vc_custom_heading][uncode_index el_id=&#8221;index-591376&#8243; isotope_mode=&#8221;vertical&#8221; loop=&#8221;size:All|order_by:date|post_type:ymparistoluontoyhtey,lapsi_yhteiso,kadentaidot,ilmaisu,kieli,matemaattinen_ajatte&#8221; filtering=&#8221;yes&#8221; filter_back_color=&#8221;color-114234&#8243; filtering_full_width=&#8221;yes&#8221; filter_all_opposite=&#8221;yes&#8221; filtering_uppercase=&#8221;yes&#8221; pagination=&#8221;yes&#8221; gutter_size=&#8221;0&#8243; page_items=&#8221;title,media|featured|onpost|original&#8221; ymparistoluontoyhtey_items=&#8221;type,category|nobg|relative|display-icon,title,text|full|150&#8243; lapsi_yhteiso_items=&#8221;type,category|nobg|relative|display-icon,title,text|full|150&#8243; kadentaidot_items=&#8221;type,category|nobg|relative|display-icon,title&#8221; ilmaisu_items=&#8221;type,category|nobg|relative|display-icon,title,text|full|150&#8243; kieli_items=&#8221;type,category|nobg|relative|display-icon,title&#8221; matemaattinen_ajatte_items=&#8221;type,category|nobg|relative|display-icon,title,text|full|150&#8243; screen_lg=&#8221;1000&#8243; screen_md=&#8221;600&#8243; screen_sm=&#8221;480&#8243; single_width=&#8221;12&#8243; single_overlay_opacity=&#8221;50&#8243; single_padding=&#8221;1&#8243; single_title_semantic=&#8221;h2&#8243; single_title_dimension=&#8221;h3&#8243; single_css_animation=&#8221;alpha-anim&#8221; custom_order=&#8221;yes&#8221; order_ids=&#8221;90,104,112,118&#8243; filter_all_text=&#8221;N\u00e4yt\u00e4 kaikki&#8221; single_icon=&#8221;fa fa-plus&#8221; title=&#8221;P\u00e4\u00e4haku&#8221; el_class=&#8221;material-list&#8221;][\/vc_column][\/vc_row][vc_row row_height_percent=&#8221;0&#8243; override_padding=&#8221;yes&#8221; h_padding=&#8221;3&#8243; top_padding=&#8221;4&#8243; bottom_padding=&#8221;4&#8243; back_color=&#8221;color-lxmt&#8221; overlay_alpha=&#8221;50&#8243; gutter_size=&#8221;3&#8243; column_width_percent=&#8221;100&#8243; shift_y=&#8221;0&#8243; z_index=&#8221;0&#8243; top_divider=&#8221;pyramids&#8221; desktop_visibility=&#8221;yes&#8221; medium_visibility=&#8221;yes&#8221; mobile_visibility=&#8221;yes&#8221; row_name=&#8221;Info&#8221;][vc_column][vc_custom_heading]<\/p>\n<h2>Tutustu Ku\u00e1tiin<\/h2>\n<p>[\/vc_custom_heading][uncode_index el_id=&#8221;index-591376b&#8221; index_type=&#8221;carousel&#8221; loop=&#8221;size:10|order_by:date|post_type:page|by_id:118,112,104,90&#8243; carousel_lg=&#8221;1&#8243; carousel_md=&#8221;1&#8243; carousel_sm=&#8221;1&#8243; gutter_size=&#8221;5&#8243; inner_padding=&#8221;yes&#8221; page_items=&#8221;title,media|featured|onpost|original,text|full|250,link|default|default_size|outline&#8221; carousel_height=&#8221;equal&#8221; carousel_interval=&#8221;5000&#8243; carousel_navspeed=&#8221;1000&#8243; carousel_loop=&#8221;yes&#8221; carousel_nav=&#8221;yes&#8221; carousel_nav_mobile=&#8221;yes&#8221; carousel_dots=&#8221;yes&#8221; carousel_dots_space=&#8221;yes&#8221; carousel_dots_mobile=&#8221;yes&#8221; carousel_autoh=&#8221;yes&#8221; stage_padding=&#8221;0&#8243; single_text=&#8221;lateral&#8221; single_image_size=&#8221;2&#8243; single_overlay_opacity=&#8221;1&#8243; single_overlay_anim=&#8221;no&#8221; single_vertical_text=&#8221;middle&#8221; single_padding=&#8221;2&#8243; single_title_semantic=&#8221;h2&#8243; single_title_dimension=&#8221;h3&#8243; single_border=&#8221;yes&#8221; single_css_animation=&#8221;alpha-anim&#8221; custom_order=&#8221;yes&#8221; order_ids=&#8221;90,104,112,118&#8243; title=&#8221;Pages karuselli&#8221;][\/vc_column][\/vc_row][vc_row][vc_column width=&#8221;1\/1&#8243;][vc_raw_html]W3JlYWN0aXZlIGtleT0iODk4Il0=[\/vc_raw_html][\/vc_column][\/vc_row]<\/p>\n","protected":false},"excerpt":{"rendered":"<p>[vc_row][vc_column width=&#8221;1\/1&#8243;][vc_empty_space empty_h=&#8221;2&#8243;][\/vc_column][\/vc_row][vc_row row_height_percent=&#8221;0&#8243; override_padding=&#8221;yes&#8221; h_padding=&#8221;3&#8243; top_padding=&#8221;2&#8243; bottom_padding=&#8221;4&#8243; overlay_alpha=&#8221;50&#8243; gutter_size=&#8221;3&#8243; column_width_percent=&#8221;100&#8243; shift_y=&#8221;0&#8243; z_index=&#8221;0&#8243; top_divider=&#8221;pyramids&#8221; desktop_visibility=&#8221;yes&#8221; medium_visibility=&#8221;yes&#8221; mobile_visibility=&#8221;yes&#8221; row_name=&#8221;Results&#8221;][vc_column][vc_custom_heading] Selaa materiaalipankkia [&hellip;]<\/p>\n","protected":false},"author":1,"featured_media":0,"parent":0,"menu_order":0,"comment_status":"closed","ping_status":"closed","template":"","meta":{"footnotes":""},"class_list":["post-956","page","type-page","status-publish","hentry"],"yoast_head":"<!-- This site is optimized with the Yoast SEO plugin v27.0 - https:\/\/yoast.com\/product\/yoast-seo-wordpress\/ -->\n<title>Etusivu - Ku\u00e1ti.fi<\/title>\n<meta name=\"robots\" content=\"index, follow, max-snippet:-1, max-image-preview:large, max-video-preview:-1\" \/>\n<link rel=\"canonical\" href=\"https:\/\/kuati.fi\/ds\/etusivu\/\" \/>\n<meta property=\"og:locale\" content=\"en_US\" \/>\n<meta property=\"og:type\" content=\"article\" \/>\n<meta property=\"og:title\" content=\"Etusivu - Ku\u00e1ti.fi\" \/>\n<meta property=\"og:description\" content=\"[vc_row][vc_column width=&#8221;1\/1&#8243;][vc_empty_space empty_h=&#8221;2&#8243;][\/vc_column][\/vc_row][vc_row row_height_percent=&#8221;0&#8243; override_padding=&#8221;yes&#8221; h_padding=&#8221;3&#8243; top_padding=&#8221;2&#8243; bottom_padding=&#8221;4&#8243; overlay_alpha=&#8221;50&#8243; gutter_size=&#8221;3&#8243; column_width_percent=&#8221;100&#8243; shift_y=&#8221;0&#8243; z_index=&#8221;0&#8243; top_divider=&#8221;pyramids&#8221; desktop_visibility=&#8221;yes&#8221; medium_visibility=&#8221;yes&#8221; mobile_visibility=&#8221;yes&#8221; row_name=&#8221;Results&#8221;][vc_column][vc_custom_heading] Selaa materiaalipankkia [&hellip;]\" \/>\n<meta property=\"og:url\" content=\"https:\/\/kuati.fi\/ds\/etusivu\/\" \/>\n<meta property=\"og:site_name\" content=\"Ku\u00e1ti.fi\" \/>\n<meta property=\"article:modified_time\" content=\"2019-12-18T09:48:40+00:00\" \/>\n<meta name=\"twitter:card\" content=\"summary_large_image\" \/>\n<meta name=\"twitter:label1\" content=\"Est. reading time\" \/>\n\t<meta name=\"twitter:data1\" content=\"2 minutes\" \/>\n<script type=\"application\/ld+json\" class=\"yoast-schema-graph\">{\"@context\":\"https:\/\/schema.org\",\"@graph\":[{\"@type\":\"WebPage\",\"@id\":\"https:\/\/kuati.fi\/ds\/etusivu\/\",\"url\":\"https:\/\/kuati.fi\/ds\/etusivu\/\",\"name\":\"Etusivu - Ku\u00e1ti.fi\",\"isPartOf\":{\"@id\":\"https:\/\/kuati.fi\/ds\/#website\"},\"datePublished\":\"2019-12-17T19:04:43+00:00\",\"dateModified\":\"2019-12-18T09:48:40+00:00\",\"breadcrumb\":{\"@id\":\"https:\/\/kuati.fi\/ds\/etusivu\/#breadcrumb\"},\"inLanguage\":\"ds\",\"potentialAction\":[{\"@type\":\"ReadAction\",\"target\":[\"https:\/\/kuati.fi\/ds\/etusivu\/\"]}]},{\"@type\":\"BreadcrumbList\",\"@id\":\"https:\/\/kuati.fi\/ds\/etusivu\/#breadcrumb\",\"itemListElement\":[{\"@type\":\"ListItem\",\"position\":1,\"name\":\"Home\",\"item\":\"https:\/\/kuati.fi\/ds\/\"},{\"@type\":\"ListItem\",\"position\":2,\"name\":\"Etusivu\"}]},{\"@type\":\"WebSite\",\"@id\":\"https:\/\/kuati.fi\/ds\/#website\",\"url\":\"https:\/\/kuati.fi\/ds\/\",\"name\":\"Ku\u00e1ti.fi\",\"description\":\"Saamelaisk\u00e4r\u00e4j\u00e4t - Sarkaste hanke\",\"publisher\":{\"@id\":\"https:\/\/kuati.fi\/ds\/#organization\"},\"potentialAction\":[{\"@type\":\"SearchAction\",\"target\":{\"@type\":\"EntryPoint\",\"urlTemplate\":\"https:\/\/kuati.fi\/ds\/?s={search_term_string}\"},\"query-input\":{\"@type\":\"PropertyValueSpecification\",\"valueRequired\":true,\"valueName\":\"search_term_string\"}}],\"inLanguage\":\"ds\"},{\"@type\":\"Organization\",\"@id\":\"https:\/\/kuati.fi\/ds\/#organization\",\"name\":\"Ku\u00e1ti.fi\",\"url\":\"https:\/\/kuati.fi\/ds\/\",\"logo\":{\"@type\":\"ImageObject\",\"inLanguage\":\"ds\",\"@id\":\"https:\/\/kuati.fi\/ds\/#\/schema\/logo\/image\/\",\"url\":\"https:\/\/kuati.fi\/wp-content\/uploads\/2019\/11\/Kuati-logo-full.png\",\"contentUrl\":\"https:\/\/kuati.fi\/wp-content\/uploads\/2019\/11\/Kuati-logo-full.png\",\"width\":673,\"height\":410,\"caption\":\"Ku\u00e1ti.fi\"},\"image\":{\"@id\":\"https:\/\/kuati.fi\/ds\/#\/schema\/logo\/image\/\"}}]}<\/script>\n<!-- \/ Yoast SEO plugin. -->","yoast_head_json":{"title":"Etusivu - Ku\u00e1ti.fi","robots":{"index":"index","follow":"follow","max-snippet":"max-snippet:-1","max-image-preview":"max-image-preview:large","max-video-preview":"max-video-preview:-1"},"canonical":"https:\/\/kuati.fi\/ds\/etusivu\/","og_locale":"en_US","og_type":"article","og_title":"Etusivu - Ku\u00e1ti.fi","og_description":"[vc_row][vc_column width=&#8221;1\/1&#8243;][vc_empty_space empty_h=&#8221;2&#8243;][\/vc_column][\/vc_row][vc_row row_height_percent=&#8221;0&#8243; override_padding=&#8221;yes&#8221; h_padding=&#8221;3&#8243; top_padding=&#8221;2&#8243; bottom_padding=&#8221;4&#8243; overlay_alpha=&#8221;50&#8243; gutter_size=&#8221;3&#8243; column_width_percent=&#8221;100&#8243; shift_y=&#8221;0&#8243; z_index=&#8221;0&#8243; top_divider=&#8221;pyramids&#8221; desktop_visibility=&#8221;yes&#8221; medium_visibility=&#8221;yes&#8221; mobile_visibility=&#8221;yes&#8221; row_name=&#8221;Results&#8221;][vc_column][vc_custom_heading] Selaa materiaalipankkia [&hellip;]","og_url":"https:\/\/kuati.fi\/ds\/etusivu\/","og_site_name":"Ku\u00e1ti.fi","article_modified_time":"2019-12-18T09:48:40+00:00","twitter_card":"summary_large_image","twitter_misc":{"Est. reading time":"2 minutes"},"schema":{"@context":"https:\/\/schema.org","@graph":[{"@type":"WebPage","@id":"https:\/\/kuati.fi\/ds\/etusivu\/","url":"https:\/\/kuati.fi\/ds\/etusivu\/","name":"Etusivu - Ku\u00e1ti.fi","isPartOf":{"@id":"https:\/\/kuati.fi\/ds\/#website"},"datePublished":"2019-12-17T19:04:43+00:00","dateModified":"2019-12-18T09:48:40+00:00","breadcrumb":{"@id":"https:\/\/kuati.fi\/ds\/etusivu\/#breadcrumb"},"inLanguage":"ds","potentialAction":[{"@type":"ReadAction","target":["https:\/\/kuati.fi\/ds\/etusivu\/"]}]},{"@type":"BreadcrumbList","@id":"https:\/\/kuati.fi\/ds\/etusivu\/#breadcrumb","itemListElement":[{"@type":"ListItem","position":1,"name":"Home","item":"https:\/\/kuati.fi\/ds\/"},{"@type":"ListItem","position":2,"name":"Etusivu"}]},{"@type":"WebSite","@id":"https:\/\/kuati.fi\/ds\/#website","url":"https:\/\/kuati.fi\/ds\/","name":"Ku\u00e1ti.fi","description":"Saamelaisk\u00e4r\u00e4j\u00e4t - Sarkaste hanke","publisher":{"@id":"https:\/\/kuati.fi\/ds\/#organization"},"potentialAction":[{"@type":"SearchAction","target":{"@type":"EntryPoint","urlTemplate":"https:\/\/kuati.fi\/ds\/?s={search_term_string}"},"query-input":{"@type":"PropertyValueSpecification","valueRequired":true,"valueName":"search_term_string"}}],"inLanguage":"ds"},{"@type":"Organization","@id":"https:\/\/kuati.fi\/ds\/#organization","name":"Ku\u00e1ti.fi","url":"https:\/\/kuati.fi\/ds\/","logo":{"@type":"ImageObject","inLanguage":"ds","@id":"https:\/\/kuati.fi\/ds\/#\/schema\/logo\/image\/","url":"https:\/\/kuati.fi\/wp-content\/uploads\/2019\/11\/Kuati-logo-full.png","contentUrl":"https:\/\/kuati.fi\/wp-content\/uploads\/2019\/11\/Kuati-logo-full.png","width":673,"height":410,"caption":"Ku\u00e1ti.fi"},"image":{"@id":"https:\/\/kuati.fi\/ds\/#\/schema\/logo\/image\/"}}]}},"_links":{"self":[{"href":"https:\/\/kuati.fi\/ds\/wp-json\/wp\/v2\/pages\/956","targetHints":{"allow":["GET"]}}],"collection":[{"href":"https:\/\/kuati.fi\/ds\/wp-json\/wp\/v2\/pages"}],"about":[{"href":"https:\/\/kuati.fi\/ds\/wp-json\/wp\/v2\/types\/page"}],"author":[{"embeddable":true,"href":"https:\/\/kuati.fi\/ds\/wp-json\/wp\/v2\/users\/1"}],"replies":[{"embeddable":true,"href":"https:\/\/kuati.fi\/ds\/wp-json\/wp\/v2\/comments?post=956"}],"version-history":[{"count":0,"href":"https:\/\/kuati.fi\/ds\/wp-json\/wp\/v2\/pages\/956\/revisions"}],"wp:attachment":[{"href":"https:\/\/kuati.fi\/ds\/wp-json\/wp\/v2\/media?parent=956"}],"curies":[{"name":"wp","href":"https:\/\/api.w.org\/{rel}","templated":true}]}}