{"id":197,"date":"2019-11-21T13:43:08","date_gmt":"2019-11-21T13:43:08","guid":{"rendered":"https:\/\/kuati.fi\/sami-arrabajasgeassin\/"},"modified":"2019-11-21T13:43:09","modified_gmt":"2019-11-21T13:43:09","slug":"sami-arrabajasgeassin","status":"publish","type":"page","link":"https:\/\/kuati.fi\/ds\/sami-arrabajasgeassin\/","title":{"rendered":"S\u00e1mi \u00e1rrabaj\u00e1sgeassin"},"content":{"rendered":"<p>[vc_row][vc_column width=&#8221;1\/1&#8243;][vc_empty_space empty_h=&#8221;3&#8243;][\/vc_column][\/vc_row][vc_row row_height_percent=&#8221;0&#8243; overlay_alpha=&#8221;50&#8243; gutter_size=&#8221;3&#8243; column_width_percent=&#8221;100&#8243; shift_y=&#8221;0&#8243; z_index=&#8221;0&#8243; top_divider=&#8221;pyramids&#8221;][vc_column width=&#8221;1\/4&#8243;][\/vc_column][vc_column width=&#8221;3\/4&#8243;][vc_custom_heading]<\/p>\n<h2><strong>Info:<\/strong><\/h2>\n<p>[\/vc_custom_heading][vc_column_text]S\u00e1megielat \u00e1rrabaj\u00e1sgeassinovttadagain geavahit golmma Suomas h\u00e1llojuvvon s\u00e1megiela: an\u00e1ra\u0161giela, davvis\u00e1megiela ja nuortala\u0161giela. Beaivedik\u0161ob\u00e1ikkiin f\u00e1llet s\u00e1megielat \u00e1rrabaj\u00e1sgeassinb\u00e1lvalusaid eatnigielat m\u00e1n\u00e1ide. Giellabesiin bealisteaset f\u00e1llet \u00e1itojuvvon gielaid ja kultuvrraid eal\u00e1skahttima v\u00e1ras giellal\u00e1vguma. Ulbmil lea, ahte nu eatnigiellagat go giellabeassem\u00e1n\u00e1in \u0161addet boahtte\u00e1iggis s\u00e1megiela sirdit.[\/vc_column_text][\/vc_column][\/vc_row][vc_row][vc_column width=&#8221;1\/4&#8243;][\/vc_column][vc_column width=&#8221;3\/4&#8243;][vc_custom_heading]<\/p>\n<h2>\u00c1rrabaj\u00e1sgeassinpl\u00e1nat<\/h2>\n<p>[\/vc_custom_heading][vc_column_text]S\u00e1pmela\u0161 \u00e1rrabaj\u00e1sgeassimis earenoam\u00e1\u0161 leat giela, kultuvrra, \u00e1rbedie\u0111u, soga ja luonddu vuhtii v\u00e1ldin ja daid die\u0111uid sirdin m\u00e1n\u00e1ide. N\u00e1 m\u00e1n\u00e1in \u0161addet giela ja kultuvrra sirdit, geat birgejit ja geain lea nana s\u00e1mi identitehtta.<\/p>\n<p><strong>S\u00e1mi \u00e1rrabaj\u00e1sgeassima stivrejit:<\/strong><\/p>\n<ul>\n<li>Suoma riikkaviidosa\u0161 \u00e1rrabaj\u00e1sgeassinpl\u00e1na (sg. Varhaiskasvatussuunnitelman perusteet)<\/li>\n<li>S\u00e1mi \u00e1rrabaj\u00e1sgeassinpl\u00e1na oassin\u00a0gielddaid ie\u017eas \u00e1rrabaj\u00e1sgeassinpl\u00e1naid.<\/li>\n<\/ul>\n<p>Riikkaviidosa\u0161 \u00e1rrabaj\u00e1sgeassinpl\u00e1na vuo\u0111ustusat stivrejit \u00e1rrabaj\u00e1sgeassima sisdoalu olla\u0161uvvama ja gielddaid ie\u017eas \u00e1rrabaj\u00e1sgeassinpl\u00e1naid r\u00e1hkadeami. Vuo\u0111ustusaid ulbmilin lea ovddidit \u00e1rrabaj\u00e1sgeassima ovttaveard\u00e1sa\u0161 olla\u0161uhttima olles riikkas. S\u00e1mi \u00e1rrabaj\u00e1sgeassinpl\u00e1na dievasmahtt\u00e1 riikkaviidosa\u0161 stivrema ja dan \u00e1v\u017e\u017euhit geavahit juohke sajis Suomas s\u00e1megielat beaivediv\u0161\u0161us. S\u00e1megielat \u00e1rrabaj\u00e1sgeassinovttadagaid ie\u017easet pl\u00e1nat r\u00e1hkaduvvojit riikkaviidosa\u0161 ja s\u00e1mi \u00e1rrabaj\u00e1sgeassinpl\u00e1na vuo\u0111ul. Ovttadagaid \u00e1rrabaj\u00e1sgeassinpl\u00e1nas govvejuvvojit ovttadagaid \u00e1rrabaj\u00e1sgeassima nappo div\u0161\u0161u, baj\u00e1sgeassima ja oahpahusa vuolgga\u010duogg\u00e1t ja daid olla\u0161uvvan \u00e1rgabeaivvi baj\u00e1sgeassingeavadiin. Das govvejuvvojit maidd\u00e1i guovllu dahje dik\u0161ob\u00e1ikki earenoam\u00e1\u0161 ihtagat ja deattuhusat. Maidd\u00e1i sierra b\u00e1lvalush\u00e1miid d\u00e1rkilit ulbmilat \u010d\u00e1llojuvvojit ovttadaga ie\u017eas pl\u00e1nii.<\/p>\n<h3><strong>Ovttasbargu v\u00e1nhemiiguin<\/strong><\/h3>\n<p>Ovttasbargu v\u00e1nhemiiguin lea okta dain deh\u00e1leamos \u00e1\u0161\u0161iin s\u00e1megielat \u00e1rrabaj\u00e1sgeassimis. Ovttasbarggu ulbmilin lea, ahte bargit, v\u00e1nhemat ja m\u00e1n\u00e1 fuolaheapm\u00e1i oass\u00e1lasti olbmot dihtomielala\u010d\u010dat \u010datnasit doarjut m\u00e1n\u00e1 \u0161addama, ovd\u00e1neami ja oahppama. Ovdal go m\u00e1nn\u00e1 \u00e1lg\u00e1 dik\u0161ui, de ordnejuvvo \u00e1lggahans\u00e1gastallan m\u00e1n\u00e1 ruovttus dahje dik\u0161ob\u00e1ikkis. Ruovttus fitnama vejola\u0161vuohta lea oassin \u00e1rrabaj\u00e1sgeassinpl\u00e1na. M\u00e1n\u00e1 ie\u017eas persovnnala\u0161 baj\u00e1sgeassinpl\u00e1na r\u00e1hkaduvvo 1-2 m\u00e1nu das go m\u00e1nn\u00e1 lea \u00e1lg\u00e1n dik\u0161ui. \u00c1rrabaj\u00e1sgeassinpl\u00e1na vuo\u0111\u0111un leat bargiid \u00e1iccut m\u00e1n\u00e1 div\u0161\u0161us ja v\u00e1nhemiid fuom\u00e1\u0161umit ruovttus. Jahk\u00e1sa\u0161 doaibmapl\u00e1na dahkkojuvvo ovttasr\u00e1\u0111iid v\u00e1nhemiiguin, ja dan ma\u014b\u014b\u00e1 v\u00e1ldojuvvojit vuhtii vel m\u00e1n\u00e1id ie\u017easet \u00e1rrabaj\u00e1sgeassinpl\u00e1nat ja dain h\u00e1pma\u0161uvv\u00e1 ovttadagaid \u00e1rrabaj\u00e1sgeassinpl\u00e1na, mii stivre dik\u0161ob\u00e1ikki doaimma.<\/p>\n<p>Beaivediv\u0161\u0161u ohcanskovit leat g\u00e1vdnomis gielddaid siidduin, beaivedik\u0161odoaimmahagain ja dik\u0161ob\u00e1ikkiin. Beaivedik\u0161om\u00e1vssut mearriduvvojit \u00e1rrabajasgeassima \u00e1\u0161\u0161ehasm\u00e1ksol\u00e1ga vuo\u0111ul. L\u00e1hka \u00e1rrabajasgeassima \u00e1\u0161\u0161ehasm\u00e1ksolagas bo\u0111ii f\u00e1pmun 1.3.2017.<\/p>\n<h3>S\u00e1megielat \u00e1rrabaj\u00e1sgeassima stivrejeaddji \u00e1\u0161\u0161egirjjit:<\/h3>\n<p><strong>\u00c1rrabaj\u00e1sgeassinpl\u00e1na vuo\u0111ustusat<\/strong><\/p>\n<p><a title=\"Varhaiskasvatussuunnitelman perusteet\" href=\"https:\/\/eperusteet.opintopolku.fi\/#\/fi\/varhaiskasvatus\/1266381\/tiedot\">https:\/\/eperusteet.opintopolku.fi\/#\/fi\/varhaiskasvatus\/1266381\/tiedot<\/a><\/p>\n<p><strong>S\u00e1mi \u00e1rrabaj\u00e1sgeassinpl\u00e1na<\/strong><\/p>\n<p><a href=\"http:\/\/www.samediggi.fi\/index.php?option=com_content&amp;task=view&amp;id=45&amp;Itemid=123&amp;lang=finnish\">http:\/\/www.samediggi.fi\/index.php?option=com_content&amp;task=view&amp;id=45&amp;Itemid=123&amp;lang=finnish<\/a><\/p>\n<p><strong>\u00c1\u0161\u0161egirjjit ja pl\u00e1nat, mat linjejit \u00e1rrabaj\u00e1sgeassima<\/strong><\/p>\n<p><a href=\"http:\/\/www.oph.fi\/saadokset_ja_ohjeet\/lainsaadanto\/varhaiskasvatus\">http:\/\/www.oph.fi\/saadokset_ja_ohjeet\/lainsaadanto\/varhaiskasvatus<\/a>[\/vc_column_text][\/vc_column][\/vc_row][vc_row][vc_column width=&#8221;1\/4&#8243;][\/vc_column][vc_column width=&#8221;3\/4&#8243;][vc_custom_heading]<\/p>\n<h2>M\u00c1NNU S\u00c1MI M\u00c1N\u00c1IDKULTURGUOVDD\u00c1\u0160<\/h2>\n<p>[\/vc_custom_heading][vc_column_text]<\/p>\n<h3><strong>Ulbmilat:<\/strong><\/h3>\n<ul>\n<li>lasihit m\u00e1n\u00e1id ja nuoraid ie\u017easet kultuvrra dovdamu\u0161a<\/li>\n<li>addit m\u00e1nn\u00e1i ja nurrii vejola\u0161vuo\u0111a oahppat \u00e1rbevirola\u0161 die\u0111uid ja d\u00e1idduid<\/li>\n<li>nannet ja doarjut m\u00e1n\u00e1id ja nuoraid s\u00e1megiela ovd\u00e1neami<\/li>\n<li>lasihit ie\u0161gu\u0111etl\u00e1gan kultur\u00e1rbevieruid gudnejahttima ja \u00e1rvvusatnima<\/li>\n<li>f\u00e1llat \u010duoz\u00e1hatjovkui vejola\u0161vuo\u0111aid persovnnala\u0161vuo\u0111a m\u00e1\u014bggabealat ovddideapm\u00e1i<\/li>\n<li>stivret m\u00e1n\u00e1id ja nuoraid sierral\u00e1gan d\u00e1iddav\u00e1s\u00e1husaid \u00e1rvvusatnimii<\/li>\n<li>ovddidit kultur- ja d\u00e1iddabaj\u00e1sgeassima s\u00e1meguovllus<\/li>\n<li>s\u00e1mem\u00e1n\u00e1id ja -nuoraid buresveadjima dorvvasteapmi<\/li>\n<li>oktasa\u0161barggu ovddideapmi b\u00e1ikk\u00e1la\u0161 ja guovlluguovdasa\u0161 doaibmiid gaskkas<\/li>\n<li>joatkit servvola\u0161vuo\u0111a doalaheami skuvlla ja s\u00e1meservodaga gaskkas<\/li>\n<\/ul>\n<p><strong>\u010cuoz\u00e1hatjoavku: <\/strong>S\u00e1meguovllu vuollel 18-jahk\u00e1sa\u0161 m\u00e1n\u00e1t ja nuorat<\/p>\n<h3><strong>S\u00e1meguovllu gielddaid s\u00e1megielat \u00e1rrabaj\u00e1sgeassinovttadagain s\u00e1megiela ja -kultuvrra \u010diek\u014budeaddji doaibma l\u00e1giduvvo:<\/strong><\/h3>\n<p><strong>EANODAGA GIELDDAS:\u00a0<\/strong>S\u00e1megielat joavkobeara\u0161beaiveruoktu Miessi<\/p>\n<p><strong>AN\u00c1RA GIELDDAS:\u00a0<\/strong>Avvila davvis\u00e1megielat joavkobeara\u0161beaiveruoktu N\u00e1sti, An\u00e1ra davvis\u00e1megielat joavkobeara\u0161beaiveruoktu Urbi, nuortala\u0161giela giellabeasit (2) ja an\u00e1ra\u0161giela giellabeasit (3)<\/p>\n<p><strong>SOA\u0110EGILI GIELDDAS:\u00a0<\/strong>Davvis\u00e1megielat giellabeassi Biedju, Vuoh\u010dus<\/p>\n<p><strong>OHCEJOGA GIELDDAS:\u00a0<\/strong>G\u00e1regasnj\u00e1rgga s\u00e1megielat beaiveruoktu, Ohcejohnj\u00e1lmmi beaiveruoktu<\/p>\n<p>M\u00c1NU doaimma sisdollui gullet\u00a0<strong>s\u00e1mi m\u00e1idnasat, l\u00e1vlagat, luo\u0111it, stohkosat, reaissut, \u00e1rbevirola\u0161 borramu\u0161at ja govvad\u00e1idda.\u00a0<\/strong>M\u00e1n\u00e1idkulturguovdd\u00e1\u017ea d\u00e1rkilis pl\u00e1nat dahkkojuvvojit doaibmajagi \u00e1lggus ja buot golbma s\u00e1mi giellajoavkku v\u00e1ldojuvvojit pl\u00e1nemis vuhtii. S\u00e1valdagaid dahje evttohusaid s\u00e1htt\u00e1 buktit njuolga doaimmajo\u0111iheaddj\u00e1i. M\u00c1NU doaimma ruhtadit Oahpahus- ja kulturministeriija, s\u00e1mediggi ja s\u00e1meguovllu gielddat.<\/p>\n<h3>Lassedie\u0111ut<strong>:<\/strong><\/h3>\n<p><strong>Doaimmajo\u0111iheaddji:<\/strong><br \/>\nPetra Biret Magga-Vars puh. 040 732 5503<br \/>\npetra.magga[at]samediggi.fi<\/p>\n<p><strong>Facebook:<\/strong><br \/>\nM\u00c1NNU s\u00e1mi m\u00e1n\u00e1idkulturguovdda\u0161\/Saamelaisk\u00e4r\u00e4j\u00e4t[\/vc_column_text][\/vc_column][\/vc_row][vc_row][vc_column width=&#8221;1\/1&#8243;][vc_empty_space empty_h=&#8221;3&#8243;][\/vc_column][\/vc_row]<\/p>\n","protected":false},"excerpt":{"rendered":"<p>Lorem ipsum dolor sit amet, ut ipsum sententiae his, fugit ponderum suscipiantur id sea, alia possit suscipiantur et vix. Sed epicuri singulis cotidieque cu. Usu cu partiendo iudicabit maiestatis. Sea graeci petentium ei. Solum apeirian quo in, copiosae posidonium constituam ea sea.<\/p>\n","protected":false},"author":2,"featured_media":41,"parent":0,"menu_order":0,"comment_status":"closed","ping_status":"closed","template":"","meta":{"footnotes":""},"class_list":["post-197","page","type-page","status-publish","has-post-thumbnail","hentry"],"yoast_head":"<!-- This site is optimized with the Yoast SEO plugin v27.0 - https:\/\/yoast.com\/product\/yoast-seo-wordpress\/ -->\n<title>S\u00e1mi \u00e1rrabaj\u00e1sgeassin - Ku\u00e1ti.fi<\/title>\n<meta name=\"robots\" content=\"index, follow, max-snippet:-1, max-image-preview:large, max-video-preview:-1\" \/>\n<link rel=\"canonical\" href=\"https:\/\/kuati.fi\/ds\/sami-arrabajasgeassin\/\" \/>\n<meta property=\"og:locale\" content=\"en_US\" \/>\n<meta property=\"og:type\" content=\"article\" \/>\n<meta property=\"og:title\" content=\"S\u00e1mi \u00e1rrabaj\u00e1sgeassin - Ku\u00e1ti.fi\" \/>\n<meta property=\"og:description\" content=\"Lorem ipsum dolor sit amet, ut ipsum sententiae his, fugit ponderum suscipiantur id sea, alia possit suscipiantur et vix. Sed epicuri singulis cotidieque cu. Usu cu partiendo iudicabit maiestatis. Sea graeci petentium ei. Solum apeirian quo in, copiosae posidonium constituam ea sea.\" \/>\n<meta property=\"og:url\" content=\"https:\/\/kuati.fi\/ds\/sami-arrabajasgeassin\/\" \/>\n<meta property=\"og:site_name\" content=\"Ku\u00e1ti.fi\" \/>\n<meta property=\"article:modified_time\" content=\"2019-11-21T13:43:09+00:00\" \/>\n<meta property=\"og:image\" content=\"https:\/\/kuati.fi\/wp-content\/uploads\/2019\/11\/laavu.png\" \/>\n\t<meta property=\"og:image:width\" content=\"1400\" \/>\n\t<meta property=\"og:image:height\" content=\"1431\" \/>\n\t<meta property=\"og:image:type\" content=\"image\/png\" \/>\n<meta name=\"twitter:card\" content=\"summary_large_image\" \/>\n<meta name=\"twitter:label1\" content=\"Est. reading time\" \/>\n\t<meta name=\"twitter:data1\" content=\"5 minutes\" \/>\n<script type=\"application\/ld+json\" class=\"yoast-schema-graph\">{\"@context\":\"https:\/\/schema.org\",\"@graph\":[{\"@type\":\"WebPage\",\"@id\":\"https:\/\/kuati.fi\/ds\/sami-arrabajasgeassin\/\",\"url\":\"https:\/\/kuati.fi\/ds\/sami-arrabajasgeassin\/\",\"name\":\"S\u00e1mi \u00e1rrabaj\u00e1sgeassin - Ku\u00e1ti.fi\",\"isPartOf\":{\"@id\":\"https:\/\/kuati.fi\/ds\/#website\"},\"primaryImageOfPage\":{\"@id\":\"https:\/\/kuati.fi\/ds\/sami-arrabajasgeassin\/#primaryimage\"},\"image\":{\"@id\":\"https:\/\/kuati.fi\/ds\/sami-arrabajasgeassin\/#primaryimage\"},\"thumbnailUrl\":\"https:\/\/kuati.fi\/wp-content\/uploads\/2019\/11\/laavu.png\",\"datePublished\":\"2019-11-21T13:43:08+00:00\",\"dateModified\":\"2019-11-21T13:43:09+00:00\",\"breadcrumb\":{\"@id\":\"https:\/\/kuati.fi\/ds\/sami-arrabajasgeassin\/#breadcrumb\"},\"inLanguage\":\"ds\",\"potentialAction\":[{\"@type\":\"ReadAction\",\"target\":[\"https:\/\/kuati.fi\/ds\/sami-arrabajasgeassin\/\"]}]},{\"@type\":\"ImageObject\",\"inLanguage\":\"ds\",\"@id\":\"https:\/\/kuati.fi\/ds\/sami-arrabajasgeassin\/#primaryimage\",\"url\":\"https:\/\/kuati.fi\/wp-content\/uploads\/2019\/11\/laavu.png\",\"contentUrl\":\"https:\/\/kuati.fi\/wp-content\/uploads\/2019\/11\/laavu.png\",\"width\":1400,\"height\":1431},{\"@type\":\"BreadcrumbList\",\"@id\":\"https:\/\/kuati.fi\/ds\/sami-arrabajasgeassin\/#breadcrumb\",\"itemListElement\":[{\"@type\":\"ListItem\",\"position\":1,\"name\":\"Home\",\"item\":\"https:\/\/kuati.fi\/ds\/\"},{\"@type\":\"ListItem\",\"position\":2,\"name\":\"S\u00e1mi \u00e1rrabaj\u00e1sgeassin\"}]},{\"@type\":\"WebSite\",\"@id\":\"https:\/\/kuati.fi\/ds\/#website\",\"url\":\"https:\/\/kuati.fi\/ds\/\",\"name\":\"Ku\u00e1ti.fi\",\"description\":\"Saamelaisk\u00e4r\u00e4j\u00e4t - Sarkaste hanke\",\"publisher\":{\"@id\":\"https:\/\/kuati.fi\/ds\/#organization\"},\"potentialAction\":[{\"@type\":\"SearchAction\",\"target\":{\"@type\":\"EntryPoint\",\"urlTemplate\":\"https:\/\/kuati.fi\/ds\/?s={search_term_string}\"},\"query-input\":{\"@type\":\"PropertyValueSpecification\",\"valueRequired\":true,\"valueName\":\"search_term_string\"}}],\"inLanguage\":\"ds\"},{\"@type\":\"Organization\",\"@id\":\"https:\/\/kuati.fi\/ds\/#organization\",\"name\":\"Ku\u00e1ti.fi\",\"url\":\"https:\/\/kuati.fi\/ds\/\",\"logo\":{\"@type\":\"ImageObject\",\"inLanguage\":\"ds\",\"@id\":\"https:\/\/kuati.fi\/ds\/#\/schema\/logo\/image\/\",\"url\":\"https:\/\/kuati.fi\/wp-content\/uploads\/2019\/11\/Kuati-logo-full.png\",\"contentUrl\":\"https:\/\/kuati.fi\/wp-content\/uploads\/2019\/11\/Kuati-logo-full.png\",\"width\":673,\"height\":410,\"caption\":\"Ku\u00e1ti.fi\"},\"image\":{\"@id\":\"https:\/\/kuati.fi\/ds\/#\/schema\/logo\/image\/\"}}]}<\/script>\n<!-- \/ Yoast SEO plugin. -->","yoast_head_json":{"title":"S\u00e1mi \u00e1rrabaj\u00e1sgeassin - Ku\u00e1ti.fi","robots":{"index":"index","follow":"follow","max-snippet":"max-snippet:-1","max-image-preview":"max-image-preview:large","max-video-preview":"max-video-preview:-1"},"canonical":"https:\/\/kuati.fi\/ds\/sami-arrabajasgeassin\/","og_locale":"en_US","og_type":"article","og_title":"S\u00e1mi \u00e1rrabaj\u00e1sgeassin - Ku\u00e1ti.fi","og_description":"Lorem ipsum dolor sit amet, ut ipsum sententiae his, fugit ponderum suscipiantur id sea, alia possit suscipiantur et vix. Sed epicuri singulis cotidieque cu. Usu cu partiendo iudicabit maiestatis. Sea graeci petentium ei. Solum apeirian quo in, copiosae posidonium constituam ea sea.","og_url":"https:\/\/kuati.fi\/ds\/sami-arrabajasgeassin\/","og_site_name":"Ku\u00e1ti.fi","article_modified_time":"2019-11-21T13:43:09+00:00","og_image":[{"width":1400,"height":1431,"url":"https:\/\/kuati.fi\/wp-content\/uploads\/2019\/11\/laavu.png","type":"image\/png"}],"twitter_card":"summary_large_image","twitter_misc":{"Est. reading time":"5 minutes"},"schema":{"@context":"https:\/\/schema.org","@graph":[{"@type":"WebPage","@id":"https:\/\/kuati.fi\/ds\/sami-arrabajasgeassin\/","url":"https:\/\/kuati.fi\/ds\/sami-arrabajasgeassin\/","name":"S\u00e1mi \u00e1rrabaj\u00e1sgeassin - Ku\u00e1ti.fi","isPartOf":{"@id":"https:\/\/kuati.fi\/ds\/#website"},"primaryImageOfPage":{"@id":"https:\/\/kuati.fi\/ds\/sami-arrabajasgeassin\/#primaryimage"},"image":{"@id":"https:\/\/kuati.fi\/ds\/sami-arrabajasgeassin\/#primaryimage"},"thumbnailUrl":"https:\/\/kuati.fi\/wp-content\/uploads\/2019\/11\/laavu.png","datePublished":"2019-11-21T13:43:08+00:00","dateModified":"2019-11-21T13:43:09+00:00","breadcrumb":{"@id":"https:\/\/kuati.fi\/ds\/sami-arrabajasgeassin\/#breadcrumb"},"inLanguage":"ds","potentialAction":[{"@type":"ReadAction","target":["https:\/\/kuati.fi\/ds\/sami-arrabajasgeassin\/"]}]},{"@type":"ImageObject","inLanguage":"ds","@id":"https:\/\/kuati.fi\/ds\/sami-arrabajasgeassin\/#primaryimage","url":"https:\/\/kuati.fi\/wp-content\/uploads\/2019\/11\/laavu.png","contentUrl":"https:\/\/kuati.fi\/wp-content\/uploads\/2019\/11\/laavu.png","width":1400,"height":1431},{"@type":"BreadcrumbList","@id":"https:\/\/kuati.fi\/ds\/sami-arrabajasgeassin\/#breadcrumb","itemListElement":[{"@type":"ListItem","position":1,"name":"Home","item":"https:\/\/kuati.fi\/ds\/"},{"@type":"ListItem","position":2,"name":"S\u00e1mi \u00e1rrabaj\u00e1sgeassin"}]},{"@type":"WebSite","@id":"https:\/\/kuati.fi\/ds\/#website","url":"https:\/\/kuati.fi\/ds\/","name":"Ku\u00e1ti.fi","description":"Saamelaisk\u00e4r\u00e4j\u00e4t - Sarkaste hanke","publisher":{"@id":"https:\/\/kuati.fi\/ds\/#organization"},"potentialAction":[{"@type":"SearchAction","target":{"@type":"EntryPoint","urlTemplate":"https:\/\/kuati.fi\/ds\/?s={search_term_string}"},"query-input":{"@type":"PropertyValueSpecification","valueRequired":true,"valueName":"search_term_string"}}],"inLanguage":"ds"},{"@type":"Organization","@id":"https:\/\/kuati.fi\/ds\/#organization","name":"Ku\u00e1ti.fi","url":"https:\/\/kuati.fi\/ds\/","logo":{"@type":"ImageObject","inLanguage":"ds","@id":"https:\/\/kuati.fi\/ds\/#\/schema\/logo\/image\/","url":"https:\/\/kuati.fi\/wp-content\/uploads\/2019\/11\/Kuati-logo-full.png","contentUrl":"https:\/\/kuati.fi\/wp-content\/uploads\/2019\/11\/Kuati-logo-full.png","width":673,"height":410,"caption":"Ku\u00e1ti.fi"},"image":{"@id":"https:\/\/kuati.fi\/ds\/#\/schema\/logo\/image\/"}}]}},"_links":{"self":[{"href":"https:\/\/kuati.fi\/ds\/wp-json\/wp\/v2\/pages\/197","targetHints":{"allow":["GET"]}}],"collection":[{"href":"https:\/\/kuati.fi\/ds\/wp-json\/wp\/v2\/pages"}],"about":[{"href":"https:\/\/kuati.fi\/ds\/wp-json\/wp\/v2\/types\/page"}],"author":[{"embeddable":true,"href":"https:\/\/kuati.fi\/ds\/wp-json\/wp\/v2\/users\/2"}],"replies":[{"embeddable":true,"href":"https:\/\/kuati.fi\/ds\/wp-json\/wp\/v2\/comments?post=197"}],"version-history":[{"count":0,"href":"https:\/\/kuati.fi\/ds\/wp-json\/wp\/v2\/pages\/197\/revisions"}],"wp:featuredmedia":[{"embeddable":true,"href":"https:\/\/kuati.fi\/ds\/wp-json\/wp\/v2\/media\/41"}],"wp:attachment":[{"href":"https:\/\/kuati.fi\/ds\/wp-json\/wp\/v2\/media?parent=197"}],"curies":[{"name":"wp","href":"https:\/\/api.w.org\/{rel}","templated":true}]}}