{"id":179,"date":"2019-11-21T12:22:02","date_gmt":"2019-11-21T12:22:02","guid":{"rendered":"https:\/\/kuati.fi\/mii-lea-kuati-fi\/"},"modified":"2019-11-21T12:22:03","modified_gmt":"2019-11-21T12:22:03","slug":"mii-lea-kuati-fi","status":"publish","type":"page","link":"https:\/\/kuati.fi\/ds\/mii-lea-kuati-fi\/","title":{"rendered":"Mii lea ku\u00e1ti.fi?"},"content":{"rendered":"<p>[vc_row][vc_column width=&#8221;1\/1&#8243;][vc_empty_space empty_h=&#8221;3&#8243;][\/vc_column][\/vc_row][vc_row row_height_percent=&#8221;0&#8243; overlay_alpha=&#8221;50&#8243; gutter_size=&#8221;3&#8243; column_width_percent=&#8221;100&#8243; shift_y=&#8221;0&#8243; z_index=&#8221;0&#8243; top_divider=&#8221;pyramids&#8221;][vc_column width=&#8221;1\/4&#8243;][\/vc_column][vc_column width=&#8221;3\/4&#8243;][vc_column_text]<\/p>\n<h2>Hyv\u00e4 tiet\u00e4\u00e4:<\/h2>\n<ul>\n<li>S\u00e1mi \u00e1rrabaj\u00e1sgeassinmateri\u00e1lab\u00e1\u014bku, man Suoma s\u00e1mediggi doall\u00e1 ja lea \u010dohkken.<\/li>\n<li>Siidduid ulbmil lea doaibmat s\u00e1mi \u00e1rrabaj\u00e1sgeassima pedagola\u0161, gielala\u0161 ja kultuvrrala\u0161 doarjjan sihke leat fierpm\u00e1dahkan.<\/li>\n<li>Siiddut leat vuostta\u017eettiin d\u00e1rkkuhuvvon \u00e1rrabaj\u00e1sgeassinbargiide veahkkin muhto geavaheaddjit s\u00e1httet leat maid v\u00e1nhemat ja r\u00e1vvehatbargit.<\/li>\n<li>Materi\u00e1la s\u00e1htt\u00e1 lu\u0111et ja geavahit, muhto daid g\u00e1vpp\u00e1la\u0161 \u00e1vkk\u00e1stallan lea gildojuvvon.<\/li>\n<li>Ovttasbargoguoimmit:\u00a0M\u00e1nnu &#8211; S\u00e1mi m\u00e1n\u00e1idkulturguovdd\u00e1\u0161, \u00c1lgo\u00e1lbmogiid filbmaguovdd\u00e1\u0161 Sk\u00e1bma, S\u00e1mi oahpahusguovdd\u00e1\u0161, Meahcir\u00e1\u0111\u0111ehus,\u00a0Unna Junn\u00e1 -Yle S\u00e1pmi, Papunet ja s\u00e1megielat \u00e1rrabaj\u00e1sgeassinovttadagat.<\/li>\n<\/ul>\n<p>&nbsp;<\/p>\n<p>Siidduid gr\u00e1fala\u0161 h\u00e1mi lea pl\u00e1nen\u00a0 Katja Lettinen<\/p>\n<p>Siidduid lea teknihkala\u010d\u010dat olla\u0161uhtt\u00e1n MeKiwi Oy[\/vc_column_text][\/vc_column][\/vc_row][vc_row][vc_column width=&#8221;1\/1&#8243;][vc_empty_space empty_h=&#8221;3&#8243;][\/vc_column][\/vc_row]<\/p>\n","protected":false},"excerpt":{"rendered":"<p>Lorem ipsum dolor sit amet, ut ipsum sententiae his, fugit ponderum suscipiantur id sea, alia possit suscipiantur et vix. Sed epicuri singulis cotidieque cu. Usu cu partiendo iudicabit maiestatis. Sea graeci petentium ei. Solum apeirian quo in, copiosae posidonium constituam ea sea.<\/p>\n","protected":false},"author":2,"featured_media":46,"parent":0,"menu_order":0,"comment_status":"closed","ping_status":"closed","template":"","meta":{"footnotes":""},"class_list":["post-179","page","type-page","status-publish","has-post-thumbnail","hentry"],"yoast_head":"<!-- This site is optimized with the Yoast SEO plugin v27.0 - https:\/\/yoast.com\/product\/yoast-seo-wordpress\/ -->\n<title>Mii lea ku\u00e1ti.fi? - Ku\u00e1ti.fi<\/title>\n<meta name=\"robots\" content=\"index, follow, max-snippet:-1, max-image-preview:large, max-video-preview:-1\" \/>\n<link rel=\"canonical\" href=\"https:\/\/kuati.fi\/ds\/mii-lea-kuati-fi\/\" \/>\n<meta property=\"og:locale\" content=\"en_US\" \/>\n<meta property=\"og:type\" content=\"article\" \/>\n<meta property=\"og:title\" content=\"Mii lea ku\u00e1ti.fi? - Ku\u00e1ti.fi\" \/>\n<meta property=\"og:description\" content=\"Lorem ipsum dolor sit amet, ut ipsum sententiae his, fugit ponderum suscipiantur id sea, alia possit suscipiantur et vix. Sed epicuri singulis cotidieque cu. Usu cu partiendo iudicabit maiestatis. Sea graeci petentium ei. Solum apeirian quo in, copiosae posidonium constituam ea sea.\" \/>\n<meta property=\"og:url\" content=\"https:\/\/kuati.fi\/ds\/mii-lea-kuati-fi\/\" \/>\n<meta property=\"og:site_name\" content=\"Ku\u00e1ti.fi\" \/>\n<meta property=\"article:modified_time\" content=\"2019-11-21T12:22:03+00:00\" \/>\n<meta property=\"og:image\" content=\"https:\/\/kuati.fi\/wp-content\/uploads\/2019\/11\/pinkki.png\" \/>\n\t<meta property=\"og:image:width\" content=\"294\" \/>\n\t<meta property=\"og:image:height\" content=\"601\" \/>\n\t<meta property=\"og:image:type\" content=\"image\/png\" \/>\n<meta name=\"twitter:card\" content=\"summary_large_image\" \/>\n<meta name=\"twitter:label1\" content=\"Est. reading time\" \/>\n\t<meta name=\"twitter:data1\" content=\"1 minute\" \/>\n<script type=\"application\/ld+json\" class=\"yoast-schema-graph\">{\"@context\":\"https:\/\/schema.org\",\"@graph\":[{\"@type\":\"WebPage\",\"@id\":\"https:\/\/kuati.fi\/ds\/mii-lea-kuati-fi\/\",\"url\":\"https:\/\/kuati.fi\/ds\/mii-lea-kuati-fi\/\",\"name\":\"Mii lea ku\u00e1ti.fi? - Ku\u00e1ti.fi\",\"isPartOf\":{\"@id\":\"https:\/\/kuati.fi\/ds\/#website\"},\"primaryImageOfPage\":{\"@id\":\"https:\/\/kuati.fi\/ds\/mii-lea-kuati-fi\/#primaryimage\"},\"image\":{\"@id\":\"https:\/\/kuati.fi\/ds\/mii-lea-kuati-fi\/#primaryimage\"},\"thumbnailUrl\":\"https:\/\/kuati.fi\/wp-content\/uploads\/2019\/11\/pinkki.png\",\"datePublished\":\"2019-11-21T12:22:02+00:00\",\"dateModified\":\"2019-11-21T12:22:03+00:00\",\"breadcrumb\":{\"@id\":\"https:\/\/kuati.fi\/ds\/mii-lea-kuati-fi\/#breadcrumb\"},\"inLanguage\":\"ds\",\"potentialAction\":[{\"@type\":\"ReadAction\",\"target\":[\"https:\/\/kuati.fi\/ds\/mii-lea-kuati-fi\/\"]}]},{\"@type\":\"ImageObject\",\"inLanguage\":\"ds\",\"@id\":\"https:\/\/kuati.fi\/ds\/mii-lea-kuati-fi\/#primaryimage\",\"url\":\"https:\/\/kuati.fi\/wp-content\/uploads\/2019\/11\/pinkki.png\",\"contentUrl\":\"https:\/\/kuati.fi\/wp-content\/uploads\/2019\/11\/pinkki.png\",\"width\":294,\"height\":601},{\"@type\":\"BreadcrumbList\",\"@id\":\"https:\/\/kuati.fi\/ds\/mii-lea-kuati-fi\/#breadcrumb\",\"itemListElement\":[{\"@type\":\"ListItem\",\"position\":1,\"name\":\"Home\",\"item\":\"https:\/\/kuati.fi\/ds\/\"},{\"@type\":\"ListItem\",\"position\":2,\"name\":\"Mii lea ku\u00e1ti.fi?\"}]},{\"@type\":\"WebSite\",\"@id\":\"https:\/\/kuati.fi\/ds\/#website\",\"url\":\"https:\/\/kuati.fi\/ds\/\",\"name\":\"Ku\u00e1ti.fi\",\"description\":\"Saamelaisk\u00e4r\u00e4j\u00e4t - Sarkaste hanke\",\"publisher\":{\"@id\":\"https:\/\/kuati.fi\/ds\/#organization\"},\"potentialAction\":[{\"@type\":\"SearchAction\",\"target\":{\"@type\":\"EntryPoint\",\"urlTemplate\":\"https:\/\/kuati.fi\/ds\/?s={search_term_string}\"},\"query-input\":{\"@type\":\"PropertyValueSpecification\",\"valueRequired\":true,\"valueName\":\"search_term_string\"}}],\"inLanguage\":\"ds\"},{\"@type\":\"Organization\",\"@id\":\"https:\/\/kuati.fi\/ds\/#organization\",\"name\":\"Ku\u00e1ti.fi\",\"url\":\"https:\/\/kuati.fi\/ds\/\",\"logo\":{\"@type\":\"ImageObject\",\"inLanguage\":\"ds\",\"@id\":\"https:\/\/kuati.fi\/ds\/#\/schema\/logo\/image\/\",\"url\":\"https:\/\/kuati.fi\/wp-content\/uploads\/2019\/11\/Kuati-logo-full.png\",\"contentUrl\":\"https:\/\/kuati.fi\/wp-content\/uploads\/2019\/11\/Kuati-logo-full.png\",\"width\":673,\"height\":410,\"caption\":\"Ku\u00e1ti.fi\"},\"image\":{\"@id\":\"https:\/\/kuati.fi\/ds\/#\/schema\/logo\/image\/\"}}]}<\/script>\n<!-- \/ Yoast SEO plugin. -->","yoast_head_json":{"title":"Mii lea ku\u00e1ti.fi? - Ku\u00e1ti.fi","robots":{"index":"index","follow":"follow","max-snippet":"max-snippet:-1","max-image-preview":"max-image-preview:large","max-video-preview":"max-video-preview:-1"},"canonical":"https:\/\/kuati.fi\/ds\/mii-lea-kuati-fi\/","og_locale":"en_US","og_type":"article","og_title":"Mii lea ku\u00e1ti.fi? - Ku\u00e1ti.fi","og_description":"Lorem ipsum dolor sit amet, ut ipsum sententiae his, fugit ponderum suscipiantur id sea, alia possit suscipiantur et vix. Sed epicuri singulis cotidieque cu. Usu cu partiendo iudicabit maiestatis. Sea graeci petentium ei. Solum apeirian quo in, copiosae posidonium constituam ea sea.","og_url":"https:\/\/kuati.fi\/ds\/mii-lea-kuati-fi\/","og_site_name":"Ku\u00e1ti.fi","article_modified_time":"2019-11-21T12:22:03+00:00","og_image":[{"width":294,"height":601,"url":"https:\/\/kuati.fi\/wp-content\/uploads\/2019\/11\/pinkki.png","type":"image\/png"}],"twitter_card":"summary_large_image","twitter_misc":{"Est. reading time":"1 minute"},"schema":{"@context":"https:\/\/schema.org","@graph":[{"@type":"WebPage","@id":"https:\/\/kuati.fi\/ds\/mii-lea-kuati-fi\/","url":"https:\/\/kuati.fi\/ds\/mii-lea-kuati-fi\/","name":"Mii lea ku\u00e1ti.fi? - Ku\u00e1ti.fi","isPartOf":{"@id":"https:\/\/kuati.fi\/ds\/#website"},"primaryImageOfPage":{"@id":"https:\/\/kuati.fi\/ds\/mii-lea-kuati-fi\/#primaryimage"},"image":{"@id":"https:\/\/kuati.fi\/ds\/mii-lea-kuati-fi\/#primaryimage"},"thumbnailUrl":"https:\/\/kuati.fi\/wp-content\/uploads\/2019\/11\/pinkki.png","datePublished":"2019-11-21T12:22:02+00:00","dateModified":"2019-11-21T12:22:03+00:00","breadcrumb":{"@id":"https:\/\/kuati.fi\/ds\/mii-lea-kuati-fi\/#breadcrumb"},"inLanguage":"ds","potentialAction":[{"@type":"ReadAction","target":["https:\/\/kuati.fi\/ds\/mii-lea-kuati-fi\/"]}]},{"@type":"ImageObject","inLanguage":"ds","@id":"https:\/\/kuati.fi\/ds\/mii-lea-kuati-fi\/#primaryimage","url":"https:\/\/kuati.fi\/wp-content\/uploads\/2019\/11\/pinkki.png","contentUrl":"https:\/\/kuati.fi\/wp-content\/uploads\/2019\/11\/pinkki.png","width":294,"height":601},{"@type":"BreadcrumbList","@id":"https:\/\/kuati.fi\/ds\/mii-lea-kuati-fi\/#breadcrumb","itemListElement":[{"@type":"ListItem","position":1,"name":"Home","item":"https:\/\/kuati.fi\/ds\/"},{"@type":"ListItem","position":2,"name":"Mii lea ku\u00e1ti.fi?"}]},{"@type":"WebSite","@id":"https:\/\/kuati.fi\/ds\/#website","url":"https:\/\/kuati.fi\/ds\/","name":"Ku\u00e1ti.fi","description":"Saamelaisk\u00e4r\u00e4j\u00e4t - Sarkaste hanke","publisher":{"@id":"https:\/\/kuati.fi\/ds\/#organization"},"potentialAction":[{"@type":"SearchAction","target":{"@type":"EntryPoint","urlTemplate":"https:\/\/kuati.fi\/ds\/?s={search_term_string}"},"query-input":{"@type":"PropertyValueSpecification","valueRequired":true,"valueName":"search_term_string"}}],"inLanguage":"ds"},{"@type":"Organization","@id":"https:\/\/kuati.fi\/ds\/#organization","name":"Ku\u00e1ti.fi","url":"https:\/\/kuati.fi\/ds\/","logo":{"@type":"ImageObject","inLanguage":"ds","@id":"https:\/\/kuati.fi\/ds\/#\/schema\/logo\/image\/","url":"https:\/\/kuati.fi\/wp-content\/uploads\/2019\/11\/Kuati-logo-full.png","contentUrl":"https:\/\/kuati.fi\/wp-content\/uploads\/2019\/11\/Kuati-logo-full.png","width":673,"height":410,"caption":"Ku\u00e1ti.fi"},"image":{"@id":"https:\/\/kuati.fi\/ds\/#\/schema\/logo\/image\/"}}]}},"_links":{"self":[{"href":"https:\/\/kuati.fi\/ds\/wp-json\/wp\/v2\/pages\/179","targetHints":{"allow":["GET"]}}],"collection":[{"href":"https:\/\/kuati.fi\/ds\/wp-json\/wp\/v2\/pages"}],"about":[{"href":"https:\/\/kuati.fi\/ds\/wp-json\/wp\/v2\/types\/page"}],"author":[{"embeddable":true,"href":"https:\/\/kuati.fi\/ds\/wp-json\/wp\/v2\/users\/2"}],"replies":[{"embeddable":true,"href":"https:\/\/kuati.fi\/ds\/wp-json\/wp\/v2\/comments?post=179"}],"version-history":[{"count":0,"href":"https:\/\/kuati.fi\/ds\/wp-json\/wp\/v2\/pages\/179\/revisions"}],"wp:featuredmedia":[{"embeddable":true,"href":"https:\/\/kuati.fi\/ds\/wp-json\/wp\/v2\/media\/46"}],"wp:attachment":[{"href":"https:\/\/kuati.fi\/ds\/wp-json\/wp\/v2\/media?parent=179"}],"curies":[{"name":"wp","href":"https:\/\/api.w.org\/{rel}","templated":true}]}}