{"id":10730,"date":"2022-11-28T15:56:07","date_gmt":"2022-11-28T13:56:07","guid":{"rendered":"https:\/\/kuati.fi\/davja-jerrojuvvon-gazaldagat\/"},"modified":"2022-11-28T16:14:55","modified_gmt":"2022-11-28T14:14:55","slug":"davja-jerrojuvvon-gazaldagat","status":"publish","type":"page","link":"https:\/\/kuati.fi\/ds\/davja-jerrojuvvon-gazaldagat\/","title":{"rendered":"D\u00e1vj\u00e1 jerrojuvvon ga\u017ealdagat"},"content":{"rendered":"<p>[vc_row][vc_column width=&#8221;1\/1&#8243;][vc_column_text uncode_shortcode_id=&#8221;221796&#8243;]<\/p>\n<h2>D\u00e1vj\u00e1 jerrojuvvon ga\u017ealdagat<\/h2>\n<p>&nbsp;<\/p>\n<p>&nbsp;<\/p>\n<p>&nbsp;<\/p>\n<p><strong>Man gillii Ku\u00e1ti-materi\u00e1lab\u00e1\u014bku lea?<\/strong><\/p>\n<p><em>Siidduid teakstamateri\u00e1la lea vuo\u0111\u0111ooainnus buot golmma s\u00e1megillii, mat leat Suomas h\u00e1llojuvvon. Videot ja jietnamateri\u00e1lat eai vealttekeahtt\u00e1 leat oa\u017e\u017eumis buot gielaiguin. Muhtun materi\u00e1lat, maid s\u00e1htt\u00e1 lu\u0111et, leat maidd\u00e1i suomagillii. <\/em><\/p>\n<p>&nbsp;<\/p>\n<p><strong>Geasa Ku\u00e1ti-materi\u00e1lab\u00e1\u014bku lea oaivvilduvvon?<\/strong><\/p>\n<p><em>Ku\u00e1ti-materi\u00e1lab\u00e1\u014bku lea oaivvilduvvon vuo\u0111\u0111ooainnus \u00e1rrabaj\u00e1sgeassima bargiide. Maidd\u00e1i v\u00e1nhemat s\u00e1httet geavahit materi\u00e1laid. <\/em><\/p>\n<p>&nbsp;<\/p>\n<p><strong>Leago vejola\u0161 juohkit materi\u00e1laid?<\/strong><\/p>\n<p><em>Materi\u00e1la oa\u017e\u017eu prentet ja geavahit friddja. <\/em><\/p>\n<p>&nbsp;<\/p>\n<p><strong>Oa\u017e\u017eugo materi\u00e1la geavahit g\u00e1vpp\u00e1la\u0161 d\u00e1rkkuhusaide?<\/strong><\/p>\n<p><em>Materi\u00e1la ii oa\u010d\u010do geavahit g\u00e1vpp\u00e1la\u0161 d\u00e1rkkuhusaide. <\/em><\/p>\n<p>&nbsp;<\/p>\n<p><strong>Mo geavahit Ku\u00e1ti ohcama?<\/strong><\/p>\n<p><em>Ku\u00e1ti ohcama s\u00e1htt\u00e1 geavahit njealji sierra l\u00e1hkai.<\/em><\/p>\n<p><em>S\u00e1tneohcamiin s\u00e1htt\u00e1 ohcat ohcans\u00e1niin.<\/em><\/p>\n<p><em>Agi mielde s\u00e1htt\u00e1 ohcat materi\u00e1la, mii heive: 0-3-jahk\u00e1sa\u010d\u010daide, 3-5-jahk\u00e1sa\u010d\u010daide, 6-jahk\u00e1sa\u010d\u010daide ja boarr\u00e1sut dahje buot ahk\u00e1sa\u0161 m\u00e1n\u00e1ide.<\/em><\/p>\n<p><em>Tem\u00e1-\u010duogg\u00e1s s\u00e1htt\u00e1 v\u00e1lljet tem\u00e1, man mielde ohc\u00e1 materi\u00e1la, tem\u00e1t leat juhkkojuvvon<\/em> oahppama oassesurggiid mielde: biras ja luondooktavuohta, m\u00e1nn\u00e1 ja searvvu\u0161, giehtad\u00e1iddut, ovdanbuktin, giella, matem\u00e1htala\u0161 jurdda\u0161eapmi.<\/p>\n<p><em>Ohcama s\u00e1htt\u00e1 geavahit maidd\u00e1i jagi\u00e1iggiid mielde: d\u00e1lvi, gi\u0111\u0111ad\u00e1lvi, gi\u0111\u0111a, gi\u0111\u0111ageassi, geassi, \u010dak\u010dageassi, \u010dak\u010da, \u010dak\u010dad\u00e1lvi.<\/em><\/p>\n<p><em>\u00a0<\/em><\/p>\n<p><strong>Gii s\u00e1htt\u00e1 lasihit siidui materi\u00e1la?<\/strong><\/p>\n<p><em>Materi\u00e1la s\u00e1httet lasihit materi\u00e1labargit ja giellabeassejo\u0111iheaddji. Lea goittotge s\u00e1vahahtti, ahte \u00e1rrabaj\u00e1sgeassima bargit s\u00e1dde\u0161edje materi\u00e1laid, ideaid ja r\u00e1vvagiid, maid s\u00e1httit lasihit Ku\u00e1tii.<\/em>[\/vc_column_text][\/vc_column][\/vc_row]<\/p>\n","protected":false},"excerpt":{"rendered":"<p>[vc_row][vc_column width=&#8221;1\/1&#8243;][vc_column_text uncode_shortcode_id=&#8221;221796&#8243;] D\u00e1vj\u00e1 jerrojuvvon ga\u017ealdagat &nbsp; &nbsp; &nbsp; Man gillii Ku\u00e1ti-materi\u00e1lab\u00e1\u014bku lea? Siidduid teakstamateri\u00e1la lea vuo\u0111\u0111ooainnus buot golmma s\u00e1megillii, [&hellip;]<\/p>\n","protected":false},"author":17,"featured_media":0,"parent":0,"menu_order":0,"comment_status":"closed","ping_status":"closed","template":"","meta":{"footnotes":""},"class_list":["post-10730","page","type-page","status-publish","hentry"],"yoast_head":"<!-- This site is optimized with the Yoast SEO plugin v27.0 - https:\/\/yoast.com\/product\/yoast-seo-wordpress\/ -->\n<title>D\u00e1vj\u00e1 jerrojuvvon ga\u017ealdagat - Ku\u00e1ti.fi<\/title>\n<meta name=\"robots\" content=\"index, follow, max-snippet:-1, max-image-preview:large, max-video-preview:-1\" \/>\n<link rel=\"canonical\" href=\"https:\/\/kuati.fi\/ds\/davja-jerrojuvvon-gazaldagat\/\" \/>\n<meta property=\"og:locale\" content=\"en_US\" \/>\n<meta property=\"og:type\" content=\"article\" \/>\n<meta property=\"og:title\" content=\"D\u00e1vj\u00e1 jerrojuvvon ga\u017ealdagat - Ku\u00e1ti.fi\" \/>\n<meta property=\"og:description\" content=\"[vc_row][vc_column width=&#8221;1\/1&#8243;][vc_column_text uncode_shortcode_id=&#8221;221796&#8243;] D\u00e1vj\u00e1 jerrojuvvon ga\u017ealdagat &nbsp; &nbsp; &nbsp; Man gillii Ku\u00e1ti-materi\u00e1lab\u00e1\u014bku lea? Siidduid teakstamateri\u00e1la lea vuo\u0111\u0111ooainnus buot golmma s\u00e1megillii, [&hellip;]\" \/>\n<meta property=\"og:url\" content=\"https:\/\/kuati.fi\/ds\/davja-jerrojuvvon-gazaldagat\/\" \/>\n<meta property=\"og:site_name\" content=\"Ku\u00e1ti.fi\" \/>\n<meta property=\"article:modified_time\" content=\"2022-11-28T14:14:55+00:00\" \/>\n<meta name=\"twitter:card\" content=\"summary_large_image\" \/>\n<meta name=\"twitter:label1\" content=\"Est. reading time\" \/>\n\t<meta name=\"twitter:data1\" content=\"1 minute\" \/>\n<script type=\"application\/ld+json\" class=\"yoast-schema-graph\">{\"@context\":\"https:\/\/schema.org\",\"@graph\":[{\"@type\":\"WebPage\",\"@id\":\"https:\/\/kuati.fi\/ds\/davja-jerrojuvvon-gazaldagat\/\",\"url\":\"https:\/\/kuati.fi\/ds\/davja-jerrojuvvon-gazaldagat\/\",\"name\":\"D\u00e1vj\u00e1 jerrojuvvon ga\u017ealdagat - Ku\u00e1ti.fi\",\"isPartOf\":{\"@id\":\"https:\/\/kuati.fi\/ds\/#website\"},\"datePublished\":\"2022-11-28T13:56:07+00:00\",\"dateModified\":\"2022-11-28T14:14:55+00:00\",\"breadcrumb\":{\"@id\":\"https:\/\/kuati.fi\/ds\/davja-jerrojuvvon-gazaldagat\/#breadcrumb\"},\"inLanguage\":\"ds\",\"potentialAction\":[{\"@type\":\"ReadAction\",\"target\":[\"https:\/\/kuati.fi\/ds\/davja-jerrojuvvon-gazaldagat\/\"]}]},{\"@type\":\"BreadcrumbList\",\"@id\":\"https:\/\/kuati.fi\/ds\/davja-jerrojuvvon-gazaldagat\/#breadcrumb\",\"itemListElement\":[{\"@type\":\"ListItem\",\"position\":1,\"name\":\"Home\",\"item\":\"https:\/\/kuati.fi\/ds\/\"},{\"@type\":\"ListItem\",\"position\":2,\"name\":\"D\u00e1vj\u00e1 jerrojuvvon ga\u017ealdagat\"}]},{\"@type\":\"WebSite\",\"@id\":\"https:\/\/kuati.fi\/ds\/#website\",\"url\":\"https:\/\/kuati.fi\/ds\/\",\"name\":\"Ku\u00e1ti.fi\",\"description\":\"Saamelaisk\u00e4r\u00e4j\u00e4t - Sarkaste hanke\",\"publisher\":{\"@id\":\"https:\/\/kuati.fi\/ds\/#organization\"},\"potentialAction\":[{\"@type\":\"SearchAction\",\"target\":{\"@type\":\"EntryPoint\",\"urlTemplate\":\"https:\/\/kuati.fi\/ds\/?s={search_term_string}\"},\"query-input\":{\"@type\":\"PropertyValueSpecification\",\"valueRequired\":true,\"valueName\":\"search_term_string\"}}],\"inLanguage\":\"ds\"},{\"@type\":\"Organization\",\"@id\":\"https:\/\/kuati.fi\/ds\/#organization\",\"name\":\"Ku\u00e1ti.fi\",\"url\":\"https:\/\/kuati.fi\/ds\/\",\"logo\":{\"@type\":\"ImageObject\",\"inLanguage\":\"ds\",\"@id\":\"https:\/\/kuati.fi\/ds\/#\/schema\/logo\/image\/\",\"url\":\"https:\/\/kuati.fi\/wp-content\/uploads\/2019\/11\/Kuati-logo-full.png\",\"contentUrl\":\"https:\/\/kuati.fi\/wp-content\/uploads\/2019\/11\/Kuati-logo-full.png\",\"width\":673,\"height\":410,\"caption\":\"Ku\u00e1ti.fi\"},\"image\":{\"@id\":\"https:\/\/kuati.fi\/ds\/#\/schema\/logo\/image\/\"}}]}<\/script>\n<!-- \/ Yoast SEO plugin. -->","yoast_head_json":{"title":"D\u00e1vj\u00e1 jerrojuvvon ga\u017ealdagat - Ku\u00e1ti.fi","robots":{"index":"index","follow":"follow","max-snippet":"max-snippet:-1","max-image-preview":"max-image-preview:large","max-video-preview":"max-video-preview:-1"},"canonical":"https:\/\/kuati.fi\/ds\/davja-jerrojuvvon-gazaldagat\/","og_locale":"en_US","og_type":"article","og_title":"D\u00e1vj\u00e1 jerrojuvvon ga\u017ealdagat - Ku\u00e1ti.fi","og_description":"[vc_row][vc_column width=&#8221;1\/1&#8243;][vc_column_text uncode_shortcode_id=&#8221;221796&#8243;] D\u00e1vj\u00e1 jerrojuvvon ga\u017ealdagat &nbsp; &nbsp; &nbsp; Man gillii Ku\u00e1ti-materi\u00e1lab\u00e1\u014bku lea? Siidduid teakstamateri\u00e1la lea vuo\u0111\u0111ooainnus buot golmma s\u00e1megillii, [&hellip;]","og_url":"https:\/\/kuati.fi\/ds\/davja-jerrojuvvon-gazaldagat\/","og_site_name":"Ku\u00e1ti.fi","article_modified_time":"2022-11-28T14:14:55+00:00","twitter_card":"summary_large_image","twitter_misc":{"Est. reading time":"1 minute"},"schema":{"@context":"https:\/\/schema.org","@graph":[{"@type":"WebPage","@id":"https:\/\/kuati.fi\/ds\/davja-jerrojuvvon-gazaldagat\/","url":"https:\/\/kuati.fi\/ds\/davja-jerrojuvvon-gazaldagat\/","name":"D\u00e1vj\u00e1 jerrojuvvon ga\u017ealdagat - Ku\u00e1ti.fi","isPartOf":{"@id":"https:\/\/kuati.fi\/ds\/#website"},"datePublished":"2022-11-28T13:56:07+00:00","dateModified":"2022-11-28T14:14:55+00:00","breadcrumb":{"@id":"https:\/\/kuati.fi\/ds\/davja-jerrojuvvon-gazaldagat\/#breadcrumb"},"inLanguage":"ds","potentialAction":[{"@type":"ReadAction","target":["https:\/\/kuati.fi\/ds\/davja-jerrojuvvon-gazaldagat\/"]}]},{"@type":"BreadcrumbList","@id":"https:\/\/kuati.fi\/ds\/davja-jerrojuvvon-gazaldagat\/#breadcrumb","itemListElement":[{"@type":"ListItem","position":1,"name":"Home","item":"https:\/\/kuati.fi\/ds\/"},{"@type":"ListItem","position":2,"name":"D\u00e1vj\u00e1 jerrojuvvon ga\u017ealdagat"}]},{"@type":"WebSite","@id":"https:\/\/kuati.fi\/ds\/#website","url":"https:\/\/kuati.fi\/ds\/","name":"Ku\u00e1ti.fi","description":"Saamelaisk\u00e4r\u00e4j\u00e4t - Sarkaste hanke","publisher":{"@id":"https:\/\/kuati.fi\/ds\/#organization"},"potentialAction":[{"@type":"SearchAction","target":{"@type":"EntryPoint","urlTemplate":"https:\/\/kuati.fi\/ds\/?s={search_term_string}"},"query-input":{"@type":"PropertyValueSpecification","valueRequired":true,"valueName":"search_term_string"}}],"inLanguage":"ds"},{"@type":"Organization","@id":"https:\/\/kuati.fi\/ds\/#organization","name":"Ku\u00e1ti.fi","url":"https:\/\/kuati.fi\/ds\/","logo":{"@type":"ImageObject","inLanguage":"ds","@id":"https:\/\/kuati.fi\/ds\/#\/schema\/logo\/image\/","url":"https:\/\/kuati.fi\/wp-content\/uploads\/2019\/11\/Kuati-logo-full.png","contentUrl":"https:\/\/kuati.fi\/wp-content\/uploads\/2019\/11\/Kuati-logo-full.png","width":673,"height":410,"caption":"Ku\u00e1ti.fi"},"image":{"@id":"https:\/\/kuati.fi\/ds\/#\/schema\/logo\/image\/"}}]}},"_links":{"self":[{"href":"https:\/\/kuati.fi\/ds\/wp-json\/wp\/v2\/pages\/10730","targetHints":{"allow":["GET"]}}],"collection":[{"href":"https:\/\/kuati.fi\/ds\/wp-json\/wp\/v2\/pages"}],"about":[{"href":"https:\/\/kuati.fi\/ds\/wp-json\/wp\/v2\/types\/page"}],"author":[{"embeddable":true,"href":"https:\/\/kuati.fi\/ds\/wp-json\/wp\/v2\/users\/17"}],"replies":[{"embeddable":true,"href":"https:\/\/kuati.fi\/ds\/wp-json\/wp\/v2\/comments?post=10730"}],"version-history":[{"count":4,"href":"https:\/\/kuati.fi\/ds\/wp-json\/wp\/v2\/pages\/10730\/revisions"}],"predecessor-version":[{"id":10740,"href":"https:\/\/kuati.fi\/ds\/wp-json\/wp\/v2\/pages\/10730\/revisions\/10740"}],"wp:attachment":[{"href":"https:\/\/kuati.fi\/ds\/wp-json\/wp\/v2\/media?parent=10730"}],"curies":[{"name":"wp","href":"https:\/\/api.w.org\/{rel}","templated":true}]}}