{"id":185,"date":"2019-11-21T12:43:35","date_gmt":"2019-11-21T12:43:35","guid":{"rendered":"https:\/\/kuati.fi\/saami-arasoddadem\/"},"modified":"2022-08-22T16:57:41","modified_gmt":"2022-08-22T13:57:41","slug":"saami-arasoddadem","status":"publish","type":"page","link":"https:\/\/kuati.fi\/ak\/saami-arasoddadem\/","title":{"rendered":"S\u00e4\u00e4mi ar\u00e2\u0161odd\u00e2dem"},"content":{"rendered":"<p>[vc_row][vc_column width=&#8221;1\/1&#8243;][vc_empty_space empty_h=&#8221;3&#8243;][\/vc_column][\/vc_row][vc_row row_height_percent=&#8221;0&#8243; overlay_alpha=&#8221;50&#8243; gutter_size=&#8221;3&#8243; column_width_percent=&#8221;100&#8243; shift_y=&#8221;0&#8243; z_index=&#8221;0&#8243; top_divider=&#8221;pyramids&#8221;][vc_column width=&#8221;1\/4&#8243;][\/vc_column][vc_column width=&#8221;3\/4&#8243;][vc_custom_heading]<\/p>\n<h2><strong>Info:<\/strong><\/h2>\n<p>[\/vc_custom_heading][vc_column_text]S\u00e4mikiel\u00e2lijn ar\u00e2\u0161odd\u00e2demoht\u00e2duvv\u00e2in kevttih kuulm\u00e2 Suom\u00e2st sarnum s\u00e4mikiel\u00e2: anar\u00e2\u0161kiel\u00e2, nuortt\u00e2l\u00e2\u0161kiel\u00e2 j\u00e1 orj\u00e2l\u00e2\u0161kiel\u00e2. Peivipaaihijn f\u00e4\u00e4llih s\u00e4mikiel\u00e2g ar\u00e2\u0161odd\u00e2dem eenikiel\u00e2ld s\u00e4mikiel\u00e2lijd p\u00e1rn\u00e1id. Kiel\u00e2pierv\u00e2lijn pelestis uhkevu\u00e1l\u00e1s\u00e2\u0161 kiel\u00e2 j\u00e1 kulttuur i\u00e4l\u00e1skitteh kiel\u00e2l\u00e1vgum\u00e1in. Ulmen lii, ete nuuvt eenikiel\u00e2lijn ko kiel\u00e2pierv\u00e2lp\u00e1rn\u00e1in \u0161addeh pu\u00e1tteevuo\u0111\u00e2st s\u00e4mikiel\u00e2 sirdeeh.[\/vc_column_text][vc_custom_heading]<\/p>\n<h2>S\u00e4mikiel\u00e2liih ar\u00e2\u0161odd\u00e2demoht\u00e2duvah s\u00e4mmilij p\u00e4ikkiku\u00e1vlust<\/h2>\n<p>[\/vc_custom_heading][vc_column_text]S\u00e4miku\u00e1vlu kield\u00e2i s\u00e4mikiel\u00e2lijn ar\u00e2\u0161odd\u00e2demoht\u00e2duvv\u00e2in s\u00e4mikiel\u00e2 j\u00e1 \u2013kulttuur riggodeijee toim\u00e2 ol\u00e1\u0161uttoo:<\/p>\n<p><strong>I\u00c4NUDUV KIELD\u00c2ST: <\/strong>Taves\u00e4mikiel\u00e2l\u00e2\u0161 ju\u00e1vkkupeer\u00e2peiviki\u00e4\u010d\u010du Miessi, Taves\u00e4mikiel\u00e2l\u00e2\u0161 kiel\u00e2pierv\u00e2l Duottarn\u00e1sti, ovd\u00e2\u0161kovl\u00e2 L\u00e1vvu<\/p>\n<p><strong>AANAAR KIELD\u00c2ST:\u00a0<\/strong>Avveel taves\u00e4mikiel\u00e2l\u00e2s ju\u00e1vkkupeer\u00e2peiviki\u00e4\u010d\u010du N\u00e1sti, Aanaar taves\u00e4mikiel\u00e2l\u00e2\u0161 ju\u00e1vkkupeer\u00e2peiviki\u00e4\u010d\u010du Urbi, nuortt\u00e2l\u00e2\u0161kiel\u00e2 kiel\u00e2pierv\u00e2leh Pe&#8217;sser j\u00e1 Kuusk\u00f5\u00f5zz,\u00a0j\u00e1 anar\u00e2\u0161kiel\u00e2 kiel\u00e2pierv\u00e2leh Pi\u00e4ju, Pierv\u00e2l ja Ku\u00e1ti<\/p>\n<p><strong>SU\u00c1\u0110IGIL KIELD\u00c2ST:\u00a0<\/strong>Taves\u00e4mikiel\u00e2l\u00e2\u0161 kiel\u00e2pierv\u00e2l Biedju Vu\u00e1\u010dust ja taves\u00e4mikiel\u00e2l\u00e2\u0161 kiel\u00e2pierv\u00e2l Muohta\u010d\u00e1lbmi<\/p>\n<p><strong>UCJUV KIELD\u00c2ST:\u00a0<\/strong>K\u00e4rig\u00e2snjaarg\u00e2 s\u00e4mikiel\u00e2l\u00e2\u0161 peiviki\u00e4\u010d\u010du, K\u00e4rig\u00e2snjaarg\u00e2 taves\u00e4mikiel\u00e2 kiel\u00e2pierv\u00e2l, Ucjuv peiviki\u00e4ju taves\u00e4mikiel\u00e2l\u00e2\u0161 u\u00e1s\u00e1d\u00e2h Duottaraski, Ucjuv taves\u00e4mikiel\u00e2 kiel\u00e2pierv\u00e2l, Nju\u00e1rg\u00e1m taves\u00e4mikiel\u00e2 kiel\u00e2pierv\u00e2l<\/p>\n<p>[\/vc_column_text][\/vc_column][\/vc_row][vc_row][vc_column width=&#8221;1\/4&#8243;][\/vc_column][vc_column width=&#8221;3\/4&#8243;][vc_custom_heading]<\/p>\n<h2>Ar\u00e2\u0161odd\u00e2demvu\u00e1v\u00e1\u00e1meh<\/h2>\n<p>[\/vc_custom_heading][vc_column_text]S\u00e4mmil\u00e2\u0161 ar\u00e2\u0161odd\u00e2dem jie\u0161n\u00e4\u00e4lih l\u00e1\u00e1 kiel\u00e2, kulttuur, \u00e4rbiti\u00e4\u0111u, suuv\u00e2 j\u00e1 lu\u00e1ndu hu\u00e1m\u00e1\u0161ume sehe toi sirdem p\u00e1rn\u00e1id, v\u00e2i p\u00e1rn\u00e1in pu\u00e1d\u00e1\u010d\u010dij noon\u00e2 s\u00e4mmil\u00e2\u0161 identiteet om\u00e2steijeeh kiel\u00e2 j\u00e1 kulttuur sirdeeh.<\/p>\n<p><strong>S\u00e4mmil\u00e2\u0161 ar\u00e2\u0161odd\u00e2dem stivreejeh:<\/strong><\/p>\n<ul>\n<li>V\u00e4ldikod\u00e1l\u00e2\u0161 ar\u00e2\u0161odd\u00e2demvu\u00e1v\u00e1m (Ar\u00e2\u0161odd\u00e2demvu\u00e1v\u00e1m vu\u00e1\u0111useh)<\/li>\n<li>S\u00e4mmil\u00e2\u0161 ar\u00e2\u0161odd\u00e2demvu\u00e1v\u00e1m u\u00e1sin\u00a0p\u00e1ih\u00e1lijd ar\u00e2\u0161odd\u00e2demvu\u00e1v\u00e1\u00e1mijd.<\/li>\n<\/ul>\n<p>Ar\u00e2\u0161odd\u00e2demvu\u00e1v\u00e1m vu\u00e1\u0111useh stivrejeh ar\u00e2\u0161odd\u00e2dem sisk\u00e1ld\u00e2sl\u00e2\u0161 ol\u00e1\u0161uttem j\u00e1 kield\u00e2i ar\u00e2\u0161odd\u00e2demvu\u00e1v\u00e1\u00e1mij r\u00e4htim v\u00e4ldikod\u00e1l\u00e1vt. Vu\u00e1\u0111usij ulmen lii ovdedi\u0111 ar\u00e2\u0161odd\u00e2dem oovtvi\u00e4rd\u00e1s\u00e2\u0161 ol\u00e1\u0161uttem ub\u00e2 en\u00e2mist. S\u00e4mmil\u00e2\u0161 ar\u00e2\u0161odd\u00e2demvu\u00e1v\u00e1m tiev\u00e2smit v\u00e4ldikod\u00e1l\u00e2\u0161 stivrim j\u00e1 tom av\u017euutteh kevtti\u0111 pirr\u00e2 Suom\u00e2 ornejum s\u00e4mikiel\u00e2l\u00e2\u0161 ar\u00e2\u0161odd\u00e2demtooim\u00e2st. S\u00e4mikiel\u00e2l\u00e2\u0161 ar\u00e2\u0161odd\u00e2demoht\u00e2duv\u00e2i\u00a0 oht\u00e2d\u00e2hku\u00e1ht\u00e1siih vu\u00e1v\u00e1\u00e1meh r\u00e1htojeh v\u00e4ldikod\u00e1l\u00e2\u0161 j\u00e1 s\u00e4mmil\u00e2\u0161 ar\u00e2\u0161odd\u00e2demvu\u00e1v\u00e1\u00e1m vu\u00e1\u0111uld. Oht\u00e2duv ar\u00e2\u0161odd\u00e2demvu\u00e1v\u00e1\u00e1mist kovvejeh oht\u00e2duv ar\u00e2\u0161odd\u00e2dem a\u0111ai ki\u00e4ju, \u0161odd\u00e2dem j\u00e1 m\u00e1tt\u00e1\u00e1tt\u00e2s olesl\u00e2\u0161vuo\u0111\u00e2 vuolg\u00e2soojijd sehe toi ol\u00e1\u0161uttem aarg\u00e2 \u0161odd\u00e2demvu\u00e1h\u00e1duvv\u00e2in. Tast kovvejeh meiddei ku\u00e1vlu t\u00e2i oht\u00e2duv sier\u00e2n\u00e2sjie\u0161vuovvijd j\u00e1 ti\u00e4duttemijd. Meiddei sier\u00e2 palv\u00e2lushamij t\u00e4rkkilistum uulmijd kirjejeh oht\u00e2d\u00e2hku\u00e1ht\u00e1s\u00e2\u0161 vu\u00e1v\u00e1\u00e1m\u00e2n.<\/p>\n<h3><strong>Oovt\u00e2stpargo huol\u00e2tteijeigijn<\/strong><\/h3>\n<p>Oovt\u00e2stpargo huol\u00e2tteijeigijn lii oht\u00e2 teh\u00e1lumijn aa\u0161ijn s\u00e4mikiel\u00e2l\u00e2\u0161 ar\u00e2sodd\u00e2demist. Oovt\u00e2spargo ulmen lii, ete pargovieh\u00e2, vanhimeh j\u00e1 p\u00e4\u00e4rni tip\u0161om\u00e2n u\u00e1s\u00e1listeeh ulmuuh ti\u00e4\u0111ul\u00e1vt \u010donn\u00e2suveh p\u00e4\u00e4rni \u0161odd\u00e2m, ovd\u00e1nem j\u00e1 opp\u00e2m tu\u00e1rjum\u00e2n. Ovdil p\u00e4\u00e4rni ki\u00e4\u010d\u010dukosk\u00e2vuo\u0111\u00e2 \u00e4lgim u\u00e1rnejeh alg\u00e2ttems\u00e1rnudem juo-uv p\u00e4\u00e4rni p\u00e4\u00e4ihist teikk\u00e2 ki\u00e4\u010d\u010dusaajeest. M\u00e1h\u0111ul\u00e2\u0161 p\u00e4\u00e4ihist eellim lii vuoss\u00e2mu\u0161 u\u00e1si ar\u00e2\u0161odd\u00e2demvu\u00e1v\u00e1m a\u0111ai a\u0161vu. P\u00e4\u00e4rni persovnl\u00e2\u0161 a\u0161vu r\u00e1htoo 1\u20132 mp ke\u010d\u010din ki\u00e4ju aalg\u00e2tmist. A\u0161vu vu\u00e1\u0111usin lii pargoviev\u00e2 merkkuumeh p\u00e4\u00e4rnist ki\u00e4just j\u00e1 vanhimij merkkumeh p\u00e4\u00e4ihist. Jyehi-ivv\u00e1\u00e1\u0161 toim\u00e2mvu\u00e1v\u00e1m\u00a0 r\u00e1htoo oovt\u00e2stpargon vanhimijguin, mon ma\u014ba p\u00e4rniku\u00e1ht\u00e1siih ar\u00e2\u0161odd\u00e2demvu\u00e1v\u00e1\u00e1meh v\u00e1ldojeh vuot\u00e2n j\u00e1 tain h\u00e1m\u00e1\u0161uv\u00e1 oht\u00e2d\u00e2hku\u00e1ht\u00e1s\u00e2\u0161 ar\u00e2\u0161odd\u00e2demvu\u00e1v\u00e1m, mii stivree oht\u00e2duv jieij\u00e2s toim\u00e2m.<\/p>\n<p>Ar\u00e2\u0161odd\u00e2dem uc\u00e2muslu\u00e1m\u00e1ttuvah kavnojeh kield\u00e2i siij\u0111oin, peiviki\u00e4\u010d\u010dutoim\u00e2ttuvv\u00e2in j\u00e1 ki\u00e4\u010d\u010dusajeoht\u00e2duvv\u00e2in. Ar\u00e2\u0161odd\u00e2demm\u00e1\u00e1vsuh meriduvvojeh ara\u0161odd\u00e2dem \u00e4\u0161\u0161ig\u00e2sm\u00e1ksulaav\u00e2 mield.\u00a0Laah\u00e2 ar\u00e2\u0161odd\u00e2dem \u00e4\u0161\u0161ig\u00e2\u0161m\u00e1vsuin poo\u0111ij ki\u00e4vtun 1.3.2017.<\/p>\n<h3><strong>S\u00e4mikiel\u00e2l\u00e2\u0161 ar\u00e2\u0161odd\u00e2dem stivrejeijeeh \u00e4\u0161\u0161ikirjeh:<\/strong><\/h3>\n<p><strong>Ar\u00e2\u0161odd\u00e2demvu\u00e1v\u00e1m vu\u00e1\u0111useh<\/strong> <a title=\"Varhaiskasvatussuunnitelman perusteet\" href=\"https:\/\/eperusteet.opintopolku.fi\/#\/fi\/varhaiskasvatus\/1266381\/tiedot\">https:\/\/eperusteet.opintopolku.fi\/#\/fi\/varhaiskasvatus\/1266381\/tiedot<\/a><\/p>\n<p><strong>S\u00e4mmil\u00e2\u0161 ar\u00e2\u0161odd\u00e2demvu\u00e1v\u00e1m:<br \/>\n<\/strong><a href=\"http:\/\/www.samediggi.fi\/index.php?option=com_content&amp;task=view&amp;id=45&amp;Itemid=123&amp;lang=finnish\">http:\/\/www.samediggi.fi\/index.php?option=com_content&amp;task=view&amp;id=45&amp;Itemid=123&amp;lang=finnish<\/a><\/p>\n<p><strong>Ar\u00e2\u0161odd\u00e2dem linj\u00e1jeijeeh \u00e4\u0161\u0161ikirjeh j\u00e1 vu\u00e1v\u00e1\u00e1meh <\/strong><a href=\"http:\/\/www.oph.fi\/saadokset_ja_ohjeet\/lainsaadanto\/varhaiskasvatus\">http:\/\/www.oph.fi\/saadokset_ja_ohjeet\/lainsaadanto\/varhaiskasvatus<\/a>[\/vc_column_text][\/vc_column][\/vc_row][vc_row][vc_column width=&#8221;1\/4&#8243;][\/vc_column][vc_column width=&#8221;3\/4&#8243;][vc_custom_heading]<br \/>\n<strong>M\u00c1NNU S\u00c1MI M\u00c1N\u00c1IDKULTURGUOVDDA\u0160<\/strong><br \/>\n[\/vc_custom_heading][vc_column_text]<br \/>\n<strong>Ulmeh:<\/strong><\/p>\n<ul>\n<li>lasetti\u0111 p\u00e1rn\u00e1i j\u00e1 nuor\u00e2i jieij\u00e2s kulttuur tubd\u00e2m<\/li>\n<li>adeli\u0111 p\u00e1rn\u00e1id j\u00e1 nuor\u00e1id m\u00e1h\u0111ul\u00e2\u0161vuo\u0111\u00e2 oomm\u00e2\u0111 \u00e4rbiti\u00e4\u0111uid j\u00e1 -t\u00e1\u00e1i\u0111uid<\/li>\n<li>nanodi\u0111 j\u00e1 tu\u00e1rju\u0111 p\u00e1rn\u00e1i j\u00e1 nuor\u00e2i s\u00e4mikiel\u00e2 ovd\u00e1nem<\/li>\n<li>lasetti\u0111 jie\u0161kote-uvl\u00e1g\u00e1n kulttuuraarbij kunnij\u00e2ttem j\u00e1 \u00e1\u00e1rvustanneem<\/li>\n<li>faall\u00e2\u0111 \u010duos\u00e2tt\u00e2hju\u00e1vkun m\u00e1h\u0111ul\u00e2\u0161vuo\u0111\u00e2id persovnl\u00e2\u0161vuo\u0111\u00e2 maa\u014bg\u00e2pi\u00e4l\u00e1s\u00e2\u0161 oovdedm\u00e2n<\/li>\n<li>stivri\u0111 p\u00e1rn\u00e1id j\u00e1 nuor\u00e2id jie\u0161kote-uvl\u00e1g\u00e1nij taai\u0111\u00e2ferimij \u00e1\u00e1rvustanem\u00e2n<\/li>\n<li>ovdedi\u0111 kulttuur- j\u00e1 taai\u0111\u00e2\u0161odd\u00e2dem s\u00e4miku\u00e1vlust<\/li>\n<li>s\u00e4mip\u00e1rn\u00e1i j\u00e1 \u2013 nuor\u00e2i pyereesvaijeem turvim<\/li>\n<li>oovt\u00e2stpargo ovdedem p\u00e1ih\u00e1lij j\u00e1 ku\u00e1vlulij tu\u00e1imei kosk\u00e2n<\/li>\n<li>ju\u00e1tki\u0111 si\u00e4rvul\u00e2\u0161vuo\u0111\u00e2 paijeentooll\u00e2m \u0161koovl\u00e2 j\u00e1 s\u00e4misi\u00e4rvus kosk\u00e2n<\/li>\n<\/ul>\n<p><strong>\u010cuos\u00e2tt\u00e2hju\u00e1vkku: <\/strong>S\u00e4miku\u00e1vlu vu\u00e1l\u00e1 18-ih\u00e1siih p\u00e1rn\u00e1\u00e1h<\/p>\n<p>M\u00e1nnu tooim\u00e2 sisk\u00e1ld\u00e2ssyergih l\u00e1\u00e1:\u00a0<strong>s\u00e4mmil\u00e2\u0161 main\u00e2seh, lavluuh, ju\u00e1iguseh, sierah, reeisuh, \u00e4rbipurr\u00e2m\u00e2\u0161ah j\u00e1 kovetaai\u0111\u00e2.\u00a0<\/strong>Toim\u00e2ive aalg\u00e2st r\u00e1htojeh p\u00e1rn\u00e1ikulttuurku\u00e1vd\u00e1\u00e1 ovt\u00e2sk\u00e2s\u010du\u00e1gg\u00e1seh\u00a0 vu\u00e1v\u00e1\u00e1meh j\u00e1 puoh kuulm\u00e2 s\u00e4mikiel\u00e2 ju\u00e1vhuh v\u00e1ldojeh vu\u00e1v\u00e1\u00e1mist vuot\u00e2n. Tu\u00e1ivuid teik\u00e2 i\u00e4vtutt\u00e2s\u00e2id pu\u00e1ht\u00e1 tooh\u00e2\u0111 njuolgist tooim\u00e2jo\u0111etteijei. M\u00e1nnu tooim\u00e2 rutt\u00e2deh M\u00e1tt\u00e1\u00e1tt\u00e2s- j\u00e1 kulttuurministeri\u00f6, s\u00e4mitigge j\u00e1 s\u00e4miku\u00e1vlu kieldah.<\/p>\n<h3><strong>Laseti\u00e4\u0111uh :<\/strong><\/h3>\n<p><strong>Tooim\u00e2jo\u0111etteijee:<\/strong><br \/>\nPetra Biret Magga-Vars\u00a0 puh. 040 732 5503<br \/>\npetra.magga[at]samediggi.fi<\/p>\n<p><strong>Facebook:<\/strong><br \/>\nM\u00c1NNU s\u00e1mi m\u00e1n\u00e1idkulturguovdda\u0161\/Saamelaisk\u00e4r\u00e4j\u00e4t[\/vc_column_text][\/vc_column][\/vc_row][vc_row][vc_column width=&#8221;1\/1&#8243;][vc_empty_space empty_h=&#8221;3&#8243;][\/vc_column][\/vc_row]<\/p>\n","protected":false},"excerpt":{"rendered":"<p>Lorem ipsum dolor sit amet, ut ipsum sententiae his, fugit ponderum suscipiantur id sea, alia possit suscipiantur et vix. Sed epicuri singulis cotidieque cu. Usu cu partiendo iudicabit maiestatis. Sea graeci petentium ei. Solum apeirian quo in, copiosae posidonium constituam ea sea.<\/p>\n","protected":false},"author":2,"featured_media":41,"parent":0,"menu_order":0,"comment_status":"closed","ping_status":"closed","template":"","meta":{"footnotes":""},"class_list":["post-185","page","type-page","status-publish","has-post-thumbnail","hentry"],"yoast_head":"<!-- This site is optimized with the Yoast SEO plugin v27.0 - https:\/\/yoast.com\/product\/yoast-seo-wordpress\/ -->\n<title>S\u00e4\u00e4mi ar\u00e2\u0161odd\u00e2dem - Ku\u00e1ti.fi<\/title>\n<meta name=\"robots\" content=\"index, follow, max-snippet:-1, max-image-preview:large, max-video-preview:-1\" \/>\n<link rel=\"canonical\" href=\"https:\/\/kuati.fi\/ak\/saami-arasoddadem\/\" \/>\n<meta property=\"og:locale\" content=\"en_US\" \/>\n<meta property=\"og:type\" content=\"article\" \/>\n<meta property=\"og:title\" content=\"S\u00e4\u00e4mi ar\u00e2\u0161odd\u00e2dem - Ku\u00e1ti.fi\" \/>\n<meta property=\"og:description\" content=\"Lorem ipsum dolor sit amet, ut ipsum sententiae his, fugit ponderum suscipiantur id sea, alia possit suscipiantur et vix. Sed epicuri singulis cotidieque cu. Usu cu partiendo iudicabit maiestatis. Sea graeci petentium ei. Solum apeirian quo in, copiosae posidonium constituam ea sea.\" \/>\n<meta property=\"og:url\" content=\"https:\/\/kuati.fi\/ak\/saami-arasoddadem\/\" \/>\n<meta property=\"og:site_name\" content=\"Ku\u00e1ti.fi\" \/>\n<meta property=\"article:modified_time\" content=\"2022-08-22T13:57:41+00:00\" \/>\n<meta property=\"og:image\" content=\"https:\/\/kuati.fi\/wp-content\/uploads\/2019\/11\/laavu.png\" \/>\n\t<meta property=\"og:image:width\" content=\"1400\" \/>\n\t<meta property=\"og:image:height\" content=\"1431\" \/>\n\t<meta property=\"og:image:type\" content=\"image\/png\" \/>\n<meta name=\"twitter:card\" content=\"summary_large_image\" \/>\n<meta name=\"twitter:label1\" content=\"Est. reading time\" \/>\n\t<meta name=\"twitter:data1\" content=\"6 minutes\" \/>\n<script type=\"application\/ld+json\" class=\"yoast-schema-graph\">{\"@context\":\"https:\/\/schema.org\",\"@graph\":[{\"@type\":\"WebPage\",\"@id\":\"https:\/\/kuati.fi\/ak\/saami-arasoddadem\/\",\"url\":\"https:\/\/kuati.fi\/ak\/saami-arasoddadem\/\",\"name\":\"S\u00e4\u00e4mi ar\u00e2\u0161odd\u00e2dem - Ku\u00e1ti.fi\",\"isPartOf\":{\"@id\":\"https:\/\/kuati.fi\/ak\/#website\"},\"primaryImageOfPage\":{\"@id\":\"https:\/\/kuati.fi\/ak\/saami-arasoddadem\/#primaryimage\"},\"image\":{\"@id\":\"https:\/\/kuati.fi\/ak\/saami-arasoddadem\/#primaryimage\"},\"thumbnailUrl\":\"https:\/\/kuati.fi\/wp-content\/uploads\/2019\/11\/laavu.png\",\"datePublished\":\"2019-11-21T12:43:35+00:00\",\"dateModified\":\"2022-08-22T13:57:41+00:00\",\"breadcrumb\":{\"@id\":\"https:\/\/kuati.fi\/ak\/saami-arasoddadem\/#breadcrumb\"},\"inLanguage\":\"ak\",\"potentialAction\":[{\"@type\":\"ReadAction\",\"target\":[\"https:\/\/kuati.fi\/ak\/saami-arasoddadem\/\"]}]},{\"@type\":\"ImageObject\",\"inLanguage\":\"ak\",\"@id\":\"https:\/\/kuati.fi\/ak\/saami-arasoddadem\/#primaryimage\",\"url\":\"https:\/\/kuati.fi\/wp-content\/uploads\/2019\/11\/laavu.png\",\"contentUrl\":\"https:\/\/kuati.fi\/wp-content\/uploads\/2019\/11\/laavu.png\",\"width\":1400,\"height\":1431},{\"@type\":\"BreadcrumbList\",\"@id\":\"https:\/\/kuati.fi\/ak\/saami-arasoddadem\/#breadcrumb\",\"itemListElement\":[{\"@type\":\"ListItem\",\"position\":1,\"name\":\"Home\",\"item\":\"https:\/\/kuati.fi\/ak\/\"},{\"@type\":\"ListItem\",\"position\":2,\"name\":\"S\u00e4\u00e4mi ar\u00e2\u0161odd\u00e2dem\"}]},{\"@type\":\"WebSite\",\"@id\":\"https:\/\/kuati.fi\/ak\/#website\",\"url\":\"https:\/\/kuati.fi\/ak\/\",\"name\":\"Ku\u00e1ti.fi\",\"description\":\"Saamelaisk\u00e4r\u00e4j\u00e4t - Sarkaste hanke\",\"publisher\":{\"@id\":\"https:\/\/kuati.fi\/ak\/#organization\"},\"potentialAction\":[{\"@type\":\"SearchAction\",\"target\":{\"@type\":\"EntryPoint\",\"urlTemplate\":\"https:\/\/kuati.fi\/ak\/?s={search_term_string}\"},\"query-input\":{\"@type\":\"PropertyValueSpecification\",\"valueRequired\":true,\"valueName\":\"search_term_string\"}}],\"inLanguage\":\"ak\"},{\"@type\":\"Organization\",\"@id\":\"https:\/\/kuati.fi\/ak\/#organization\",\"name\":\"Ku\u00e1ti.fi\",\"url\":\"https:\/\/kuati.fi\/ak\/\",\"logo\":{\"@type\":\"ImageObject\",\"inLanguage\":\"ak\",\"@id\":\"https:\/\/kuati.fi\/ak\/#\/schema\/logo\/image\/\",\"url\":\"https:\/\/kuati.fi\/wp-content\/uploads\/2019\/11\/Kuati-logo-full.png\",\"contentUrl\":\"https:\/\/kuati.fi\/wp-content\/uploads\/2019\/11\/Kuati-logo-full.png\",\"width\":673,\"height\":410,\"caption\":\"Ku\u00e1ti.fi\"},\"image\":{\"@id\":\"https:\/\/kuati.fi\/ak\/#\/schema\/logo\/image\/\"}}]}<\/script>\n<!-- \/ Yoast SEO plugin. -->","yoast_head_json":{"title":"S\u00e4\u00e4mi ar\u00e2\u0161odd\u00e2dem - Ku\u00e1ti.fi","robots":{"index":"index","follow":"follow","max-snippet":"max-snippet:-1","max-image-preview":"max-image-preview:large","max-video-preview":"max-video-preview:-1"},"canonical":"https:\/\/kuati.fi\/ak\/saami-arasoddadem\/","og_locale":"en_US","og_type":"article","og_title":"S\u00e4\u00e4mi ar\u00e2\u0161odd\u00e2dem - Ku\u00e1ti.fi","og_description":"Lorem ipsum dolor sit amet, ut ipsum sententiae his, fugit ponderum suscipiantur id sea, alia possit suscipiantur et vix. Sed epicuri singulis cotidieque cu. Usu cu partiendo iudicabit maiestatis. Sea graeci petentium ei. Solum apeirian quo in, copiosae posidonium constituam ea sea.","og_url":"https:\/\/kuati.fi\/ak\/saami-arasoddadem\/","og_site_name":"Ku\u00e1ti.fi","article_modified_time":"2022-08-22T13:57:41+00:00","og_image":[{"width":1400,"height":1431,"url":"https:\/\/kuati.fi\/wp-content\/uploads\/2019\/11\/laavu.png","type":"image\/png"}],"twitter_card":"summary_large_image","twitter_misc":{"Est. reading time":"6 minutes"},"schema":{"@context":"https:\/\/schema.org","@graph":[{"@type":"WebPage","@id":"https:\/\/kuati.fi\/ak\/saami-arasoddadem\/","url":"https:\/\/kuati.fi\/ak\/saami-arasoddadem\/","name":"S\u00e4\u00e4mi ar\u00e2\u0161odd\u00e2dem - Ku\u00e1ti.fi","isPartOf":{"@id":"https:\/\/kuati.fi\/ak\/#website"},"primaryImageOfPage":{"@id":"https:\/\/kuati.fi\/ak\/saami-arasoddadem\/#primaryimage"},"image":{"@id":"https:\/\/kuati.fi\/ak\/saami-arasoddadem\/#primaryimage"},"thumbnailUrl":"https:\/\/kuati.fi\/wp-content\/uploads\/2019\/11\/laavu.png","datePublished":"2019-11-21T12:43:35+00:00","dateModified":"2022-08-22T13:57:41+00:00","breadcrumb":{"@id":"https:\/\/kuati.fi\/ak\/saami-arasoddadem\/#breadcrumb"},"inLanguage":"ak","potentialAction":[{"@type":"ReadAction","target":["https:\/\/kuati.fi\/ak\/saami-arasoddadem\/"]}]},{"@type":"ImageObject","inLanguage":"ak","@id":"https:\/\/kuati.fi\/ak\/saami-arasoddadem\/#primaryimage","url":"https:\/\/kuati.fi\/wp-content\/uploads\/2019\/11\/laavu.png","contentUrl":"https:\/\/kuati.fi\/wp-content\/uploads\/2019\/11\/laavu.png","width":1400,"height":1431},{"@type":"BreadcrumbList","@id":"https:\/\/kuati.fi\/ak\/saami-arasoddadem\/#breadcrumb","itemListElement":[{"@type":"ListItem","position":1,"name":"Home","item":"https:\/\/kuati.fi\/ak\/"},{"@type":"ListItem","position":2,"name":"S\u00e4\u00e4mi ar\u00e2\u0161odd\u00e2dem"}]},{"@type":"WebSite","@id":"https:\/\/kuati.fi\/ak\/#website","url":"https:\/\/kuati.fi\/ak\/","name":"Ku\u00e1ti.fi","description":"Saamelaisk\u00e4r\u00e4j\u00e4t - Sarkaste hanke","publisher":{"@id":"https:\/\/kuati.fi\/ak\/#organization"},"potentialAction":[{"@type":"SearchAction","target":{"@type":"EntryPoint","urlTemplate":"https:\/\/kuati.fi\/ak\/?s={search_term_string}"},"query-input":{"@type":"PropertyValueSpecification","valueRequired":true,"valueName":"search_term_string"}}],"inLanguage":"ak"},{"@type":"Organization","@id":"https:\/\/kuati.fi\/ak\/#organization","name":"Ku\u00e1ti.fi","url":"https:\/\/kuati.fi\/ak\/","logo":{"@type":"ImageObject","inLanguage":"ak","@id":"https:\/\/kuati.fi\/ak\/#\/schema\/logo\/image\/","url":"https:\/\/kuati.fi\/wp-content\/uploads\/2019\/11\/Kuati-logo-full.png","contentUrl":"https:\/\/kuati.fi\/wp-content\/uploads\/2019\/11\/Kuati-logo-full.png","width":673,"height":410,"caption":"Ku\u00e1ti.fi"},"image":{"@id":"https:\/\/kuati.fi\/ak\/#\/schema\/logo\/image\/"}}]}},"_links":{"self":[{"href":"https:\/\/kuati.fi\/ak\/wp-json\/wp\/v2\/pages\/185","targetHints":{"allow":["GET"]}}],"collection":[{"href":"https:\/\/kuati.fi\/ak\/wp-json\/wp\/v2\/pages"}],"about":[{"href":"https:\/\/kuati.fi\/ak\/wp-json\/wp\/v2\/types\/page"}],"author":[{"embeddable":true,"href":"https:\/\/kuati.fi\/ak\/wp-json\/wp\/v2\/users\/2"}],"replies":[{"embeddable":true,"href":"https:\/\/kuati.fi\/ak\/wp-json\/wp\/v2\/comments?post=185"}],"version-history":[{"count":5,"href":"https:\/\/kuati.fi\/ak\/wp-json\/wp\/v2\/pages\/185\/revisions"}],"predecessor-version":[{"id":10330,"href":"https:\/\/kuati.fi\/ak\/wp-json\/wp\/v2\/pages\/185\/revisions\/10330"}],"wp:featuredmedia":[{"embeddable":true,"href":"https:\/\/kuati.fi\/ak\/wp-json\/wp\/v2\/media\/41"}],"wp:attachment":[{"href":"https:\/\/kuati.fi\/ak\/wp-json\/wp\/v2\/media?parent=185"}],"curies":[{"name":"wp","href":"https:\/\/api.w.org\/{rel}","templated":true}]}}