{"id":167,"date":"2019-11-21T11:59:21","date_gmt":"2019-11-21T11:59:21","guid":{"rendered":"https:\/\/kuati.fi\/mii-lii-kuati-fi\/"},"modified":"2019-11-21T11:59:22","modified_gmt":"2019-11-21T11:59:22","slug":"mii-lii-kuati-fi","status":"publish","type":"page","link":"https:\/\/kuati.fi\/ak\/mii-lii-kuati-fi\/","title":{"rendered":"Mii lii ku\u00e1ti.fi?"},"content":{"rendered":"<p>[vc_row][vc_column width=&#8221;1\/1&#8243;][vc_empty_space empty_h=&#8221;3&#8243;][\/vc_column][\/vc_row][vc_row row_height_percent=&#8221;0&#8243; overlay_alpha=&#8221;50&#8243; gutter_size=&#8221;3&#8243; column_width_percent=&#8221;100&#8243; shift_y=&#8221;0&#8243; z_index=&#8221;0&#8243; top_divider=&#8221;pyramids&#8221;][vc_column width=&#8221;1\/4&#8243;][\/vc_column][vc_column width=&#8221;3\/4&#8243;][vc_column_text]<\/p>\n<h2>Hyv\u00e4 tiet\u00e4\u00e4:<\/h2>\n<ul>\n<li>Ku\u00e1ti.fi lii s\u00e4mitige paijeetooll\u00e2m s\u00e4mikiel\u00e2g ar\u00e2\u0161odd\u00e2demmateriaalpa\u014bkki<\/li>\n<li>Sij\u0111oi ulmen lii toim\u00e2\u0111 ar\u00e2\u0161odd\u00e2dem jo\u0111ettem pedagoogl\u00e2\u0161, kiel\u00e2 j\u00e1 kulttuurmi\u00e4ld\u00e1s\u00e2\u0161 tooim\u00e2 sehe vi\u00e4rm\u00e1d\u00e2tt\u00e2m ni\u00e4vvun<\/li>\n<li>Sij\u0111oh l\u00e1\u00e1 t\u00e1rkuttum vuos\u00e2sajas\u00e1vt ar\u00e2\u0161odd\u00e2dempargovieh\u00e2n, mut\u00e2 meiddei vanhim\u00e1id j\u00e1 ravviittuv pargeid<\/li>\n<li>Materiaal u\u00e1\u017e\u017eu luo\u0111\u0111i\u0111 j\u00e1 kevtti\u0111 jieij\u00e2s t\u00e1rkutt\u00e2ss\u00e1id. K\u00e1vp\u00e1l\u00e2\u0161 \u00e1vh\u00e1st\u00e2ll\u00e2m lii ki\u00e4ldum<\/li>\n<li>Ohts\u00e2\u0161pargokyeimih: M\u00e1nnu &#8211; S\u00e4mmil\u00e2\u0161 p\u00e1rn\u00e1i kulttuurku\u00e1vd\u00e1\u0161, Aalg\u00e2almugij elleekoveku\u00e1vd\u00e1\u0161 Sk\u00e1bma, S\u00e4\u00e4mi m\u00e1tt\u00e1\u00e1tt\u00e2sku\u00e1vd\u00e1\u0161, Meccihald\u00e2tt\u00e2s, Unn\u00e1 Junn\u00e1 &#8211; Yle S\u00e1pmi, Papunets<\/li>\n<\/ul>\n<p>&nbsp;<\/p>\n<p>Ku\u00e1ti.fi-siij\u0111oi graafis\u00e2\u0161 kej\u00e2stuv vu\u00e1v\u00e1m: Katja Lettinen<\/p>\n<p>Ku\u00e1ti.fi-siij\u0111oi teknis\u00e2\u0161 ol\u00e1\u0161uttim: MeKiwi Oy[\/vc_column_text][\/vc_column][\/vc_row][vc_row][vc_column width=&#8221;1\/1&#8243;][vc_empty_space empty_h=&#8221;3&#8243;][\/vc_column][\/vc_row]<\/p>\n","protected":false},"excerpt":{"rendered":"<p>Lorem ipsum dolor sit amet, ut ipsum sententiae his, fugit ponderum suscipiantur id sea, alia possit suscipiantur et vix. Sed epicuri singulis cotidieque cu. Usu cu partiendo iudicabit maiestatis. Sea graeci petentium ei. Solum apeirian quo in, copiosae posidonium constituam ea sea.<\/p>\n","protected":false},"author":2,"featured_media":46,"parent":0,"menu_order":0,"comment_status":"closed","ping_status":"closed","template":"","meta":{"footnotes":""},"class_list":["post-167","page","type-page","status-publish","has-post-thumbnail","hentry"],"yoast_head":"<!-- This site is optimized with the Yoast SEO plugin v27.0 - https:\/\/yoast.com\/product\/yoast-seo-wordpress\/ -->\n<title>Mii lii ku\u00e1ti.fi? - Ku\u00e1ti.fi<\/title>\n<meta name=\"robots\" content=\"index, follow, max-snippet:-1, max-image-preview:large, max-video-preview:-1\" \/>\n<link rel=\"canonical\" href=\"https:\/\/kuati.fi\/ak\/mii-lii-kuati-fi\/\" \/>\n<meta property=\"og:locale\" content=\"en_US\" \/>\n<meta property=\"og:type\" content=\"article\" \/>\n<meta property=\"og:title\" content=\"Mii lii ku\u00e1ti.fi? - Ku\u00e1ti.fi\" \/>\n<meta property=\"og:description\" content=\"Lorem ipsum dolor sit amet, ut ipsum sententiae his, fugit ponderum suscipiantur id sea, alia possit suscipiantur et vix. Sed epicuri singulis cotidieque cu. Usu cu partiendo iudicabit maiestatis. Sea graeci petentium ei. Solum apeirian quo in, copiosae posidonium constituam ea sea.\" \/>\n<meta property=\"og:url\" content=\"https:\/\/kuati.fi\/ak\/mii-lii-kuati-fi\/\" \/>\n<meta property=\"og:site_name\" content=\"Ku\u00e1ti.fi\" \/>\n<meta property=\"article:modified_time\" content=\"2019-11-21T11:59:22+00:00\" \/>\n<meta property=\"og:image\" content=\"https:\/\/kuati.fi\/wp-content\/uploads\/2019\/11\/pinkki.png\" \/>\n\t<meta property=\"og:image:width\" content=\"294\" \/>\n\t<meta property=\"og:image:height\" content=\"601\" \/>\n\t<meta property=\"og:image:type\" content=\"image\/png\" \/>\n<meta name=\"twitter:card\" content=\"summary_large_image\" \/>\n<meta name=\"twitter:label1\" content=\"Est. reading time\" \/>\n\t<meta name=\"twitter:data1\" content=\"1 minute\" \/>\n<script type=\"application\/ld+json\" class=\"yoast-schema-graph\">{\"@context\":\"https:\/\/schema.org\",\"@graph\":[{\"@type\":\"WebPage\",\"@id\":\"https:\/\/kuati.fi\/ak\/mii-lii-kuati-fi\/\",\"url\":\"https:\/\/kuati.fi\/ak\/mii-lii-kuati-fi\/\",\"name\":\"Mii lii ku\u00e1ti.fi? - Ku\u00e1ti.fi\",\"isPartOf\":{\"@id\":\"https:\/\/kuati.fi\/ak\/#website\"},\"primaryImageOfPage\":{\"@id\":\"https:\/\/kuati.fi\/ak\/mii-lii-kuati-fi\/#primaryimage\"},\"image\":{\"@id\":\"https:\/\/kuati.fi\/ak\/mii-lii-kuati-fi\/#primaryimage\"},\"thumbnailUrl\":\"https:\/\/kuati.fi\/wp-content\/uploads\/2019\/11\/pinkki.png\",\"datePublished\":\"2019-11-21T11:59:21+00:00\",\"dateModified\":\"2019-11-21T11:59:22+00:00\",\"breadcrumb\":{\"@id\":\"https:\/\/kuati.fi\/ak\/mii-lii-kuati-fi\/#breadcrumb\"},\"inLanguage\":\"ak\",\"potentialAction\":[{\"@type\":\"ReadAction\",\"target\":[\"https:\/\/kuati.fi\/ak\/mii-lii-kuati-fi\/\"]}]},{\"@type\":\"ImageObject\",\"inLanguage\":\"ak\",\"@id\":\"https:\/\/kuati.fi\/ak\/mii-lii-kuati-fi\/#primaryimage\",\"url\":\"https:\/\/kuati.fi\/wp-content\/uploads\/2019\/11\/pinkki.png\",\"contentUrl\":\"https:\/\/kuati.fi\/wp-content\/uploads\/2019\/11\/pinkki.png\",\"width\":294,\"height\":601},{\"@type\":\"BreadcrumbList\",\"@id\":\"https:\/\/kuati.fi\/ak\/mii-lii-kuati-fi\/#breadcrumb\",\"itemListElement\":[{\"@type\":\"ListItem\",\"position\":1,\"name\":\"Home\",\"item\":\"https:\/\/kuati.fi\/ak\/\"},{\"@type\":\"ListItem\",\"position\":2,\"name\":\"Mii lii ku\u00e1ti.fi?\"}]},{\"@type\":\"WebSite\",\"@id\":\"https:\/\/kuati.fi\/ak\/#website\",\"url\":\"https:\/\/kuati.fi\/ak\/\",\"name\":\"Ku\u00e1ti.fi\",\"description\":\"Saamelaisk\u00e4r\u00e4j\u00e4t - Sarkaste hanke\",\"publisher\":{\"@id\":\"https:\/\/kuati.fi\/ak\/#organization\"},\"potentialAction\":[{\"@type\":\"SearchAction\",\"target\":{\"@type\":\"EntryPoint\",\"urlTemplate\":\"https:\/\/kuati.fi\/ak\/?s={search_term_string}\"},\"query-input\":{\"@type\":\"PropertyValueSpecification\",\"valueRequired\":true,\"valueName\":\"search_term_string\"}}],\"inLanguage\":\"ak\"},{\"@type\":\"Organization\",\"@id\":\"https:\/\/kuati.fi\/ak\/#organization\",\"name\":\"Ku\u00e1ti.fi\",\"url\":\"https:\/\/kuati.fi\/ak\/\",\"logo\":{\"@type\":\"ImageObject\",\"inLanguage\":\"ak\",\"@id\":\"https:\/\/kuati.fi\/ak\/#\/schema\/logo\/image\/\",\"url\":\"https:\/\/kuati.fi\/wp-content\/uploads\/2019\/11\/Kuati-logo-full.png\",\"contentUrl\":\"https:\/\/kuati.fi\/wp-content\/uploads\/2019\/11\/Kuati-logo-full.png\",\"width\":673,\"height\":410,\"caption\":\"Ku\u00e1ti.fi\"},\"image\":{\"@id\":\"https:\/\/kuati.fi\/ak\/#\/schema\/logo\/image\/\"}}]}<\/script>\n<!-- \/ Yoast SEO plugin. -->","yoast_head_json":{"title":"Mii lii ku\u00e1ti.fi? - Ku\u00e1ti.fi","robots":{"index":"index","follow":"follow","max-snippet":"max-snippet:-1","max-image-preview":"max-image-preview:large","max-video-preview":"max-video-preview:-1"},"canonical":"https:\/\/kuati.fi\/ak\/mii-lii-kuati-fi\/","og_locale":"en_US","og_type":"article","og_title":"Mii lii ku\u00e1ti.fi? - Ku\u00e1ti.fi","og_description":"Lorem ipsum dolor sit amet, ut ipsum sententiae his, fugit ponderum suscipiantur id sea, alia possit suscipiantur et vix. Sed epicuri singulis cotidieque cu. Usu cu partiendo iudicabit maiestatis. Sea graeci petentium ei. Solum apeirian quo in, copiosae posidonium constituam ea sea.","og_url":"https:\/\/kuati.fi\/ak\/mii-lii-kuati-fi\/","og_site_name":"Ku\u00e1ti.fi","article_modified_time":"2019-11-21T11:59:22+00:00","og_image":[{"width":294,"height":601,"url":"https:\/\/kuati.fi\/wp-content\/uploads\/2019\/11\/pinkki.png","type":"image\/png"}],"twitter_card":"summary_large_image","twitter_misc":{"Est. reading time":"1 minute"},"schema":{"@context":"https:\/\/schema.org","@graph":[{"@type":"WebPage","@id":"https:\/\/kuati.fi\/ak\/mii-lii-kuati-fi\/","url":"https:\/\/kuati.fi\/ak\/mii-lii-kuati-fi\/","name":"Mii lii ku\u00e1ti.fi? - Ku\u00e1ti.fi","isPartOf":{"@id":"https:\/\/kuati.fi\/ak\/#website"},"primaryImageOfPage":{"@id":"https:\/\/kuati.fi\/ak\/mii-lii-kuati-fi\/#primaryimage"},"image":{"@id":"https:\/\/kuati.fi\/ak\/mii-lii-kuati-fi\/#primaryimage"},"thumbnailUrl":"https:\/\/kuati.fi\/wp-content\/uploads\/2019\/11\/pinkki.png","datePublished":"2019-11-21T11:59:21+00:00","dateModified":"2019-11-21T11:59:22+00:00","breadcrumb":{"@id":"https:\/\/kuati.fi\/ak\/mii-lii-kuati-fi\/#breadcrumb"},"inLanguage":"ak","potentialAction":[{"@type":"ReadAction","target":["https:\/\/kuati.fi\/ak\/mii-lii-kuati-fi\/"]}]},{"@type":"ImageObject","inLanguage":"ak","@id":"https:\/\/kuati.fi\/ak\/mii-lii-kuati-fi\/#primaryimage","url":"https:\/\/kuati.fi\/wp-content\/uploads\/2019\/11\/pinkki.png","contentUrl":"https:\/\/kuati.fi\/wp-content\/uploads\/2019\/11\/pinkki.png","width":294,"height":601},{"@type":"BreadcrumbList","@id":"https:\/\/kuati.fi\/ak\/mii-lii-kuati-fi\/#breadcrumb","itemListElement":[{"@type":"ListItem","position":1,"name":"Home","item":"https:\/\/kuati.fi\/ak\/"},{"@type":"ListItem","position":2,"name":"Mii lii ku\u00e1ti.fi?"}]},{"@type":"WebSite","@id":"https:\/\/kuati.fi\/ak\/#website","url":"https:\/\/kuati.fi\/ak\/","name":"Ku\u00e1ti.fi","description":"Saamelaisk\u00e4r\u00e4j\u00e4t - Sarkaste hanke","publisher":{"@id":"https:\/\/kuati.fi\/ak\/#organization"},"potentialAction":[{"@type":"SearchAction","target":{"@type":"EntryPoint","urlTemplate":"https:\/\/kuati.fi\/ak\/?s={search_term_string}"},"query-input":{"@type":"PropertyValueSpecification","valueRequired":true,"valueName":"search_term_string"}}],"inLanguage":"ak"},{"@type":"Organization","@id":"https:\/\/kuati.fi\/ak\/#organization","name":"Ku\u00e1ti.fi","url":"https:\/\/kuati.fi\/ak\/","logo":{"@type":"ImageObject","inLanguage":"ak","@id":"https:\/\/kuati.fi\/ak\/#\/schema\/logo\/image\/","url":"https:\/\/kuati.fi\/wp-content\/uploads\/2019\/11\/Kuati-logo-full.png","contentUrl":"https:\/\/kuati.fi\/wp-content\/uploads\/2019\/11\/Kuati-logo-full.png","width":673,"height":410,"caption":"Ku\u00e1ti.fi"},"image":{"@id":"https:\/\/kuati.fi\/ak\/#\/schema\/logo\/image\/"}}]}},"_links":{"self":[{"href":"https:\/\/kuati.fi\/ak\/wp-json\/wp\/v2\/pages\/167","targetHints":{"allow":["GET"]}}],"collection":[{"href":"https:\/\/kuati.fi\/ak\/wp-json\/wp\/v2\/pages"}],"about":[{"href":"https:\/\/kuati.fi\/ak\/wp-json\/wp\/v2\/types\/page"}],"author":[{"embeddable":true,"href":"https:\/\/kuati.fi\/ak\/wp-json\/wp\/v2\/users\/2"}],"replies":[{"embeddable":true,"href":"https:\/\/kuati.fi\/ak\/wp-json\/wp\/v2\/comments?post=167"}],"version-history":[{"count":0,"href":"https:\/\/kuati.fi\/ak\/wp-json\/wp\/v2\/pages\/167\/revisions"}],"wp:featuredmedia":[{"embeddable":true,"href":"https:\/\/kuati.fi\/ak\/wp-json\/wp\/v2\/media\/46"}],"wp:attachment":[{"href":"https:\/\/kuati.fi\/ak\/wp-json\/wp\/v2\/media?parent=167"}],"curies":[{"name":"wp","href":"https:\/\/api.w.org\/{rel}","templated":true}]}}