{"id":10727,"date":"2022-11-28T15:24:20","date_gmt":"2022-11-28T13:24:20","guid":{"rendered":"https:\/\/kuati.fi\/tavja-koijadum-koccamusah\/"},"modified":"2022-11-28T16:14:55","modified_gmt":"2022-11-28T14:14:55","slug":"tavja-koijadum-koccamusah","status":"publish","type":"page","link":"https:\/\/kuati.fi\/ak\/tavja-koijadum-koccamusah\/","title":{"rendered":"T\u00e1vj\u00e1 koij\u00e2dum ko\u010d\u010d\u00e2mu\u0161ah"},"content":{"rendered":"<p>[vc_row][vc_column width=&#8221;1\/1&#8243;][vc_column_text uncode_shortcode_id=&#8221;221796&#8243;]<\/p>\n<h2>T\u00e1vj\u00e1 koij\u00e2dum ko\u010d\u010d\u00e2mu\u0161ah<\/h2>\n<p>&nbsp;<\/p>\n<p>&nbsp;<\/p>\n<p><strong>Mon kiel\u00e2n Ku\u00e1ti-materiaalpa\u014bkki lii?<\/strong><\/p>\n<p><em>Siij\u0111oi tekst\u00e2materiaal lii i\u00e4n\u00e1\u00e1\u0161 puoh kuulm\u00e2 Suom\u00e2st sarnum s\u00e4mikiel\u00e2n. Videoh j\u00e1 jien\u00e2materiaaleh i\u00e4 veltih\u00e1nn\u00e1\u00e1 lah finniimist puoh kiel\u00e1id. Motomeh luo\u0111imn\u00e1\u00e1l materiaaleh l\u00e1\u00e1 meid suom\u00e2kiel\u00e2n. <\/em><\/p>\n<p>&nbsp;<\/p>\n<p><strong>Ki\u00e4s Ku\u00e1ti-materiaalpa\u014bkki lii u\u00e1ivildum?<\/strong><\/p>\n<p><em>Ku\u00e1ti-materiaalpa\u014bkki lii u\u00e1ivildum i\u00e4n\u00e1\u00e1\u0161 ar\u00e2\u0161odd\u00e2dem pargeid. Meid vaanhimeh pyehtih kevtti\u0111 materiaalijd. <\/em><\/p>\n<p>&nbsp;<\/p>\n<p><strong>Lii-uv m\u00e1h\u0111ul\u00e2\u0161 jyehi\u0111 materiaalijd?<\/strong><\/p>\n<p><em>Materiaal u\u00e1\u017e\u017eu printti\u0111 j\u00e1 kevtti\u0111 rijj\u00e2. <\/em><\/p>\n<p>&nbsp;<\/p>\n<p><strong>U\u00e1\u017e\u017eu-uv materiaal kevtti\u0111 k\u00e1vp\u00e1lijd t\u00e1rgutt\u00e2ss\u00e1id?<\/strong><\/p>\n<p><em>Materiaal ij u\u00e1\u017eu kevtti\u0111 k\u00e1vp\u00e1lijd t\u00e1rgutt\u00e2ss\u00e1id. <\/em><\/p>\n<p>&nbsp;<\/p>\n<p><strong>Maht kevtti\u0111 Ku\u00e1\u0111i uucc\u00e2m?<\/strong><\/p>\n<p><em>Ku\u00e1\u0111i uucc\u00e2m pu\u00e1ht\u00e1 kevtti\u0111 neljijn sier\u00e2 vuovvijn.<\/em><\/p>\n<p><em>S\u00e4niuucc\u00e2m viev\u00e2st pu\u00e1ht\u00e1 uucc\u00e2\u0111 uucc\u00e2msaanijn.<\/em><\/p>\n<p><em>Ave mield pu\u00e1ht\u00e1 uucc\u00e2\u0111 materiaal, mii heivee: 0-3-ih\u00e1s\u00e1id, 3-5-ih\u00e1s\u00e1id, 6-ih\u00e1s\u00e1id j\u00e1 ta\u0111e pu\u00e1r\u00e1sub teik\u00e2 jyehi ahas\u00e1id p\u00e1rn\u00e1id.<\/em><\/p>\n<p><em>Teema-saajeest pu\u00e1ht\u00e1 valji\u0111 teema, mon mield oc\u00e1 materiaal, teemah l\u00e1\u00e1 juohhum opp\u00e2m suorgij mield: kiel\u00e2i riges maailm, olgospyehtim maa\u014bg\u00e2 h\u00e4\u00e4mih, mun oovt\u00e2st i\u00e4r\u00e1sijguin, mut tuu\u0111h\u00e2m j\u00e1 toim\u00e2m pirr\u00e2sist\u00e2n sehe mun \u0161ood\u00e2m, lih\u00e2d\u00e2m j\u00e1 ovd\u00e1n\u00e2m.<\/em><\/p>\n<p><em>Uucc\u00e2m pu\u00e1ht\u00e1 kevtti\u0111 meid iveaaigij mield: t\u00e4lvi, ki\u0111\u0111\u00e2t\u00e4lvi, ki\u0111\u0111\u00e2, ki\u0111\u0111\u00e2keesi, keesi, \u010doh\u010d\u00e2keesi, \u010doh\u010d\u00e2, \u010doh\u010d\u00e2t\u00e4lvi.<\/em><\/p>\n<p><em>\u00a0<\/em><\/p>\n<p><strong>Kii pu\u00e1ht\u00e1 lasetti\u0111 materiaal sij\u0111oid?<\/strong><\/p>\n<p><em>Materiaal pyehtih lasetti\u0111 materiaalpargeeh j\u00e1 kiel\u00e2pierv\u00e2lstivrejeijee. Mij kuitt\u00e2g tu\u00e1ivup, ete ar\u00e2\u0161odd\u00e2dempargeeh vuolg\u00e2tti\u010d\u010dii materiaal, ideaid j\u00e1 ravvuid, maid pu\u00e1ht\u00e1 lasetti\u0111 Ku\u00e1t\u00e1n.<\/em>[\/vc_column_text][\/vc_column][\/vc_row]<\/p>\n","protected":false},"excerpt":{"rendered":"<p>[vc_row][vc_column width=&#8221;1\/1&#8243;][vc_column_text uncode_shortcode_id=&#8221;221796&#8243;] T\u00e1vj\u00e1 koij\u00e2dum ko\u010d\u010d\u00e2mu\u0161ah &nbsp; &nbsp; Mon kiel\u00e2n Ku\u00e1ti-materiaalpa\u014bkki lii? Siij\u0111oi tekst\u00e2materiaal lii i\u00e4n\u00e1\u00e1\u0161 puoh kuulm\u00e2 Suom\u00e2st sarnum [&hellip;]<\/p>\n","protected":false},"author":17,"featured_media":0,"parent":0,"menu_order":0,"comment_status":"closed","ping_status":"closed","template":"","meta":{"footnotes":""},"class_list":["post-10727","page","type-page","status-publish","hentry"],"yoast_head":"<!-- This site is optimized with the Yoast SEO plugin v27.0 - https:\/\/yoast.com\/product\/yoast-seo-wordpress\/ -->\n<title>T\u00e1vj\u00e1 koij\u00e2dum ko\u010d\u010d\u00e2mu\u0161ah - Ku\u00e1ti.fi<\/title>\n<meta name=\"robots\" content=\"index, follow, max-snippet:-1, max-image-preview:large, max-video-preview:-1\" \/>\n<link rel=\"canonical\" href=\"https:\/\/kuati.fi\/ak\/tavja-koijadum-koccamusah\/\" \/>\n<meta property=\"og:locale\" content=\"en_US\" \/>\n<meta property=\"og:type\" content=\"article\" \/>\n<meta property=\"og:title\" content=\"T\u00e1vj\u00e1 koij\u00e2dum ko\u010d\u010d\u00e2mu\u0161ah - Ku\u00e1ti.fi\" \/>\n<meta property=\"og:description\" content=\"[vc_row][vc_column width=&#8221;1\/1&#8243;][vc_column_text uncode_shortcode_id=&#8221;221796&#8243;] T\u00e1vj\u00e1 koij\u00e2dum ko\u010d\u010d\u00e2mu\u0161ah &nbsp; &nbsp; Mon kiel\u00e2n Ku\u00e1ti-materiaalpa\u014bkki lii? Siij\u0111oi tekst\u00e2materiaal lii i\u00e4n\u00e1\u00e1\u0161 puoh kuulm\u00e2 Suom\u00e2st sarnum [&hellip;]\" \/>\n<meta property=\"og:url\" content=\"https:\/\/kuati.fi\/ak\/tavja-koijadum-koccamusah\/\" \/>\n<meta property=\"og:site_name\" content=\"Ku\u00e1ti.fi\" \/>\n<meta property=\"article:modified_time\" content=\"2022-11-28T14:14:55+00:00\" \/>\n<meta name=\"twitter:card\" content=\"summary_large_image\" \/>\n<meta name=\"twitter:label1\" content=\"Est. reading time\" \/>\n\t<meta name=\"twitter:data1\" content=\"2 minutes\" \/>\n<script type=\"application\/ld+json\" class=\"yoast-schema-graph\">{\"@context\":\"https:\/\/schema.org\",\"@graph\":[{\"@type\":\"WebPage\",\"@id\":\"https:\/\/kuati.fi\/ak\/tavja-koijadum-koccamusah\/\",\"url\":\"https:\/\/kuati.fi\/ak\/tavja-koijadum-koccamusah\/\",\"name\":\"T\u00e1vj\u00e1 koij\u00e2dum ko\u010d\u010d\u00e2mu\u0161ah - Ku\u00e1ti.fi\",\"isPartOf\":{\"@id\":\"https:\/\/kuati.fi\/ak\/#website\"},\"datePublished\":\"2022-11-28T13:24:20+00:00\",\"dateModified\":\"2022-11-28T14:14:55+00:00\",\"breadcrumb\":{\"@id\":\"https:\/\/kuati.fi\/ak\/tavja-koijadum-koccamusah\/#breadcrumb\"},\"inLanguage\":\"ak\",\"potentialAction\":[{\"@type\":\"ReadAction\",\"target\":[\"https:\/\/kuati.fi\/ak\/tavja-koijadum-koccamusah\/\"]}]},{\"@type\":\"BreadcrumbList\",\"@id\":\"https:\/\/kuati.fi\/ak\/tavja-koijadum-koccamusah\/#breadcrumb\",\"itemListElement\":[{\"@type\":\"ListItem\",\"position\":1,\"name\":\"Home\",\"item\":\"https:\/\/kuati.fi\/ak\/\"},{\"@type\":\"ListItem\",\"position\":2,\"name\":\"T\u00e1vj\u00e1 koij\u00e2dum ko\u010d\u010d\u00e2mu\u0161ah\"}]},{\"@type\":\"WebSite\",\"@id\":\"https:\/\/kuati.fi\/ak\/#website\",\"url\":\"https:\/\/kuati.fi\/ak\/\",\"name\":\"Ku\u00e1ti.fi\",\"description\":\"Saamelaisk\u00e4r\u00e4j\u00e4t - Sarkaste hanke\",\"publisher\":{\"@id\":\"https:\/\/kuati.fi\/ak\/#organization\"},\"potentialAction\":[{\"@type\":\"SearchAction\",\"target\":{\"@type\":\"EntryPoint\",\"urlTemplate\":\"https:\/\/kuati.fi\/ak\/?s={search_term_string}\"},\"query-input\":{\"@type\":\"PropertyValueSpecification\",\"valueRequired\":true,\"valueName\":\"search_term_string\"}}],\"inLanguage\":\"ak\"},{\"@type\":\"Organization\",\"@id\":\"https:\/\/kuati.fi\/ak\/#organization\",\"name\":\"Ku\u00e1ti.fi\",\"url\":\"https:\/\/kuati.fi\/ak\/\",\"logo\":{\"@type\":\"ImageObject\",\"inLanguage\":\"ak\",\"@id\":\"https:\/\/kuati.fi\/ak\/#\/schema\/logo\/image\/\",\"url\":\"https:\/\/kuati.fi\/wp-content\/uploads\/2019\/11\/Kuati-logo-full.png\",\"contentUrl\":\"https:\/\/kuati.fi\/wp-content\/uploads\/2019\/11\/Kuati-logo-full.png\",\"width\":673,\"height\":410,\"caption\":\"Ku\u00e1ti.fi\"},\"image\":{\"@id\":\"https:\/\/kuati.fi\/ak\/#\/schema\/logo\/image\/\"}}]}<\/script>\n<!-- \/ Yoast SEO plugin. -->","yoast_head_json":{"title":"T\u00e1vj\u00e1 koij\u00e2dum ko\u010d\u010d\u00e2mu\u0161ah - Ku\u00e1ti.fi","robots":{"index":"index","follow":"follow","max-snippet":"max-snippet:-1","max-image-preview":"max-image-preview:large","max-video-preview":"max-video-preview:-1"},"canonical":"https:\/\/kuati.fi\/ak\/tavja-koijadum-koccamusah\/","og_locale":"en_US","og_type":"article","og_title":"T\u00e1vj\u00e1 koij\u00e2dum ko\u010d\u010d\u00e2mu\u0161ah - Ku\u00e1ti.fi","og_description":"[vc_row][vc_column width=&#8221;1\/1&#8243;][vc_column_text uncode_shortcode_id=&#8221;221796&#8243;] T\u00e1vj\u00e1 koij\u00e2dum ko\u010d\u010d\u00e2mu\u0161ah &nbsp; &nbsp; Mon kiel\u00e2n Ku\u00e1ti-materiaalpa\u014bkki lii? Siij\u0111oi tekst\u00e2materiaal lii i\u00e4n\u00e1\u00e1\u0161 puoh kuulm\u00e2 Suom\u00e2st sarnum [&hellip;]","og_url":"https:\/\/kuati.fi\/ak\/tavja-koijadum-koccamusah\/","og_site_name":"Ku\u00e1ti.fi","article_modified_time":"2022-11-28T14:14:55+00:00","twitter_card":"summary_large_image","twitter_misc":{"Est. reading time":"2 minutes"},"schema":{"@context":"https:\/\/schema.org","@graph":[{"@type":"WebPage","@id":"https:\/\/kuati.fi\/ak\/tavja-koijadum-koccamusah\/","url":"https:\/\/kuati.fi\/ak\/tavja-koijadum-koccamusah\/","name":"T\u00e1vj\u00e1 koij\u00e2dum ko\u010d\u010d\u00e2mu\u0161ah - Ku\u00e1ti.fi","isPartOf":{"@id":"https:\/\/kuati.fi\/ak\/#website"},"datePublished":"2022-11-28T13:24:20+00:00","dateModified":"2022-11-28T14:14:55+00:00","breadcrumb":{"@id":"https:\/\/kuati.fi\/ak\/tavja-koijadum-koccamusah\/#breadcrumb"},"inLanguage":"ak","potentialAction":[{"@type":"ReadAction","target":["https:\/\/kuati.fi\/ak\/tavja-koijadum-koccamusah\/"]}]},{"@type":"BreadcrumbList","@id":"https:\/\/kuati.fi\/ak\/tavja-koijadum-koccamusah\/#breadcrumb","itemListElement":[{"@type":"ListItem","position":1,"name":"Home","item":"https:\/\/kuati.fi\/ak\/"},{"@type":"ListItem","position":2,"name":"T\u00e1vj\u00e1 koij\u00e2dum ko\u010d\u010d\u00e2mu\u0161ah"}]},{"@type":"WebSite","@id":"https:\/\/kuati.fi\/ak\/#website","url":"https:\/\/kuati.fi\/ak\/","name":"Ku\u00e1ti.fi","description":"Saamelaisk\u00e4r\u00e4j\u00e4t - Sarkaste hanke","publisher":{"@id":"https:\/\/kuati.fi\/ak\/#organization"},"potentialAction":[{"@type":"SearchAction","target":{"@type":"EntryPoint","urlTemplate":"https:\/\/kuati.fi\/ak\/?s={search_term_string}"},"query-input":{"@type":"PropertyValueSpecification","valueRequired":true,"valueName":"search_term_string"}}],"inLanguage":"ak"},{"@type":"Organization","@id":"https:\/\/kuati.fi\/ak\/#organization","name":"Ku\u00e1ti.fi","url":"https:\/\/kuati.fi\/ak\/","logo":{"@type":"ImageObject","inLanguage":"ak","@id":"https:\/\/kuati.fi\/ak\/#\/schema\/logo\/image\/","url":"https:\/\/kuati.fi\/wp-content\/uploads\/2019\/11\/Kuati-logo-full.png","contentUrl":"https:\/\/kuati.fi\/wp-content\/uploads\/2019\/11\/Kuati-logo-full.png","width":673,"height":410,"caption":"Ku\u00e1ti.fi"},"image":{"@id":"https:\/\/kuati.fi\/ak\/#\/schema\/logo\/image\/"}}]}},"_links":{"self":[{"href":"https:\/\/kuati.fi\/ak\/wp-json\/wp\/v2\/pages\/10727","targetHints":{"allow":["GET"]}}],"collection":[{"href":"https:\/\/kuati.fi\/ak\/wp-json\/wp\/v2\/pages"}],"about":[{"href":"https:\/\/kuati.fi\/ak\/wp-json\/wp\/v2\/types\/page"}],"author":[{"embeddable":true,"href":"https:\/\/kuati.fi\/ak\/wp-json\/wp\/v2\/users\/17"}],"replies":[{"embeddable":true,"href":"https:\/\/kuati.fi\/ak\/wp-json\/wp\/v2\/comments?post=10727"}],"version-history":[{"count":4,"href":"https:\/\/kuati.fi\/ak\/wp-json\/wp\/v2\/pages\/10727\/revisions"}],"predecessor-version":[{"id":10739,"href":"https:\/\/kuati.fi\/ak\/wp-json\/wp\/v2\/pages\/10727\/revisions\/10739"}],"wp:attachment":[{"href":"https:\/\/kuati.fi\/ak\/wp-json\/wp\/v2\/media?parent=10727"}],"curies":[{"name":"wp","href":"https:\/\/api.w.org\/{rel}","templated":true}]}}