{"id":1045,"date":"2019-12-19T21:23:07","date_gmt":"2019-12-19T21:23:07","guid":{"rendered":"https:\/\/kuati.fi\/etusivu-2\/"},"modified":"2020-10-28T15:31:06","modified_gmt":"2020-10-28T13:31:06","slug":"etusivu-2","status":"publish","type":"page","link":"https:\/\/kuati.fi\/ak\/","title":{"rendered":"Haku"},"content":{"rendered":"<p>[vc_row][vc_column width=&#8221;1\/1&#8243;][vc_empty_space empty_h=&#8221;2&#8243;][\/vc_column][\/vc_row][vc_row row_height_percent=&#8221;0&#8243; overlay_alpha=&#8221;50&#8243; gutter_size=&#8221;3&#8243; column_width_percent=&#8221;100&#8243; shift_y=&#8221;0&#8243; z_index=&#8221;0&#8243; el_class=&#8221;filter-row&#8221;][vc_column width=&#8221;1\/1&#8243;][vc_raw_html]W3NlYXJjaGFuZGZpbHRlciBpZD0iMTA0MiIgc2hvdz0icmVzdWx0cyJd[\/vc_raw_html][\/vc_column][\/vc_row]<\/p>\n","protected":false},"excerpt":{"rendered":"<p>[vc_row][vc_column width=&#8221;1\/1&#8243;][vc_empty_space empty_h=&#8221;2&#8243;][\/vc_column][\/vc_row][vc_row row_height_percent=&#8221;0&#8243; overlay_alpha=&#8221;50&#8243; gutter_size=&#8221;3&#8243; column_width_percent=&#8221;100&#8243; shift_y=&#8221;0&#8243; z_index=&#8221;0&#8243; el_class=&#8221;filter-row&#8221;][vc_column width=&#8221;1\/1&#8243;][vc_raw_html]W3NlYXJjaGFuZGZpbHRlciBpZD0iMTA0MiIgc2hvdz0icmVzdWx0cyJd[\/vc_raw_html][\/vc_column][\/vc_row]<\/p>\n","protected":false},"author":1,"featured_media":0,"parent":0,"menu_order":0,"comment_status":"closed","ping_status":"closed","template":"","meta":{"footnotes":""},"class_list":["post-1045","page","type-page","status-publish","hentry"],"yoast_head":"<!-- This site is optimized with the Yoast SEO plugin v27.0 - https:\/\/yoast.com\/product\/yoast-seo-wordpress\/ -->\n<title>Haku - Ku\u00e1ti.fi<\/title>\n<meta name=\"robots\" content=\"index, follow, max-snippet:-1, max-image-preview:large, max-video-preview:-1\" \/>\n<link rel=\"canonical\" href=\"https:\/\/kuati.fi\/ak\/\" \/>\n<meta property=\"og:locale\" content=\"en_US\" \/>\n<meta property=\"og:type\" content=\"article\" \/>\n<meta property=\"og:title\" content=\"Haku - Ku\u00e1ti.fi\" \/>\n<meta property=\"og:description\" content=\"[vc_row][vc_column width=&#8221;1\/1&#8243;][vc_empty_space empty_h=&#8221;2&#8243;][\/vc_column][\/vc_row][vc_row row_height_percent=&#8221;0&#8243; overlay_alpha=&#8221;50&#8243; gutter_size=&#8221;3&#8243; column_width_percent=&#8221;100&#8243; shift_y=&#8221;0&#8243; z_index=&#8221;0&#8243; el_class=&#8221;filter-row&#8221;][vc_column width=&#8221;1\/1&#8243;][vc_raw_html]W3NlYXJjaGFuZGZpbHRlciBpZD0iMTA0MiIgc2hvdz0icmVzdWx0cyJd[\/vc_raw_html][\/vc_column][\/vc_row]\" \/>\n<meta property=\"og:url\" content=\"https:\/\/kuati.fi\/ak\/\" \/>\n<meta property=\"og:site_name\" content=\"Ku\u00e1ti.fi\" \/>\n<meta property=\"article:modified_time\" content=\"2020-10-28T13:31:06+00:00\" \/>\n<meta name=\"twitter:card\" content=\"summary_large_image\" \/>\n<script type=\"application\/ld+json\" class=\"yoast-schema-graph\">{\"@context\":\"https:\/\/schema.org\",\"@graph\":[{\"@type\":\"WebPage\",\"@id\":\"https:\/\/kuati.fi\/ak\/\",\"url\":\"https:\/\/kuati.fi\/ak\/\",\"name\":\"Haku - Ku\u00e1ti.fi\",\"isPartOf\":{\"@id\":\"https:\/\/kuati.fi\/ak\/#website\"},\"datePublished\":\"2019-12-19T21:23:07+00:00\",\"dateModified\":\"2020-10-28T13:31:06+00:00\",\"breadcrumb\":{\"@id\":\"https:\/\/kuati.fi\/ak\/#breadcrumb\"},\"inLanguage\":\"ak\",\"potentialAction\":[{\"@type\":\"ReadAction\",\"target\":[\"https:\/\/kuati.fi\/ak\/\"]}]},{\"@type\":\"BreadcrumbList\",\"@id\":\"https:\/\/kuati.fi\/ak\/#breadcrumb\",\"itemListElement\":[{\"@type\":\"ListItem\",\"position\":1,\"name\":\"Home\",\"item\":\"https:\/\/kuati.fi\/ak\/\"},{\"@type\":\"ListItem\",\"position\":2,\"name\":\"Haku\"}]},{\"@type\":\"WebSite\",\"@id\":\"https:\/\/kuati.fi\/ak\/#website\",\"url\":\"https:\/\/kuati.fi\/ak\/\",\"name\":\"Ku\u00e1ti.fi\",\"description\":\"Saamelaisk\u00e4r\u00e4j\u00e4t - Sarkaste hanke\",\"publisher\":{\"@id\":\"https:\/\/kuati.fi\/ak\/#organization\"},\"potentialAction\":[{\"@type\":\"SearchAction\",\"target\":{\"@type\":\"EntryPoint\",\"urlTemplate\":\"https:\/\/kuati.fi\/ak\/?s={search_term_string}\"},\"query-input\":{\"@type\":\"PropertyValueSpecification\",\"valueRequired\":true,\"valueName\":\"search_term_string\"}}],\"inLanguage\":\"ak\"},{\"@type\":\"Organization\",\"@id\":\"https:\/\/kuati.fi\/ak\/#organization\",\"name\":\"Ku\u00e1ti.fi\",\"url\":\"https:\/\/kuati.fi\/ak\/\",\"logo\":{\"@type\":\"ImageObject\",\"inLanguage\":\"ak\",\"@id\":\"https:\/\/kuati.fi\/ak\/#\/schema\/logo\/image\/\",\"url\":\"https:\/\/kuati.fi\/wp-content\/uploads\/2019\/11\/Kuati-logo-full.png\",\"contentUrl\":\"https:\/\/kuati.fi\/wp-content\/uploads\/2019\/11\/Kuati-logo-full.png\",\"width\":673,\"height\":410,\"caption\":\"Ku\u00e1ti.fi\"},\"image\":{\"@id\":\"https:\/\/kuati.fi\/ak\/#\/schema\/logo\/image\/\"}}]}<\/script>\n<!-- \/ Yoast SEO plugin. -->","yoast_head_json":{"title":"Haku - Ku\u00e1ti.fi","robots":{"index":"index","follow":"follow","max-snippet":"max-snippet:-1","max-image-preview":"max-image-preview:large","max-video-preview":"max-video-preview:-1"},"canonical":"https:\/\/kuati.fi\/ak\/","og_locale":"en_US","og_type":"article","og_title":"Haku - Ku\u00e1ti.fi","og_description":"[vc_row][vc_column width=&#8221;1\/1&#8243;][vc_empty_space empty_h=&#8221;2&#8243;][\/vc_column][\/vc_row][vc_row row_height_percent=&#8221;0&#8243; overlay_alpha=&#8221;50&#8243; gutter_size=&#8221;3&#8243; column_width_percent=&#8221;100&#8243; shift_y=&#8221;0&#8243; z_index=&#8221;0&#8243; el_class=&#8221;filter-row&#8221;][vc_column width=&#8221;1\/1&#8243;][vc_raw_html]W3NlYXJjaGFuZGZpbHRlciBpZD0iMTA0MiIgc2hvdz0icmVzdWx0cyJd[\/vc_raw_html][\/vc_column][\/vc_row]","og_url":"https:\/\/kuati.fi\/ak\/","og_site_name":"Ku\u00e1ti.fi","article_modified_time":"2020-10-28T13:31:06+00:00","twitter_card":"summary_large_image","schema":{"@context":"https:\/\/schema.org","@graph":[{"@type":"WebPage","@id":"https:\/\/kuati.fi\/ak\/","url":"https:\/\/kuati.fi\/ak\/","name":"Haku - Ku\u00e1ti.fi","isPartOf":{"@id":"https:\/\/kuati.fi\/ak\/#website"},"datePublished":"2019-12-19T21:23:07+00:00","dateModified":"2020-10-28T13:31:06+00:00","breadcrumb":{"@id":"https:\/\/kuati.fi\/ak\/#breadcrumb"},"inLanguage":"ak","potentialAction":[{"@type":"ReadAction","target":["https:\/\/kuati.fi\/ak\/"]}]},{"@type":"BreadcrumbList","@id":"https:\/\/kuati.fi\/ak\/#breadcrumb","itemListElement":[{"@type":"ListItem","position":1,"name":"Home","item":"https:\/\/kuati.fi\/ak\/"},{"@type":"ListItem","position":2,"name":"Haku"}]},{"@type":"WebSite","@id":"https:\/\/kuati.fi\/ak\/#website","url":"https:\/\/kuati.fi\/ak\/","name":"Ku\u00e1ti.fi","description":"Saamelaisk\u00e4r\u00e4j\u00e4t - Sarkaste hanke","publisher":{"@id":"https:\/\/kuati.fi\/ak\/#organization"},"potentialAction":[{"@type":"SearchAction","target":{"@type":"EntryPoint","urlTemplate":"https:\/\/kuati.fi\/ak\/?s={search_term_string}"},"query-input":{"@type":"PropertyValueSpecification","valueRequired":true,"valueName":"search_term_string"}}],"inLanguage":"ak"},{"@type":"Organization","@id":"https:\/\/kuati.fi\/ak\/#organization","name":"Ku\u00e1ti.fi","url":"https:\/\/kuati.fi\/ak\/","logo":{"@type":"ImageObject","inLanguage":"ak","@id":"https:\/\/kuati.fi\/ak\/#\/schema\/logo\/image\/","url":"https:\/\/kuati.fi\/wp-content\/uploads\/2019\/11\/Kuati-logo-full.png","contentUrl":"https:\/\/kuati.fi\/wp-content\/uploads\/2019\/11\/Kuati-logo-full.png","width":673,"height":410,"caption":"Ku\u00e1ti.fi"},"image":{"@id":"https:\/\/kuati.fi\/ak\/#\/schema\/logo\/image\/"}}]}},"_links":{"self":[{"href":"https:\/\/kuati.fi\/ak\/wp-json\/wp\/v2\/pages\/1045","targetHints":{"allow":["GET"]}}],"collection":[{"href":"https:\/\/kuati.fi\/ak\/wp-json\/wp\/v2\/pages"}],"about":[{"href":"https:\/\/kuati.fi\/ak\/wp-json\/wp\/v2\/types\/page"}],"author":[{"embeddable":true,"href":"https:\/\/kuati.fi\/ak\/wp-json\/wp\/v2\/users\/1"}],"replies":[{"embeddable":true,"href":"https:\/\/kuati.fi\/ak\/wp-json\/wp\/v2\/comments?post=1045"}],"version-history":[{"count":4,"href":"https:\/\/kuati.fi\/ak\/wp-json\/wp\/v2\/pages\/1045\/revisions"}],"predecessor-version":[{"id":9650,"href":"https:\/\/kuati.fi\/ak\/wp-json\/wp\/v2\/pages\/1045\/revisions\/9650"}],"wp:attachment":[{"href":"https:\/\/kuati.fi\/ak\/wp-json\/wp\/v2\/media?parent=1045"}],"curies":[{"name":"wp","href":"https:\/\/api.w.org\/{rel}","templated":true}]}}